 {"id":30078,"date":"2023-11-14T12:26:32","date_gmt":"2023-11-14T11:26:32","guid":{"rendered":"https:\/\/greendisc.dev-project.digital\/\/product\/klimadeluxe-leistungsstarkes-mobiles-klimageraet-12000-btu-intelligente-klimaanlage-mit-wifi-und-app-inkl-fensterdichtungssatz\/"},"modified":"2024-12-16T09:34:29","modified_gmt":"2024-12-16T08:34:29","slug":"klimadeluxe-leistungsstarkes-mobiles-klimageraet-12000-btu-intelligente-klimaanlage-mit-wifi-und-app-inkl-fensterdichtungssatz","status":"publish","type":"product","link":"https:\/\/greendisc.dev-project.digital\/de\/produkt\/klimadeluxe-leistungsstarkes-mobiles-klimageraet-12000-btu-intelligente-klimaanlage-mit-wifi-und-app-inkl-fensterdichtungssatz\/","title":{"rendered":"Klimadeluxe &#8211; Leistungsstarkes mobiles Klimager\u00e4t &#8211; 12000 btu &#8211; Intelligente Klimaanlage mit WiFi und App &#8211; inkl. Fensterdichtungssatz"},"content":{"rendered":"<p><meta charset=\"UTF-8\"><\/p>\n<p><strong>Sie haben ihn gefunden!<\/strong> <br \/>Der Klimadeluxe Smart Airco 12.000 btu inkl. WIFI (TUYA) ist die perfekte mobile Klimaanlage, die an hei\u00dfen Tagen f\u00fcr wunderbare Abk\u00fchlung sorgt. Dieses Klimager\u00e4t ist dank der Kopplung mit Tuya eine innovative und intelligente L\u00f6sung f\u00fcr Ihr Zuhause. Das bedeutet, dass Sie \u00fcber die Smart Life App f\u00fcr Ihr Telefon oder Tablet die Klimaanlage ganz einfach aus der Ferne steuern k\u00f6nnen. Sie geben die gew\u00fcnschte Temperatur ein und dank des eingebauten Thermostats wird der Rest automatisch geregelt.<br \/>Vorbei sind die schlaflosen N\u00e4chte und die unangenehmen Temperaturen mit endlosem Schwitzen!<\/p>\n<p><strong>Preis-Qualit\u00e4ts-Topper!  <br \/><\/strong>Der Klimadeluxe 12.000 btu ist preisg\u00fcnstig, ohne Kompromisse bei der Qualit\u00e4t einzugehen. Klimadeluxe verwendet hochwertige und leistungsstarke Komponenten, wodurch das Klimager\u00e4t viele andere mobile Klimager\u00e4te \u00fcbertrifft und eine lange Lebensdauer hat.<br \/>Da das Klimager\u00e4t energieeffizient ist, f\u00e4llt es in die <strong>Energieklasse A<\/strong>!<br \/>Sie k\u00f6nnen die Airco steuern, ohne das Sofa zu verlassen, \u00fcber die mitgelieferte Fernbedienung oder sogar, wenn Sie nicht zu Hause sind, \u00fcber die App auf Ihrem Handy! Nat\u00fcrlich m\u00f6chten Sie nicht v\u00f6llig von der Fernbedienung abh\u00e4ngig sein. Daher l\u00e4sst sich die Klimaanlage auch ganz einfach \u00fcber das sch\u00f6ne, elegante Display einstellen.<\/p>\n<p>Diese Version mit einer K\u00fchlleistung von 12.000 btu ist f\u00fcr R\u00e4ume ab 12m2 gedacht und eignet sich f\u00fcr R\u00e4ume bis etwa 40-50m2! (Bodenfl\u00e4che), aber das kann je nach Umgebung\/Situation variieren.<\/p>\n<p>Das Ger\u00e4t verf\u00fcgt \u00fcber 3 einstellbare Funktionen: K\u00fchlen &#8211; Entfeuchten &#8211; Bel\u00fcften. Das digitale Bedienfeld bietet viele Optionen, wie z.B. Schlafmodus, Timer, Luftentfeuchter und Kindersicherung.<br \/>Im Smart-Modus werden die Modi K\u00dcHLEN und L\u00dcFTEN automatisch in Abh\u00e4ngigkeit von der Raumtemperatur gesteuert.<\/p>\n<p><strong>Mobil ist wirklich mobil!<\/strong><br \/>Mit seinem kompakten Modell und den stabilen Schwenkr\u00e4dern l\u00e4sst sich das Ger\u00e4t leicht dorthin rollen, wo es gebraucht wird, und wenn die hei\u00dfen Zeiten vorbei sind, kann das Klimager\u00e4t ordentlich verstaut werden.  <\/p>\n<p>Nat\u00fcrlich verwendet Klimadeluxe auch das nachhaltige Gas R290. Dadurch wird das globale Erw\u00e4rmungspotenzial (GWP) im Vergleich zu R410a um 99,8% reduziert.  <br \/>Dieses Modell ist mit 250 g gef\u00fcllt, was Sie bei vielen anderen Marken nicht finden werden.<\/p>\n<p><strong>Hinweis, wichtig<\/strong><\/p>\n<ul>\n<li>Sie ben\u00f6tigen ein Fenster oder eine T\u00fcr nach drau\u00dfen, um den Schlauch dorthin zu f\u00fchren, damit die warme Luft nach drau\u00dfen geleitet werden kann &#8211; der Abluftschlauch ist 150 cm lang und sollte nicht verl\u00e4ngert werden<\/li>\n<li>Schalten Sie die Klimaanlage eine Stunde vorher ein, um ein optimales K\u00fchlergebnis zu erzielen.<\/li>\n<li>Bei der ersten Verwendung: Lassen Sie das Ger\u00e4t 24 Stunden lang aufrecht auf einer ebenen Fl\u00e4che stehen, bevor Sie es einschalten.<\/li>\n<\/ul>\n<p><strong>H\u00f6hepunkte<\/strong><\/p>\n<ul>\n<li>Steuern Sie Ihr Klimager\u00e4t aus der Ferne<\/li>\n<li>K\u00fchlen, Entfeuchten oder L\u00fcften in einem Ger\u00e4t<\/li>\n<li>Leicht zu bewegen dank der R\u00e4der unter dem Ger\u00e4t<\/li>\n<li>Auf 3 Arten steuerbar: Ger\u00e4t, Fernbedienung oder \u00fcber die App auf Ihrem Telefon\/Tablet<\/li>\n<\/ul>\n<p><strong>Spezifikationen:<\/strong><\/p>\n<ul>\n<li>Energieklasse: A<\/li>\n<li>Fluggeschwindigkeit (m\/s) : 26m\/s<\/li>\n<li>Luftverdr\u00e4ngung max (m3\/Stunde) : 400m\u00b3\/h<\/li>\n<li>Einstellbarer Winkel des horizontalen Luftstroms: 120 Grad<\/li>\n<li>Einstellbarer Winkel des vertikalen Luftstroms : 80 Grad<\/li>\n<li>Nennleistung der K\u00fchlung: 1340W\/5.8A<\/li>\n<li>K\u00fchlleistung: 12.000 BTU<\/li>\n<li>Kordell\u00e4nge: 175cm<\/li>\n<li>Ger\u00e4uschpegel: \u2264 65 dB(A)<\/li>\n<li>Maximale Menge an K\u00e4ltemittel: R290\/250g<\/li>\n<li>L\u00e4nge des Abflussschlauchs: 150 cm. Sie darf nicht verl\u00e4ngert werden<\/li>\n<li>Abmessungen: 80,6 x 37,3 x 40,1 cm (H x T x B)<\/li>\n<li>Gewicht: 27 kg<\/li>\n<\/ul>\n<p><strong>Bitte beachten Sie, dass das Verpackungsgewicht f\u00fcr diesen Artikel 34kg betr\u00e4gt.<\/strong><\/p>\n","protected":false},"excerpt":{"rendered":"<p>Sie haben ihn gefunden!Der Klimadeluxe Smart Airco 12.000 btu inkl. WIFI (TUYA) ist die perfekte mobile Klimaanlage, die an hei\u00dfen Tagen f\u00fcr wunderbare Abk\u00fchlung sorgt.<\/p>\n","protected":false},"featured_media":25495,"template":"","meta":[],"product_brand":[],"product_cat":[350,560],"product_tag":[],"class_list":{"0":"post-30078","1":"product","2":"type-product","3":"status-publish","4":"has-post-thumbnail","6":"product_cat-aeronautik","7":"product_cat-mobile-klimagerate","9":"first","10":"instock","11":"sale","12":"taxable","13":"shipping-taxable","14":"purchasable","15":"product-type-simple"},"_links":{"self":[{"href":"https:\/\/greendisc.dev-project.digital\/de\/wp-json\/wp\/v2\/product\/30078","targetHints":{"allow":["GET"]}}],"collection":[{"href":"https:\/\/greendisc.dev-project.digital\/de\/wp-json\/wp\/v2\/product"}],"about":[{"href":"https:\/\/greendisc.dev-project.digital\/de\/wp-json\/wp\/v2\/types\/product"}],"version-history":[{"count":0,"href":"https:\/\/greendisc.dev-project.digital\/de\/wp-json\/wp\/v2\/product\/30078\/revisions"}],"wp:featuredmedia":[{"embeddable":true,"href":"https:\/\/greendisc.dev-project.digital\/de\/wp-json\/wp\/v2\/media\/25495"}],"wp:attachment":[{"href":"https:\/\/greendisc.dev-project.digital\/de\/wp-json\/wp\/v2\/media?parent=30078"}],"wp:term":[{"taxonomy":"product_brand","embeddable":true,"href":"https:\/\/greendisc.dev-project.digital\/de\/wp-json\/wp\/v2\/product_brand?post=30078"},{"taxonomy":"product_cat","embeddable":true,"href":"https:\/\/greendisc.dev-project.digital\/de\/wp-json\/wp\/v2\/product_cat?post=30078"},{"taxonomy":"product_tag","embeddable":true,"href":"https:\/\/greendisc.dev-project.digital\/de\/wp-json\/wp\/v2\/product_tag?post=30078"}],"curies":[{"name":"wp","href":"https:\/\/api.w.org\/{rel}","templated":true}]}}