 {"id":30068,"date":"2023-11-14T12:22:51","date_gmt":"2023-11-14T11:22:51","guid":{"rendered":"https:\/\/greendisc.dev-project.digital\/\/product\/dimlux-alpha-optics-aufsatzreflektoren\/"},"modified":"2024-12-16T09:34:26","modified_gmt":"2024-12-16T08:34:26","slug":"dimlux-alpha-optics-aufsatzreflektoren","status":"publish","type":"product","link":"https:\/\/greendisc.dev-project.digital\/de\/produkt\/dimlux-alpha-optics-aufsatzreflektoren\/","title":{"rendered":"Dimlux Alpha Optics, Aufsatzreflektoren"},"content":{"rendered":"<p>Verhindern Sie Reflexionsverluste mit dem Dimlux Ultra Optics 98 Add-On Reflektor.<br \/>\n<br data-mce-fragment=\"1\">Mit dem Dimlux Ultra Optics 98 Add-On Reflektor minimieren Sie Reflexionsverluste, indem Sie Ihren Reflektor erweitern. Diese Add-Ons sind aus Miro 95 Hammerhead-Spiegeln gefertigt und haben eine Reflektivit\u00e4t von bis zu 95%.<br \/>\nDie Add-on-Reflektoren lassen sich einfach auf die verstellbaren Reflektoren des Ultra Optics 98 montieren.<\/p>\n<p>Die Zusatzreflektoren sind in 2 Varianten erh\u00e4ltlich. Eine ist f\u00fcr die langen Seiten und die andere f\u00fcr die kurzen Seiten der Lampe und wird in 2 St\u00fcck geliefert.<\/p>\n","protected":false},"excerpt":{"rendered":"<p>Verhindern Sie Reflexionsverluste mit dem Dimlux Ultra Optics 98 Add-On Reflektor.Mit dem Dimlux Ultra Optics 98 Add-On Reflektor minimieren Sie Reflexionsverluste, indem Sie Ihren Reflektor erweitern.<\/p>\n","protected":false},"featured_media":27081,"template":"","meta":[],"product_brand":[],"product_cat":[337,534],"product_tag":[],"class_list":{"0":"post-30068","1":"product","2":"type-product","3":"status-publish","4":"has-post-thumbnail","6":"product_cat-beleuchtung","7":"product_cat-reflektoren","9":"first","10":"instock","11":"taxable","12":"shipping-taxable","13":"purchasable","14":"product-type-simple"},"_links":{"self":[{"href":"https:\/\/greendisc.dev-project.digital\/de\/wp-json\/wp\/v2\/product\/30068","targetHints":{"allow":["GET"]}}],"collection":[{"href":"https:\/\/greendisc.dev-project.digital\/de\/wp-json\/wp\/v2\/product"}],"about":[{"href":"https:\/\/greendisc.dev-project.digital\/de\/wp-json\/wp\/v2\/types\/product"}],"version-history":[{"count":0,"href":"https:\/\/greendisc.dev-project.digital\/de\/wp-json\/wp\/v2\/product\/30068\/revisions"}],"wp:featuredmedia":[{"embeddable":true,"href":"https:\/\/greendisc.dev-project.digital\/de\/wp-json\/wp\/v2\/media\/27081"}],"wp:attachment":[{"href":"https:\/\/greendisc.dev-project.digital\/de\/wp-json\/wp\/v2\/media?parent=30068"}],"wp:term":[{"taxonomy":"product_brand","embeddable":true,"href":"https:\/\/greendisc.dev-project.digital\/de\/wp-json\/wp\/v2\/product_brand?post=30068"},{"taxonomy":"product_cat","embeddable":true,"href":"https:\/\/greendisc.dev-project.digital\/de\/wp-json\/wp\/v2\/product_cat?post=30068"},{"taxonomy":"product_tag","embeddable":true,"href":"https:\/\/greendisc.dev-project.digital\/de\/wp-json\/wp\/v2\/product_tag?post=30068"}],"curies":[{"name":"wp","href":"https:\/\/api.w.org\/{rel}","templated":true}]}}