 {"id":30062,"date":"2023-11-14T12:26:13","date_gmt":"2023-11-14T11:26:13","guid":{"rendered":"https:\/\/greendisc.dev-project.digital\/\/product\/hammerhai\/"},"modified":"2024-12-16T09:34:24","modified_gmt":"2024-12-16T08:34:24","slug":"hammerhai","status":"publish","type":"product","link":"https:\/\/greendisc.dev-project.digital\/de\/produkt\/hammerhai\/","title":{"rendered":"Hammerhai"},"content":{"rendered":"<p>Der altbew\u00e4hrte Hammerhai. Funktioniert perfekt f\u00fcr 400w, 600w einseitig gesockelte Gl\u00fchbirnen.<\/p>\n","protected":false},"excerpt":{"rendered":"<p>Der altbew\u00e4hrte Hammerhai. Funktioniert perfekt f\u00fcr 400w, 600w einseitig gesockelte Gl\u00fchbirnen.<\/p>\n","protected":false},"featured_media":25457,"template":"","meta":[],"product_brand":[],"product_cat":[337,534],"product_tag":[],"class_list":{"0":"post-30062","1":"product","2":"type-product","3":"status-publish","4":"has-post-thumbnail","6":"product_cat-beleuchtung","7":"product_cat-reflektoren","9":"first","10":"instock","11":"taxable","12":"shipping-taxable","13":"purchasable","14":"product-type-simple"},"_links":{"self":[{"href":"https:\/\/greendisc.dev-project.digital\/de\/wp-json\/wp\/v2\/product\/30062","targetHints":{"allow":["GET"]}}],"collection":[{"href":"https:\/\/greendisc.dev-project.digital\/de\/wp-json\/wp\/v2\/product"}],"about":[{"href":"https:\/\/greendisc.dev-project.digital\/de\/wp-json\/wp\/v2\/types\/product"}],"version-history":[{"count":0,"href":"https:\/\/greendisc.dev-project.digital\/de\/wp-json\/wp\/v2\/product\/30062\/revisions"}],"wp:featuredmedia":[{"embeddable":true,"href":"https:\/\/greendisc.dev-project.digital\/de\/wp-json\/wp\/v2\/media\/25457"}],"wp:attachment":[{"href":"https:\/\/greendisc.dev-project.digital\/de\/wp-json\/wp\/v2\/media?parent=30062"}],"wp:term":[{"taxonomy":"product_brand","embeddable":true,"href":"https:\/\/greendisc.dev-project.digital\/de\/wp-json\/wp\/v2\/product_brand?post=30062"},{"taxonomy":"product_cat","embeddable":true,"href":"https:\/\/greendisc.dev-project.digital\/de\/wp-json\/wp\/v2\/product_cat?post=30062"},{"taxonomy":"product_tag","embeddable":true,"href":"https:\/\/greendisc.dev-project.digital\/de\/wp-json\/wp\/v2\/product_tag?post=30062"}],"curies":[{"name":"wp","href":"https:\/\/api.w.org\/{rel}","templated":true}]}}