 {"id":30057,"date":"2023-11-14T12:17:20","date_gmt":"2023-11-14T11:17:20","guid":{"rendered":"https:\/\/greendisc.dev-project.digital\/\/product\/adjust-a-wing-schirm-medium-komplett-mit-beschlag-und-spreizer\/"},"modified":"2024-12-16T09:34:20","modified_gmt":"2024-12-16T08:34:20","slug":"adjust-a-wing-schirm-medium-komplett-mit-beschlag-und-spreizer","status":"publish","type":"product","link":"https:\/\/greendisc.dev-project.digital\/de\/produkt\/adjust-a-wing-schirm-medium-komplett-mit-beschlag-und-spreizer\/","title":{"rendered":"Adjust-a-wing-Schirm Medium, komplett mit Beschlag und Spreizer"},"content":{"rendered":"<p><meta charset=\"utf-8\"><\/p>\n<div data-mce-fragment=\"1\"><strong data-mce-fragment=\"1\">Warum sind Adjust-A-Wings die besten Reflektoren?<\/strong><\/div>\n<div data-mce-fragment=\"1\">Verstellbarer Doppel-Parabolreflektor.<\/div>\n<div data-mce-fragment=\"1\">Die Einstellung des Reflektors erfolgt mit einem Edelstahlseil durch die Schl\u00fcssell\u00f6cher des Schirms. Dadurch spannt sich die Kapuze wie ein Bogen von einem breiten zu einem tiefen Balken. Durch die perfekten Doppelparabeln, die nach der Montage entstehen, wird das Licht besser und breiter verteilt und die W\u00e4rme gleichm\u00e4\u00dfiger um die Lampe herum abgeleitet.<br data-mce-fragment=\"1\"><br data-mce-fragment=\"1\"><strong data-mce-fragment=\"1\">Flexibles glasbeschichtetes Aluminium.<\/strong><br data-mce-fragment=\"1\">Auf der Innenseite der Reflektorplatte wird eine d\u00fcnne, flexible Glasschicht auf das Aluminium aufgebracht. Diese wertvolle Verarbeitung macht das Aluminium zu 97% reflektierend und sch\u00fctzt es vor Korrosion. Dies gew\u00e4hrleistet eine Reflexion \u00fcber viele Jahre hinweg. Die Pflege ist einfach, wenn Sie sie mit einem weichen Tuch und Glasreiniger reinigen.<br data-mce-fragment=\"1\"><strong data-mce-fragment=\"1\"><br data-mce-fragment=\"1\">Sorgt f\u00fcr eine breitere, gleichm\u00e4\u00dfige Verteilung des Lichts<\/strong>\n<\/div>\n<div data-mce-fragment=\"1\">Indem Sie mit den Kabeln Anpassungen vornehmen, k\u00f6nnen Sie einen tiefstrahlenden Reflektor und einen breitstrahlenden Reflektor herstellen. Wenn die Lampe hoch \u00fcber der Ernte h\u00e4ngt, wird ein tiefer Strahl ben\u00f6tigt, um eine gr\u00f6\u00dfere Fl\u00e4che intensiv zu beleuchten. Wenn die Lampe jedoch n\u00e4her an die Pflanze herankommt, sollte der Schirm breiter sein, um einen gr\u00f6\u00dferen Bereich zu beleuchten.<\/div>\n<div data-mce-fragment=\"1\">So wird das Bl\u00e4tterdach hoch \u00fcber der Ernte st\u00e4rker gekr\u00fcmmt, wie ein tiefer Heizk\u00f6rper. Je weiter unten auf der Pflanze (bis zu 20 cm von der Pflanze entfernt), desto mehr sollte der Baldachin offen oder breit sein, um auch die \u00e4u\u00dferen R\u00e4nder der Fl\u00e4che zu beleuchten. All dies nat\u00fcrlich in Kombination mit dem Einsatz von Super Spreader.<br data-mce-fragment=\"1\"><strong data-mce-fragment=\"1\"><br data-mce-fragment=\"1\">Verstellbare Lampenhalterung.<\/strong>\n<\/div>\n<div data-mce-fragment=\"1\">Wenn Sie den Reflektor einstellen, k\u00f6nnen Sie auch die Lampenfassung anpassen. Die vertikal verstellbare Lampenfassung erm\u00f6glicht eine Feinabstimmung der Lichtverteilung.<\/div>\n","protected":false},"excerpt":{"rendered":"<p>Warum sind Adjust-A-Wings die besten Reflektoren? Verstellbarer Doppel-Parabolreflektor.<\/p>\n","protected":false},"featured_media":24343,"template":"","meta":[],"product_brand":[],"product_cat":[337,534],"product_tag":[],"class_list":{"0":"post-30057","1":"product","2":"type-product","3":"status-publish","4":"has-post-thumbnail","6":"product_cat-beleuchtung","7":"product_cat-reflektoren","9":"first","10":"instock","11":"taxable","12":"shipping-taxable","13":"purchasable","14":"product-type-simple"},"_links":{"self":[{"href":"https:\/\/greendisc.dev-project.digital\/de\/wp-json\/wp\/v2\/product\/30057","targetHints":{"allow":["GET"]}}],"collection":[{"href":"https:\/\/greendisc.dev-project.digital\/de\/wp-json\/wp\/v2\/product"}],"about":[{"href":"https:\/\/greendisc.dev-project.digital\/de\/wp-json\/wp\/v2\/types\/product"}],"version-history":[{"count":0,"href":"https:\/\/greendisc.dev-project.digital\/de\/wp-json\/wp\/v2\/product\/30057\/revisions"}],"wp:featuredmedia":[{"embeddable":true,"href":"https:\/\/greendisc.dev-project.digital\/de\/wp-json\/wp\/v2\/media\/24343"}],"wp:attachment":[{"href":"https:\/\/greendisc.dev-project.digital\/de\/wp-json\/wp\/v2\/media?parent=30057"}],"wp:term":[{"taxonomy":"product_brand","embeddable":true,"href":"https:\/\/greendisc.dev-project.digital\/de\/wp-json\/wp\/v2\/product_brand?post=30057"},{"taxonomy":"product_cat","embeddable":true,"href":"https:\/\/greendisc.dev-project.digital\/de\/wp-json\/wp\/v2\/product_cat?post=30057"},{"taxonomy":"product_tag","embeddable":true,"href":"https:\/\/greendisc.dev-project.digital\/de\/wp-json\/wp\/v2\/product_tag?post=30057"}],"curies":[{"name":"wp","href":"https:\/\/api.w.org\/{rel}","templated":true}]}}