 {"id":30056,"date":"2023-11-14T12:31:50","date_gmt":"2023-11-14T11:31:50","guid":{"rendered":"https:\/\/greendisc.dev-project.digital\/\/product\/ralight-bodenventilator-50cm\/"},"modified":"2024-12-16T09:34:19","modified_gmt":"2024-12-16T08:34:19","slug":"ralight-bodenventilator-50cm","status":"publish","type":"product","link":"https:\/\/greendisc.dev-project.digital\/de\/produkt\/ralight-bodenventilator-50cm\/","title":{"rendered":"Ralight Bodenventilator 50cm"},"content":{"rendered":"<p><meta charset=\"utf-8\"><\/p>\n<p data-mce-fragment=\"1\">Bodenventilatoren sind ideal f\u00fcr R\u00e4ume, in denen Menschen in verschiedenen Bereichen arbeiten. Dank der stabilen Halterung k\u00f6nnen Sie den Ventilator problemlos an jedem beliebigen Ort aufstellen.<\/p>\n<p data-mce-fragment=\"1\">&#8211; Ausgestattet mit einem robusten und stabilen Stativ<br data-mce-fragment=\"1\">&#8211; Schwenken<br data-mce-fragment=\"1\">&#8211; Manuelle vertikale Einstellung<br data-mce-fragment=\"1\">&#8211; Geschwindigkeit in 3 Positionen einstellbar<br data-mce-fragment=\"1\">&#8211; Modernes Design<br data-mce-fragment=\"1\">&#8211; Professionelle Qualit\u00e4t<\/p>\n<p data-mce-fragment=\"1\"><span data-mce-fragment=\"1\"><strong data-mce-fragment=\"1\">Wattleistung:<\/strong> <br data-mce-fragment=\"1\">Position 1: 70W  <br data-mce-fragment=\"1\">Position 2: 80W  <br data-mce-fragment=\"1\">Position 3: 110W<br data-mce-fragment=\"1\"><\/span><\/p>\n<p data-mce-fragment=\"1\"><span data-mce-fragment=\"1\"><strong data-mce-fragment=\"1\">RPM:  <\/strong><br data-mce-fragment=\"1\">Position 1: 950  <br data-mce-fragment=\"1\">Position 2: 1250  <br data-mce-fragment=\"1\">Position 3: 1400<br data-mce-fragment=\"1\"><br data-mce-fragment=\"1\"><strong data-mce-fragment=\"1\">Luftverdr\u00e4ngung:  <\/strong><br data-mce-fragment=\"1\">Position 1: 65 m3 p.m.  <br data-mce-fragment=\"1\">Position 2: 90 m3 p.m.  <br data-mce-fragment=\"1\">Position 3: 120 m3 p.m.<\/span><\/p>\n","protected":false},"excerpt":{"rendered":"<p>Bodenventilatoren sind ideal f\u00fcr R\u00e4ume, in denen Menschen in verschiedenen Bereichen arbeiten. Dank der stabilen Halterung k\u00f6nnen Sie den Ventilator problemlos an jedem beliebigen Ort aufstellen.<\/p>\n","protected":false},"featured_media":26213,"template":"","meta":[],"product_brand":[],"product_cat":[350,396,542],"product_tag":[],"class_list":{"0":"post-30056","1":"product","2":"type-product","3":"status-publish","4":"has-post-thumbnail","6":"product_cat-aeronautik","7":"product_cat-fans-de","8":"product_cat-ralight-fans-de","10":"first","11":"instock","12":"taxable","13":"shipping-taxable","14":"purchasable","15":"product-type-simple"},"_links":{"self":[{"href":"https:\/\/greendisc.dev-project.digital\/de\/wp-json\/wp\/v2\/product\/30056","targetHints":{"allow":["GET"]}}],"collection":[{"href":"https:\/\/greendisc.dev-project.digital\/de\/wp-json\/wp\/v2\/product"}],"about":[{"href":"https:\/\/greendisc.dev-project.digital\/de\/wp-json\/wp\/v2\/types\/product"}],"version-history":[{"count":0,"href":"https:\/\/greendisc.dev-project.digital\/de\/wp-json\/wp\/v2\/product\/30056\/revisions"}],"wp:featuredmedia":[{"embeddable":true,"href":"https:\/\/greendisc.dev-project.digital\/de\/wp-json\/wp\/v2\/media\/26213"}],"wp:attachment":[{"href":"https:\/\/greendisc.dev-project.digital\/de\/wp-json\/wp\/v2\/media?parent=30056"}],"wp:term":[{"taxonomy":"product_brand","embeddable":true,"href":"https:\/\/greendisc.dev-project.digital\/de\/wp-json\/wp\/v2\/product_brand?post=30056"},{"taxonomy":"product_cat","embeddable":true,"href":"https:\/\/greendisc.dev-project.digital\/de\/wp-json\/wp\/v2\/product_cat?post=30056"},{"taxonomy":"product_tag","embeddable":true,"href":"https:\/\/greendisc.dev-project.digital\/de\/wp-json\/wp\/v2\/product_tag?post=30056"}],"curies":[{"name":"wp","href":"https:\/\/api.w.org\/{rel}","templated":true}]}}