 {"id":30053,"date":"2023-11-14T12:31:46","date_gmt":"2023-11-14T11:31:46","guid":{"rendered":"https:\/\/greendisc.dev-project.digital\/\/product\/ralight-standventilator-o-50cm\/"},"modified":"2024-12-16T09:34:18","modified_gmt":"2024-12-16T08:34:18","slug":"ralight-standventilator-o-50cm","status":"publish","type":"product","link":"https:\/\/greendisc.dev-project.digital\/de\/produkt\/ralight-standventilator-o-50cm\/","title":{"rendered":"Ralight Standventilator \u00d8 50cm"},"content":{"rendered":"<p><meta charset=\"utf-8\"><\/p>\n<p>Wenn Sie einen leistungsstarken Standventilator in Profiqualit\u00e4t suchen, der noch mehr Leistung als unser Modell mit 45 cm Durchmesser bietet, dann ist unser Modell mit \u00d8 50 cm die ideale L\u00f6sung. Dieses Modell ist perfekt f\u00fcr diejenigen, die einen noch st\u00e4rkeren Luftstrom w\u00fcnschen, um in den hei\u00dfen Sommermonaten k\u00fchl zu bleiben.<\/p>\n<p>Wie das Modell Ralight Standventilator \u00d8 45cm verf\u00fcgt auch dieser Dreibeinventilator \u00fcber ein stabiles und h\u00f6henverstellbares Bein, mit dem Sie den Ventilator leicht auf die gew\u00fcnschte H\u00f6he einstellen k\u00f6nnen. Au\u00dferdem ist der Ventilator schwenkbar und Sie k\u00f6nnen die Geschwindigkeit in 3 verschiedenen Modi einstellen, so dass Sie immer den richtigen Luftstrom erzeugen k\u00f6nnen. Sein modernes Design passt au\u00dferdem in fast jede Einrichtung und macht diesen Ventilator zu einem echten Blickfang.<\/p>\n<p>Die Spezifikationen dieses Modells lauten wie folgt:<\/p>\n<p>Wattleistung:<\/p>\n<ul>\n<li>Position 1: 70W<\/li>\n<li>Position 2: 80W<\/li>\n<li>Position 3: 110W<\/li>\n<\/ul>\n<p>RPM:<\/p>\n<ul>\n<li>Position 1: 950<\/li>\n<li>Position 2: 1250<\/li>\n<li>Position 3: 1400<\/li>\n<\/ul>\n<p>Luftverdr\u00e4ngung:<\/p>\n<ul>\n<li>Position 1: 65 m3 p.m.<\/li>\n<li>Position 2: 90 m3 p.m.<\/li>\n<li>Position 3: 120 m3 p.m.<\/li>\n<\/ul>\n<p>Mit diesen Spezifikationen ist unser Modell mit \u00d8 50 cm sogar noch leistungsf\u00e4higer als unser Modell mit 45 cm Durchmesser. Wenn Sie also der Meinung sind, dass unser \u00d8 45cm Modell nicht genug Leistung hat, um Ihre Bed\u00fcrfnisse zu befriedigen, ist dieser \u00d8 50cm Standventilator definitiv die richtige Wahl f\u00fcr Sie.<\/p>\n<p>Kurzum, wenn Sie einen leistungsstarken und zuverl\u00e4ssigen Bodenventilator mit noch mehr Leistung als unser Modell mit 45 cm Durchmesser suchen, ist der Ralight mit 50 cm Durchmesser die perfekte L\u00f6sung. Mit einem verstellbaren Fu\u00df, einer Schwenkfunktion, drei verschiedenen Geschwindigkeitsstufen und einem modernen Design ist dieser Ventilator sowohl f\u00fcr den privaten als auch f\u00fcr den gesch\u00e4ftlichen Gebrauch geeignet.<\/p>\n","protected":false},"excerpt":{"rendered":"<p>Wenn Sie einen leistungsstarken Standventilator in Profiqualit\u00e4t suchen, der noch mehr Leistung als unser Modell mit 45 cm Durchmesser bietet, dann ist unser Modell mit \u00d8 50 cm die ideale L\u00f6sung. <\/p>\n","protected":false},"featured_media":26183,"template":"","meta":[],"product_brand":[],"product_cat":[350,396,542],"product_tag":[],"class_list":{"0":"post-30053","1":"product","2":"type-product","3":"status-publish","4":"has-post-thumbnail","6":"product_cat-aeronautik","7":"product_cat-fans-de","8":"product_cat-ralight-fans-de","10":"first","11":"instock","12":"taxable","13":"shipping-taxable","14":"purchasable","15":"product-type-simple"},"_links":{"self":[{"href":"https:\/\/greendisc.dev-project.digital\/de\/wp-json\/wp\/v2\/product\/30053","targetHints":{"allow":["GET"]}}],"collection":[{"href":"https:\/\/greendisc.dev-project.digital\/de\/wp-json\/wp\/v2\/product"}],"about":[{"href":"https:\/\/greendisc.dev-project.digital\/de\/wp-json\/wp\/v2\/types\/product"}],"version-history":[{"count":0,"href":"https:\/\/greendisc.dev-project.digital\/de\/wp-json\/wp\/v2\/product\/30053\/revisions"}],"wp:featuredmedia":[{"embeddable":true,"href":"https:\/\/greendisc.dev-project.digital\/de\/wp-json\/wp\/v2\/media\/26183"}],"wp:attachment":[{"href":"https:\/\/greendisc.dev-project.digital\/de\/wp-json\/wp\/v2\/media?parent=30053"}],"wp:term":[{"taxonomy":"product_brand","embeddable":true,"href":"https:\/\/greendisc.dev-project.digital\/de\/wp-json\/wp\/v2\/product_brand?post=30053"},{"taxonomy":"product_cat","embeddable":true,"href":"https:\/\/greendisc.dev-project.digital\/de\/wp-json\/wp\/v2\/product_cat?post=30053"},{"taxonomy":"product_tag","embeddable":true,"href":"https:\/\/greendisc.dev-project.digital\/de\/wp-json\/wp\/v2\/product_tag?post=30053"}],"curies":[{"name":"wp","href":"https:\/\/api.w.org\/{rel}","templated":true}]}}