 {"id":30051,"date":"2023-11-14T12:31:50","date_gmt":"2023-11-14T11:31:50","guid":{"rendered":"https:\/\/greendisc.dev-project.digital\/\/product\/ralight-wandventilator-45cm\/"},"modified":"2024-12-16T09:34:18","modified_gmt":"2024-12-16T08:34:18","slug":"ralight-wandventilator-45cm","status":"publish","type":"product","link":"https:\/\/greendisc.dev-project.digital\/de\/produkt\/ralight-wandventilator-45cm\/","title":{"rendered":"Ralight Wandventilator 45cm"},"content":{"rendered":"<p><meta charset=\"utf-8\"><\/p>\n<p>Sie suchen einen leistungsstarken und effizienten Wandventilator? Suchen Sie nicht weiter als den Ralight Wandventilator 18&#8243;! Mit seiner robusten Konstruktion, dem verstellbaren Winkel und den drei Geschwindigkeitsstufen bietet dieser Ventilator die perfekte L\u00f6sung f\u00fcr all Ihre Bel\u00fcftungsbed\u00fcrfnisse.<\/p>\n<p>Der Ralight Wandventilator 18&#8243; erzeugt einen starken Luftstrom und ist daher eine ausgezeichnete Wahl f\u00fcr gro\u00dfe R\u00e4ume wie Werkst\u00e4tten, Lagerhallen und Fitnessstudios. Der Ventilator hat einen Durchmesser von 18 Zoll und l\u00e4sst sich leicht an der Wand montieren, was ihn zur perfekten L\u00f6sung f\u00fcr R\u00e4ume macht, in denen der Boden wenig Platz bietet.<\/p>\n<p>Mit drei Geschwindigkeitsstufen k\u00f6nnen Sie den Luftstrom an Ihre Vorlieben und Bed\u00fcrfnisse anpassen. Egal, ob Sie eine sanfte Brise oder einen kr\u00e4ftigen Strom k\u00fchler Luft ben\u00f6tigen, der Ralight Wandventilator 18&#8243; ist daf\u00fcr geeignet.<\/p>\n<p>Der Ventilator verf\u00fcgt au\u00dferdem \u00fcber einen einstellbaren Winkel, so dass Sie den Luftstrom dorthin lenken k\u00f6nnen, wo Sie ihn ben\u00f6tigen. Dies ist besonders n\u00fctzlich in R\u00e4umen, in denen der Luftstrom auf bestimmte Bereiche gelenkt werden muss, wie z. B. Werkb\u00e4nke oder Fitnessger\u00e4te.<\/p>\n<p>Schlie\u00dflich ist der Ralight Wandventilator 18&#8243; auf Langlebigkeit und Zuverl\u00e4ssigkeit ausgelegt. Dank der robusten Konstruktion und der hochwertigen Materialien k\u00f6nnen Sie sich darauf verlassen, dass dieser Ventilator jahrelang h\u00e4lt und Sie auch weiterhin mit der ben\u00f6tigten k\u00fchlen Luft versorgt.<\/p>\n<p>Kurzum, wenn Sie einen leistungsstarken und zuverl\u00e4ssigen Wandventilator suchen, ist der Ralight Wandventilator 18&#8243; die perfekte Wahl f\u00fcr Sie. Bestellen Sie ihn noch heute und genie\u00dfen Sie den k\u00fchlenden Luftstrom, den dieser Ventilator Ihnen bietet!<\/p>\n<p data-mce-fragment=\"1\"><span data-mce-fragment=\"1\"><span style=\"text-decoration: underline;\">Warum Ralight Wandventilator 18 Zoll?<\/span><br data-mce-fragment=\"1\"><\/span><\/p>\n<ul>\n<li><span data-mce-fragment=\"1\">Einfach an der Wand zu montieren<\/span><\/li>\n<li><span data-mce-fragment=\"1\">Schwenken<\/span><\/li>\n<li><span data-mce-fragment=\"1\">Manuelle vertikale Einstellung.<\/span><\/li>\n<li><span data-mce-fragment=\"1\">Geschwindigkeit in 3 Positionen einstellbar<\/span><\/li>\n<li><span data-mce-fragment=\"1\">Modernes Design<\/span><\/li>\n<li><span data-mce-fragment=\"1\">Professionelle Qualit\u00e4t<\/span><\/li>\n<\/ul>\n<p data-mce-fragment=\"1\"><span data-mce-fragment=\"1\"><\/span><span data-mce-fragment=\"1\"><br data-mce-fragment=\"1\"><\/span><strong data-mce-fragment=\"1\"><br \/>\n  <span data-mce-fragment=\"1\">Wattleistung: <\/span><br \/>\n  <br data-mce-fragment=\"1\"><br \/>\n<\/strong><span data-mce-fragment=\"1\">Position 1: 50 W<\/span><span data-mce-fragment=\"1\"> <\/span><br data-mce-fragment=\"1\"><span data-mce-fragment=\"1\">Position 2: 60W<\/span><span data-mce-fragment=\"1\"> <\/span><br data-mce-fragment=\"1\"><span data-mce-fragment=\"1\">Position 3: 90W<\/span><strong data-mce-fragment=\"1\"><br \/>\n  <br data-mce-fragment=\"1\"><br \/>\n  <span data-mce-fragment=\"1\">UMDREHUNGEN PRO MINUTE: <\/span><br \/>\n  <br data-mce-fragment=\"1\"><br \/>\n<\/strong><span data-mce-fragment=\"1\">Position 1: 950<\/span><span data-mce-fragment=\"1\"> <\/span><br data-mce-fragment=\"1\"><span data-mce-fragment=\"1\">Position 2: 1250<\/span><span data-mce-fragment=\"1\"> <\/span><br data-mce-fragment=\"1\"><span data-mce-fragment=\"1\">Einstellung 3: 1400<\/span><strong data-mce-fragment=\"1\"><br \/>\n  <br data-mce-fragment=\"1\"><br \/>\n  <span data-mce-fragment=\"1\">Luftverdr\u00e4ngung: <\/span><br \/>\n  <br data-mce-fragment=\"1\"><br \/>\n<\/strong><span data-mce-fragment=\"1\">Stellung 1: 46 m3 p.m.<\/span><span data-mce-fragment=\"1\"> <\/span><br data-mce-fragment=\"1\"><span data-mce-fragment=\"1\">Position 2: 70 m3 p.m.<\/span><span data-mce-fragment=\"1\"> <\/span><br data-mce-fragment=\"1\"><span data-mce-fragment=\"1\">Position 3: 90 m3 p.m.<\/span><\/p>\n","protected":false},"excerpt":{"rendered":"<p>Sie suchen einen leistungsstarken und effizienten Wandventilator? Suchen Sie nicht weiter als den Ralight Wandventilator 18&#8243;! Mit seiner robusten Konstruktion, dem verstellbaren Winkel und den drei Geschwindigkeitsstufen bietet dieser Ventilator die perfekte L\u00f6sung f\u00fcr all Ihre Bel\u00fcftungsbed\u00fcrfnisse.<\/p>\n","protected":false},"featured_media":26225,"template":"","meta":[],"product_brand":[],"product_cat":[350,396,542],"product_tag":[],"class_list":{"0":"post-30051","1":"product","2":"type-product","3":"status-publish","4":"has-post-thumbnail","6":"product_cat-aeronautik","7":"product_cat-fans-de","8":"product_cat-ralight-fans-de","10":"first","11":"instock","12":"taxable","13":"shipping-taxable","14":"purchasable","15":"product-type-simple"},"_links":{"self":[{"href":"https:\/\/greendisc.dev-project.digital\/de\/wp-json\/wp\/v2\/product\/30051","targetHints":{"allow":["GET"]}}],"collection":[{"href":"https:\/\/greendisc.dev-project.digital\/de\/wp-json\/wp\/v2\/product"}],"about":[{"href":"https:\/\/greendisc.dev-project.digital\/de\/wp-json\/wp\/v2\/types\/product"}],"version-history":[{"count":0,"href":"https:\/\/greendisc.dev-project.digital\/de\/wp-json\/wp\/v2\/product\/30051\/revisions"}],"wp:featuredmedia":[{"embeddable":true,"href":"https:\/\/greendisc.dev-project.digital\/de\/wp-json\/wp\/v2\/media\/26225"}],"wp:attachment":[{"href":"https:\/\/greendisc.dev-project.digital\/de\/wp-json\/wp\/v2\/media?parent=30051"}],"wp:term":[{"taxonomy":"product_brand","embeddable":true,"href":"https:\/\/greendisc.dev-project.digital\/de\/wp-json\/wp\/v2\/product_brand?post=30051"},{"taxonomy":"product_cat","embeddable":true,"href":"https:\/\/greendisc.dev-project.digital\/de\/wp-json\/wp\/v2\/product_cat?post=30051"},{"taxonomy":"product_tag","embeddable":true,"href":"https:\/\/greendisc.dev-project.digital\/de\/wp-json\/wp\/v2\/product_tag?post=30051"}],"curies":[{"name":"wp","href":"https:\/\/api.w.org\/{rel}","templated":true}]}}