 {"id":30050,"date":"2023-11-14T12:31:45","date_gmt":"2023-11-14T11:31:45","guid":{"rendered":"https:\/\/greendisc.dev-project.digital\/\/product\/ralight-standventilator-o-45cm\/"},"modified":"2024-12-16T09:34:17","modified_gmt":"2024-12-16T08:34:17","slug":"ralight-standventilator-o-45cm","status":"publish","type":"product","link":"https:\/\/greendisc.dev-project.digital\/de\/produkt\/ralight-standventilator-o-45cm\/","title":{"rendered":"Ralight Standventilator \u00d8 45cm"},"content":{"rendered":"<p><meta charset=\"utf-8\"><\/p>\n<p>Ein Standventilator ist in den hei\u00dfen Sommermonaten ein unverzichtbares Ger\u00e4t im Haus. Er ist daher nicht ohne Grund der am h\u00e4ufigsten verwendete Ventilator. Mit einem Standventilator bringen Sie die Luft ganz einfach dorthin, wo Sie sie am meisten brauchen. Dank des verstellbaren Fu\u00dfes k\u00f6nnen Sie den Ventilator auch auf die gew\u00fcnschte H\u00f6he einstellen. So k\u00f6nnen Sie den Luftstrom auf die richtige H\u00f6he einstellen, um den bestm\u00f6glichen K\u00fchleffekt zu erzielen.<\/p>\n<p>Der Ralight Standventilator, 45 cm, verf\u00fcgt \u00fcber einen stabilen und h\u00f6henverstellbaren Fu\u00df. Dar\u00fcber hinaus ist dieser Ventilator schwenkbar und verteilt den Luftstrom im ganzen Raum. Au\u00dferdem k\u00f6nnen Sie die Geschwindigkeit des L\u00fcfters in 3 Stufen regeln, so dass Sie immer den richtigen K\u00fchleffekt erzielen k\u00f6nnen. Das moderne Design dieses Ventilators passt au\u00dferdem in fast jedes Interieur.<\/p>\n<p>Wir bieten ausschlie\u00dflich professionelle Qualit\u00e4t, weshalb dieser Standventilator nicht nur f\u00fcr den Heimgebrauch, sondern auch f\u00fcr gesch\u00e4ftliche Zwecke wie B\u00fcros oder Gesch\u00e4fte geeignet ist. Die Spezifikationen des Ralight Standventilators mit einem Durchmesser von 45 cm lauten wie folgt:<\/p>\n<p>Wattleistung:<\/p>\n<ul>\n<li>Position 1: 50W<\/li>\n<li>Position 2: 60W<\/li>\n<li>Position 3: 90W<\/li>\n<\/ul>\n<p>RPM:<\/p>\n<ul>\n<li>Position 1: 950<\/li>\n<li>Position 2: 1250<\/li>\n<li>Position 3: 1400<\/li>\n<\/ul>\n<p>Luftverdr\u00e4ngung:<\/p>\n<ul>\n<li>Standpunkt 1: 46 m3 p.m.<\/li>\n<li>Position 2: 70 m3 p.m.<\/li>\n<li>Position 3: 90 m3 p.m.<\/li>\n<\/ul>\n<p>Die verschiedenen Modi erm\u00f6glichen es Ihnen, den Ventilator an Ihre pers\u00f6nlichen Bed\u00fcrfnisse anzupassen. Au\u00dferdem ist dieser Ventilator energieeffizient, so dass Sie keine unerwarteten \u00dcberraschungen auf Ihrer Stromrechnung erleben werden.<\/p>\n<p>Kurzum, Sie suchen einen zuverl\u00e4ssigen und leistungsstarken Standventilator von hoher Qualit\u00e4t f\u00fcr Ihr Zuhause oder Ihren Arbeitsplatz? Dann ist unser Standventilator genau das Richtige f\u00fcr Sie.<\/p>\n","protected":false},"excerpt":{"rendered":"<p>Ein Standventilator ist in den hei\u00dfen Sommermonaten ein unverzichtbares Ger\u00e4t im Haus. Er ist daher nicht ohne Grund der am h\u00e4ufigsten verwendete Ventilator. Mit einem Standventilator bringen Sie die Luft ganz einfach dorthin, wo Sie sie am meisten brauchen.<\/p>\n","protected":false},"featured_media":26173,"template":"","meta":[],"product_brand":[],"product_cat":[350,396,542],"product_tag":[],"class_list":{"0":"post-30050","1":"product","2":"type-product","3":"status-publish","4":"has-post-thumbnail","6":"product_cat-aeronautik","7":"product_cat-fans-de","8":"product_cat-ralight-fans-de","10":"first","11":"instock","12":"taxable","13":"shipping-taxable","14":"purchasable","15":"product-type-simple"},"_links":{"self":[{"href":"https:\/\/greendisc.dev-project.digital\/de\/wp-json\/wp\/v2\/product\/30050","targetHints":{"allow":["GET"]}}],"collection":[{"href":"https:\/\/greendisc.dev-project.digital\/de\/wp-json\/wp\/v2\/product"}],"about":[{"href":"https:\/\/greendisc.dev-project.digital\/de\/wp-json\/wp\/v2\/types\/product"}],"version-history":[{"count":0,"href":"https:\/\/greendisc.dev-project.digital\/de\/wp-json\/wp\/v2\/product\/30050\/revisions"}],"wp:featuredmedia":[{"embeddable":true,"href":"https:\/\/greendisc.dev-project.digital\/de\/wp-json\/wp\/v2\/media\/26173"}],"wp:attachment":[{"href":"https:\/\/greendisc.dev-project.digital\/de\/wp-json\/wp\/v2\/media?parent=30050"}],"wp:term":[{"taxonomy":"product_brand","embeddable":true,"href":"https:\/\/greendisc.dev-project.digital\/de\/wp-json\/wp\/v2\/product_brand?post=30050"},{"taxonomy":"product_cat","embeddable":true,"href":"https:\/\/greendisc.dev-project.digital\/de\/wp-json\/wp\/v2\/product_cat?post=30050"},{"taxonomy":"product_tag","embeddable":true,"href":"https:\/\/greendisc.dev-project.digital\/de\/wp-json\/wp\/v2\/product_tag?post=30050"}],"curies":[{"name":"wp","href":"https:\/\/api.w.org\/{rel}","templated":true}]}}