 {"id":30046,"date":"2023-11-14T12:29:40","date_gmt":"2023-11-14T11:29:40","guid":{"rendered":"https:\/\/greendisc.dev-project.digital\/\/product\/ocr-450-anbauzelt-450x300x240cm\/"},"modified":"2025-04-08T14:23:01","modified_gmt":"2025-04-08T12:23:01","slug":"ocr-450-anbauzelt-450x300x240cm","status":"publish","type":"product","link":"https:\/\/greendisc.dev-project.digital\/de\/produkt\/ocr-450-anbauzelt-450x300x240cm\/","title":{"rendered":"OCR Klimar\u00e4ume | OCR 450 | Wachstumszelt 450x300x240cm"},"content":{"rendered":"<h2 class=\"\" data-start=\"327\" data-end=\"390\">OCR 450 &#8211; Kompaktes Kraftpaket f\u00fcr den professionellen CO\u2082-Anbau<\/h2>\n<p class=\"\" data-start=\"392\" data-end=\"849\">Das <strong data-start=\"395\" data-end=\"406\">OCR 450<\/strong> Grow-Zelt ist ein leistungsstarkes Mittelklasse-Zelt aus der renommierten <strong data-start=\"464\" data-end=\"481\">OCR XXL-Serie<\/strong> mit Abmessungen von <strong data-start=\"502\" data-end=\"527\">4,5 x 3,0 x 2,4 Metern<\/strong>. Dieses Zelt ist ideal geeignet f\u00fcr ernsthafte Heimz\u00fcchter und semiprofessionelle Z\u00fcchter, die maximale Kontrolle und Zuverl\u00e4ssigkeit in einer praktischen Gr\u00f6\u00dfe suchen. Perfekt f\u00fcr den Einsatz mit leistungsstarken 1000W-Doppelleuchten oder hocheffizienten LED-Systemen &#8211; und voll vorbereitet f\u00fcr Klimakontrolle und CO\u2082-Anreicherung.<\/p>\n<p class=\"\" data-start=\"851\" data-end=\"1027\">Mit seiner soliden Konstruktion, dem durchdachten Design und der hochwertigen Verarbeitung bietet der OCR 450 alles, was Sie brauchen, um eine erfolgreiche, kontrollierte Aufzuchtumgebung einzurichten.<\/p>\n<hr class=\"\" data-start=\"1029\" data-end=\"1032\">\n<h3 class=\"\" data-start=\"1034\" data-end=\"1081\">Hochstabiler Rahmen und professionelle Tragf\u00e4higkeit<\/h3>\n<p class=\"\" data-start=\"1083\" data-end=\"1481\">Das Zelt besteht aus einem <strong data-start=\"1112\" data-end=\"1140\">100%igen Metallrohrrahmen<\/strong> mit einem Durchmesser von <strong data-start=\"1162\" data-end=\"1171\">25 mm<\/strong>, der mit robusten Metallbeschl\u00e4gen verst\u00e4rkt ist. Dadurch kann die Struktur m\u00fchelos eine Last von bis zu <strong data-start=\"1280\" data-end=\"1290\">120 kg<\/strong> tragen, ideal f\u00fcr schwere Beleuchtung, Filter oder andere technische Komponenten. Der Rahmen ist extra hoch (2,40 m) und bietet eine bessere Luftzirkulation sowie Platz f\u00fcr leistungsstarke Beleuchtungssysteme.<\/p>\n<p class=\"\" data-start=\"1483\" data-end=\"1611\">Die <strong data-start=\"1486\" data-end=\"1510\">Gummif\u00fc\u00dfe<\/strong> sorgen f\u00fcr Stabilit\u00e4t, Halt und Oberfl\u00e4chenschutz &#8211; selbst auf rutschigen oder unebenen B\u00f6den.<\/p>\n<hr class=\"\" data-start=\"1613\" data-end=\"1616\">\n<h3 class=\"\" data-start=\"1618\" data-end=\"1672\">Hochwertiges Markisentuch mit Diamant-Reflexion (1680D)<\/h3>\n<p class=\"\" data-start=\"1674\" data-end=\"2120\">Die Zeltplane des OCR 450 besteht aus <strong data-start=\"1721\" data-end=\"1736\">1680D Mylar<\/strong>, einem extrem haltbaren und rei\u00dffesten Material, das gegen hohe Temperaturen, \u00d6l, Feuchtigkeit und Schmutz resistent ist. Auf der Innenseite ist der Stoff mit einer <strong data-start=\"1892\" data-end=\"1935\">silbernen Diamant-Reflexionsbeschichtung<\/strong> versehen, die f\u00fcr eine optimale Lichtreflexion in allen Ecken des Zeltes sorgt. Als Ergebnis erhalten Ihre Pflanzen mehr nutzbares Licht, was zu schnellerem Wachstum und h\u00f6heren Ertr\u00e4gen f\u00fchrt.<\/p>\n<p class=\"\" data-start=\"2122\" data-end=\"2219\">Das Segeltuch l\u00e4sst sich leicht mit einem feuchten Tuch abwischen &#8211; sowohl von innen als auch von au\u00dfen.<\/p>\n<hr class=\"\" data-start=\"2221\" data-end=\"2224\">\n<h3 class=\"\" data-start=\"2226\" data-end=\"2282\">Schimmelfester, wasserdichter Boden &#8211; getestet bis zu 2200 Liter<\/h3>\n<p class=\"\" data-start=\"2284\" data-end=\"2615\">Jedes OCR-Zelt ist mit einem doppelten Boden ausgestattet, und das OCR 450 ist nicht anders. Der mitgelieferte <strong data-start=\"2388\" data-end=\"2419\">0,6 mm dicke PVC-Einsatz<\/strong> ist wasserdicht und formstabil, getestet mit einem Fassungsverm\u00f6gen von bis zu <strong data-start=\"2489\" data-end=\"2503\">2200 Litern<\/strong>. Sie brauchen sich also keine Sorgen zu machen, wenn der Boden undicht ist oder zu viel Wasser abbekommt &#8211; Ihr Boden bleibt gesch\u00fctzt und l\u00e4sst sich schnell reinigen.<\/p>\n<hr class=\"\" data-start=\"2617\" data-end=\"2620\">\n<h3 class=\"\" data-start=\"2622\" data-end=\"2679\">Vollst\u00e4ndig vorbereitet f\u00fcr CO\u2082-Anbau und Klimakontrolle<\/h3>\n<p class=\"\" data-start=\"2681\" data-end=\"2934\">Der OCR 450 wurde speziell mit Blick auf die <strong data-start=\"2718\" data-end=\"2731\">CO\u2082-Kultur<\/strong> entwickelt. Dank des intelligenten Bel\u00fcftungskonzepts und der gro\u00dfen Anzahl von Anschl\u00fcssen k\u00f6nnen Sie problemlos professionelle Systeme wie <strong data-start=\"2885\" data-end=\"2908\">OptiClimate, Nagano<\/strong> oder andere Klimamodule installieren.<\/p>\n<p class=\"\" data-start=\"2936\" data-end=\"3223\">Das Zelt enth\u00e4lt:<br data-start=\"2950\" data-end=\"2953\">\ud83d\udd39 <strong data-start=\"2956\" data-end=\"2995\">18 Luftschlauch\u00f6ffnungen von \u00d8 350 mm<\/strong> mit doppelt lichtdichten Muffen<br data-start=\"3026\" data-end=\"3029\">\ud83d\udd39 <strong data-start=\"3032\" data-end=\"3062\">16 \u00d8 100 mm Kabell\u00f6cher<\/strong> f\u00fcr Strom, Wasser und Sensoren<br data-start=\"3094\" data-end=\"3097\">\ud83d\udd39 <strong data-start=\"3100\" data-end=\"3112\">4 T\u00fcren<\/strong> f\u00fcr optimale Zug\u00e4nglichkeit und Arbeitskomfort<br data-start=\"3158\" data-end=\"3161\">\ud83d\udd39 Abschlie\u00dfbare untere L\u00fcftungsgitter f\u00fcr passiven Einlass<\/p>\n<p class=\"\" data-start=\"3225\" data-end=\"3386\">Au\u00dferdem ist das Zelt <strong data-start=\"3246\" data-end=\"3261\">1+1=3 Ready<\/strong>: Kombinieren Sie es mit einem anderen OCR-Zelt oder CO\u2082-System, und Ihre Klimakapazit\u00e4t wird bis zu <strong data-start=\"3360\" data-end=\"3379\">50% effizienter<\/strong> genutzt.<\/p>\n<hr class=\"\" data-start=\"3388\" data-end=\"3391\">\n<h3 class=\"\" data-start=\"3393\" data-end=\"3453\">Modular und skalierbar: koppelbar mit anderen OCR-Zelten<\/h3>\n<p class=\"\" data-start=\"3455\" data-end=\"3715\">Dank seines modularen Aufbaus ist das OCR 450 <strong data-start=\"3499\" data-end=\"3535\">mit anderen OCR-Zelten koppelbar<\/strong>. So k\u00f6nnen Sie problemlos eine gr\u00f6\u00dfere Anbaufl\u00e4che schaffen, ohne Kompromisse bei der Dichtigkeit oder Stabilit\u00e4t einzugehen. Perfekt f\u00fcr Z\u00fcchter, die ihren Platz mit ihren Ambitionen wachsen lassen wollen.<\/p>\n<hr class=\"\" data-start=\"3717\" data-end=\"3720\">\n<h3 class=\"\" data-start=\"3722\" data-end=\"3765\">Superschnelle Montage &amp; diskrete Lieferung<\/h3>\n<p class=\"\" data-start=\"3767\" data-end=\"4015\">Der OCR 450 l\u00e4sst sich dank des intelligenten Klicksystems und der <strong data-start=\"3840\" data-end=\"3873\">klaren Aufbauanleitung<\/strong> leicht zusammenbauen. Das Ganze wird in einer <strong data-start=\"3908\" data-end=\"3940\">stabilen, diskreten Verpackung<\/strong> geliefert, so dass Sie das Zelt sicher und ohne viel Aufhebens transportieren oder liefern lassen k\u00f6nnen.<\/p>\n<hr class=\"\" data-start=\"4017\" data-end=\"4020\">\n<h3 class=\"\" data-start=\"4022\" data-end=\"4056\">Inhalt des OCR 450 Zeltsets:<\/h3>\n<ul data-start=\"4058\" data-end=\"4462\">\n<li class=\"\" data-start=\"4058\" data-end=\"4115\">\n<p class=\"\" data-start=\"4060\" data-end=\"4115\">1x 25 mm Metallrohrrahmen mit robusten Kupplungen<\/p>\n<\/li>\n<li class=\"\" data-start=\"4116\" data-end=\"4174\">\n<p class=\"\" data-start=\"4118\" data-end=\"4174\">1x 1680D Mylar-Zeltstoff (Diamant-Reflexion, waschbar)<\/p>\n<\/li>\n<li class=\"\" data-start=\"4175\" data-end=\"4229\">\n<p class=\"\" data-start=\"4177\" data-end=\"4229\">1x formschl\u00fcssiger wasserdichter Einsatz aus 0,6 mm PVC<\/p>\n<\/li>\n<li class=\"\" data-start=\"4230\" data-end=\"4266\">\n<p class=\"\" data-start=\"4232\" data-end=\"4266\">4x T\u00fcren mit industriellen Rei\u00dfverschl\u00fcssen<\/p>\n<\/li>\n<li class=\"\" data-start=\"4267\" data-end=\"4330\">\n<p class=\"\" data-start=\"4269\" data-end=\"4330\">18x Luftschlauchl\u00f6cher \u00d8 350 mm (lichtdicht, mit Doppelmuffe)<\/p>\n<\/li>\n<li class=\"\" data-start=\"4331\" data-end=\"4358\">\n<p class=\"\" data-start=\"4333\" data-end=\"4358\">16x Kabell\u00f6cher \u00d8 100 mm<\/p>\n<\/li>\n<li class=\"\" data-start=\"4359\" data-end=\"4406\">\n<p class=\"\" data-start=\"4361\" data-end=\"4406\">Gummisockel f\u00fcr alle St\u00fctzpfosten<\/p>\n<\/li>\n<li class=\"\" data-start=\"4407\" data-end=\"4441\">\n<p class=\"\" data-start=\"4409\" data-end=\"4441\">Stabile Tragetasche f\u00fcr die Leinwand<\/p>\n<\/li>\n<li class=\"\" data-start=\"4442\" data-end=\"4462\">\n<p class=\"\" data-start=\"4444\" data-end=\"4462\">Montageanleitung<\/p>\n<\/li>\n<\/ul>\n<hr class=\"\" data-start=\"4464\" data-end=\"4467\">\n<h3 class=\"\" data-start=\"4469\" data-end=\"4507\">Technische Daten &#8211; OCR 450<\/h3>\n<div class=\"overflow-x-auto bg-no-repeat contain-inline-size\">\n<table data-start=\"4509\" data-end=\"5403\">\n<thead data-start=\"4509\" data-end=\"4572\">\n<tr data-start=\"4509\" data-end=\"4572\">\n<th data-start=\"4509\" data-end=\"4536\">Merkmal<\/th>\n<th data-start=\"4536\" data-end=\"4572\">Spezifikation<\/th>\n<\/tr>\n<\/thead>\n<tbody data-start=\"4637\" data-end=\"5403\">\n<tr data-start=\"4637\" data-end=\"4700\">\n<td>Abmessungen<\/td>\n<td>300 x 450 x 240 cm<\/td>\n<\/tr>\n<tr data-start=\"4701\" data-end=\"4764\">\n<td>Bodenfl\u00e4che<\/td>\n<td>13,5 m\u00b2<\/td>\n<\/tr>\n<tr data-start=\"4765\" data-end=\"4828\">\n<td>Dicke des Segeltuchs<\/td>\n<td>1680D Mylar<\/td>\n<\/tr>\n<tr data-start=\"4829\" data-end=\"4892\">\n<td>Rahmen \u00d8<\/td>\n<td>25 mm Stahl<\/td>\n<\/tr>\n<tr data-start=\"4893\" data-end=\"4955\">\n<td>Tragf\u00e4higkeit<\/td>\n<td>120 kg<\/td>\n<\/tr>\n<tr data-start=\"4956\" data-end=\"5019\">\n<td>Anzahl der T\u00fcren<\/td>\n<td>4<\/td>\n<\/tr>\n<tr data-start=\"5020\" data-end=\"5083\">\n<td>L\u00f6cher f\u00fcr Luftschlauch<\/td>\n<td>18x \u00d8 350 mm<\/td>\n<\/tr>\n<tr data-start=\"5084\" data-end=\"5147\">\n<td>Kabelkan\u00e4le<\/td>\n<td>16x \u00d8 100 mm<\/td>\n<\/tr>\n<tr data-start=\"5148\" data-end=\"5211\">\n<td>Wasserdichter Boden<\/td>\n<td>Ja &#8211; 0,6 mm PVC, 2200L getestet<\/td>\n<\/tr>\n<tr data-start=\"5212\" data-end=\"5275\">\n<td>CO\u2082-bereit<\/td>\n<td>Ja<\/td>\n<\/tr>\n<tr data-start=\"5276\" data-end=\"5339\">\n<td>Verlinkbar<\/td>\n<td>Ja (1+1=3 Bereit)<\/td>\n<\/tr>\n<tr data-start=\"5340\" data-end=\"5403\">\n<td>Verpackung<\/td>\n<td>Diskret<\/td>\n<\/tr>\n<\/tbody>\n<\/table>\n<\/div>\n<hr class=\"\" data-start=\"5405\" data-end=\"5408\">\n<h3 class=\"\" data-start=\"5410\" data-end=\"5444\">Warum sollten Sie sich f\u00fcr die OCR 450 entscheiden?<\/h3>\n<p class=\"\" data-start=\"5446\" data-end=\"5753\">\u2705 Professionelle Qualit\u00e4t in einem \u00fcbersichtlichen Format<br data-start=\"5501\" data-end=\"5504\">\u2705 Ideal f\u00fcr intensive CO\u2082-reiche Zuchtprojekte<br data-start=\"5553\" data-end=\"5556\">\u2705 Wasserdicht, lichtdicht und geruchsneutral<br data-start=\"5592\" data-end=\"5595\">\u2705 Vernetzbar und skalierbar f\u00fcr gr\u00f6\u00dfere Installationen<br data-start=\"5647\" data-end=\"5650\">\u2705 Vollst\u00e4ndig vorbereitet f\u00fcr Luft-, Licht- und Klimatechnik<br data-start=\"5708\" data-end=\"5711\">\u2705 Schnelle Montage und hochwertige Verarbeitung<\/p>\n<hr class=\"\" data-start=\"5755\" data-end=\"5758\">\n<p class=\"\" data-start=\"5760\" data-end=\"5984\"><strong data-start=\"5760\" data-end=\"5984\">Mit dem OCR 450 erhalten Sie ein professionelles CO\u2082-Zuchtzelt, das alles bietet, was Sie f\u00fcr maximale Kontrolle, optimale Ertr\u00e4ge und langfristige Nutzung ben\u00f6tigen. Perfekt f\u00fcr diejenigen, die ernsthaft wachsen wollen &#8211; ohne Zugest\u00e4ndnisse.<\/strong><\/p>\n<p class=\"\" data-start=\"5986\" data-end=\"6106\"><strong data-start=\"5986\" data-end=\"6106\">Bestellen Sie noch heute bei greendiscounter.com und entdecken Sie, was ein echtes Premium-Growzelt f\u00fcr Ihr Projekt leisten kann.<\/strong><\/p>\n","protected":false},"excerpt":{"rendered":"<p>Das OCR 450 ist ein leistungsstarkes, professionelles Grow-Zelt mit den Ma\u00dfen 3 x 4,5 x 2,4 Meter, das speziell f\u00fcr den CO\u2082-reichen Indoor-Anbau entwickelt wurde und perfekt f\u00fcr mittlere Projekte geeignet ist. Mit einem robusten 25-mm-Metallrahmen, ultradickem 1680D-Mylar-Zeltstoff und einem 0,6 mm dicken, wasserdichten PVC-Boden bietet dieses Zelt maximale Stabilit\u00e4t, Reflektivit\u00e4t und Schutz. Dank 18 Luftschlauchl\u00f6chern, 16 Kabeldurchl\u00e4ssen und der Verkettbarkeit mit anderen OCR-Zelten ist das OCR 450 f\u00fcr hochwertige Klima- und Lichtinstallationen bestens ger\u00fcstet.<\/p>\n","protected":false},"featured_media":25921,"template":"","meta":[],"product_brand":[1055],"product_cat":[378,557,482],"product_tag":[],"class_list":{"0":"post-30046","1":"product","2":"type-product","3":"status-publish","4":"has-post-thumbnail","6":"product_brand-ocr-climate-rooms","7":"product_cat-neue-produkte","8":"product_cat-ocr-anbauzelte","9":"product_cat-zelte-anbauen","11":"first","12":"outofstock","13":"sale","14":"taxable","15":"shipping-taxable","16":"purchasable","17":"product-type-simple"},"_links":{"self":[{"href":"https:\/\/greendisc.dev-project.digital\/de\/wp-json\/wp\/v2\/product\/30046","targetHints":{"allow":["GET"]}}],"collection":[{"href":"https:\/\/greendisc.dev-project.digital\/de\/wp-json\/wp\/v2\/product"}],"about":[{"href":"https:\/\/greendisc.dev-project.digital\/de\/wp-json\/wp\/v2\/types\/product"}],"version-history":[{"count":0,"href":"https:\/\/greendisc.dev-project.digital\/de\/wp-json\/wp\/v2\/product\/30046\/revisions"}],"wp:featuredmedia":[{"embeddable":true,"href":"https:\/\/greendisc.dev-project.digital\/de\/wp-json\/wp\/v2\/media\/25921"}],"wp:attachment":[{"href":"https:\/\/greendisc.dev-project.digital\/de\/wp-json\/wp\/v2\/media?parent=30046"}],"wp:term":[{"taxonomy":"product_brand","embeddable":true,"href":"https:\/\/greendisc.dev-project.digital\/de\/wp-json\/wp\/v2\/product_brand?post=30046"},{"taxonomy":"product_cat","embeddable":true,"href":"https:\/\/greendisc.dev-project.digital\/de\/wp-json\/wp\/v2\/product_cat?post=30046"},{"taxonomy":"product_tag","embeddable":true,"href":"https:\/\/greendisc.dev-project.digital\/de\/wp-json\/wp\/v2\/product_tag?post=30046"}],"curies":[{"name":"wp","href":"https:\/\/api.w.org\/{rel}","templated":true}]}}