 {"id":30043,"date":"2023-11-14T12:32:19","date_gmt":"2023-11-14T11:32:19","guid":{"rendered":"https:\/\/greendisc.dev-project.digital\/\/product\/spider-farmer-se-3000-300w-led-anbauleuchte\/"},"modified":"2024-12-16T09:34:16","modified_gmt":"2024-12-16T08:34:16","slug":"spider-farmer-se-3000-300w-led-anbauleuchte","status":"publish","type":"product","link":"https:\/\/greendisc.dev-project.digital\/de\/produkt\/spider-farmer-se-3000-300w-led-anbauleuchte\/","title":{"rendered":"Spider Farmer SE-3000 300W LED-Anbauleuchte"},"content":{"rendered":"<p>Entdecken Sie das Spider Farmer SE3000 LED-Growlight, den perfekten Ersatz f\u00fcr herk\u00f6mmliche 450-Watt-HPS-Lampen! Mit einem Verbrauch von nur 300 Watt und einem Wirkungsgrad von 2,75 \u00b5mol\/J bietet diese Lampe mehr Leistung bei geringerer Wattzahl. Das SE3000 beleuchtet eine Fl\u00e4che von 80 x 80 cm und ist ideal f\u00fcr kleine bis mittelgro\u00dfe Grow-Zelte.<\/p>\n<p>Der Spider Farmer SE3000 verwendet die neuesten Vollspektrum-LED-Chips Samsung LMB301B, die f\u00fcr alle Wachstumsstadien jeder Pflanze geeignet sind. Mit dem eingebauten Dimmer k\u00f6nnen Sie die Intensit\u00e4t der Lampe f\u00fcr optimales Wachstum und Bl\u00fcte leicht einstellen.<\/p>\n<p>Das Design des Spider Farmer SE3000 mag einfach sein, aber seine Leistung ist atemberaubend! Durch die Kombination eines hochwertigen Meanwell-Treibers mit den neuesten Samsung LM301B-LEDs bietet die SE3000 h\u00f6here Effizienz und mehr Leistung bei geringerer Wattzahl. Au\u00dferdem ist der SE3000 leise und wird passiv gek\u00fchlt, ohne dass eine zus\u00e4tzliche Bel\u00fcftung erforderlich ist.<\/p>\n<p>Mit der Steuereinheit k\u00f6nnen Sie mehrere SE3000 LED-Grow-Lampen miteinander verbinden und gleichzeitig bedienen, was die Einstellung aller Grow-Lampen vereinfacht. Die Dimmfunktion bietet die M\u00f6glichkeit, die Lichtintensit\u00e4t f\u00fcr Keimung, Wachstum und Bl\u00fcte anzupassen.<\/p>\n<p>Dank des nat\u00fcrlichen wei\u00dfen Spektrums des Spider Farmer SE3000 LED-Zuchtlichts werden Ihre Pflanzen sch\u00f6ner und ges\u00fcnder wachsen. Im Vergleich zu traditionellem violettem Licht und HPS-Zuchtlampen bietet die SE3000 eine sichere und effiziente L\u00f6sung zur Stimulierung der Bl\u00fcte mit 660nm tiefroten LEDs und 760nm Infrarot-LEDs. W\u00e4hlen Sie das Spider Farmer SE3000 LED-Zuchtlicht f\u00fcr optimales Wachstum und Bl\u00fcte Ihrer Pflanzen!<\/p>\n","protected":false},"excerpt":{"rendered":"<p>Entdecken Sie das Spider Farmer SE3000 LED-Growlight, den perfekten Ersatz f\u00fcr herk\u00f6mmliche 450-Watt-HPS-Lampen! Mit einem Verbrauch von nur 300 Watt und einem Wirkungsgrad von 2,75 \u00b5mol\/J bietet diese Lampe mehr Leistung bei geringerer Wattzahl.<\/p>\n","protected":false},"featured_media":26299,"template":"","meta":[],"product_brand":[],"product_cat":[337,470,355],"product_tag":[],"class_list":{"0":"post-30043","1":"product","2":"type-product","3":"status-publish","4":"has-post-thumbnail","6":"product_cat-beleuchtung","7":"product_cat-led-spider-farmer-de","8":"product_cat-led-leuchten","10":"first","11":"onbackorder","12":"taxable","13":"shipping-taxable","14":"purchasable","15":"product-type-simple"},"_links":{"self":[{"href":"https:\/\/greendisc.dev-project.digital\/de\/wp-json\/wp\/v2\/product\/30043","targetHints":{"allow":["GET"]}}],"collection":[{"href":"https:\/\/greendisc.dev-project.digital\/de\/wp-json\/wp\/v2\/product"}],"about":[{"href":"https:\/\/greendisc.dev-project.digital\/de\/wp-json\/wp\/v2\/types\/product"}],"version-history":[{"count":0,"href":"https:\/\/greendisc.dev-project.digital\/de\/wp-json\/wp\/v2\/product\/30043\/revisions"}],"wp:featuredmedia":[{"embeddable":true,"href":"https:\/\/greendisc.dev-project.digital\/de\/wp-json\/wp\/v2\/media\/26299"}],"wp:attachment":[{"href":"https:\/\/greendisc.dev-project.digital\/de\/wp-json\/wp\/v2\/media?parent=30043"}],"wp:term":[{"taxonomy":"product_brand","embeddable":true,"href":"https:\/\/greendisc.dev-project.digital\/de\/wp-json\/wp\/v2\/product_brand?post=30043"},{"taxonomy":"product_cat","embeddable":true,"href":"https:\/\/greendisc.dev-project.digital\/de\/wp-json\/wp\/v2\/product_cat?post=30043"},{"taxonomy":"product_tag","embeddable":true,"href":"https:\/\/greendisc.dev-project.digital\/de\/wp-json\/wp\/v2\/product_tag?post=30043"}],"curies":[{"name":"wp","href":"https:\/\/api.w.org\/{rel}","templated":true}]}}