 {"id":30040,"date":"2023-11-14T12:32:21","date_gmt":"2023-11-14T11:32:21","guid":{"rendered":"https:\/\/greendisc.dev-project.digital\/\/product\/spider-farmer-se-7000-730w-led-anbauleuchte\/"},"modified":"2024-12-16T09:34:14","modified_gmt":"2024-12-16T08:34:14","slug":"spider-farmer-se-7000-730w-led-anbauleuchte","status":"publish","type":"product","link":"https:\/\/greendisc.dev-project.digital\/de\/produkt\/spider-farmer-se-7000-730w-led-anbauleuchte\/","title":{"rendered":"Spider Farmer SE-7000 730W LED-Anbauleuchte"},"content":{"rendered":"<p>Holen Sie das Beste aus Ihrem Anbau heraus mit dem Spider Farmer SE7000 LED-Growlight! Diese Lampe ist mit 2688 Dioden ausgestattet, was bedeutet, dass sie mit nur 730 Watt l\u00e4uft, aber eine Leistung von 1920 \u00b5mol\/s erreicht. Das bedeutet eine unglaubliche Effizienz von 2,8 \u00b5mol\/s pro Watt, was sich f\u00fcr Sie als Z\u00fcchter direkt in maximalen Ertr\u00e4gen und Gewinnen niederschl\u00e4gt. Die SE7000 ist f\u00fcr die Verwendung in einem 150x150x200cm Indoor-Growzelt geeignet.<\/p>\n<p>Dank der Daisy-Chain-Funktion zum Dimmen k\u00f6nnen Sie bis zu 15 SE7000-Lampen miteinander verbinden und alle Lampen mit nur einem Controller steuern. Das macht die Verwendung dieses Grow-Lichts nicht nur sehr bequem, sondern auch \u00e4u\u00dferst effizient. Die Dimmfunktion erm\u00f6glicht es Ihnen au\u00dferdem, die Lichtintensit\u00e4t an die verschiedenen Wachstumsstadien Ihrer Pflanzen anzupassen.<\/p>\n<p>Das Spider Farmer SE7000 LED-Growlight wurde im Hinblick auf Gleichm\u00e4\u00dfigkeit und Effizienz entwickelt. Die 8-Bar-LED-Lampe hat eine gro\u00dfe Reichweite (150x150cm f\u00fcr private Blumen und 120x120cm f\u00fcr den kommerziellen Gebrauch) und bietet au\u00dferdem eine gleichm\u00e4\u00dfige PPFD-Leistung. Die passiv gek\u00fchlten Balken, der Aluminiumk\u00fchlk\u00f6rper und der hervorragende Meanwell-Treiber sorgen f\u00fcr eine optimale W\u00e4rmeableitung und verl\u00e4ngern so die Lebensdauer der Lampe.<\/p>\n<p>Der SPIDER FARMER SE7000 ist ein professionelles Grow-Licht, das sowohl f\u00fcr den privaten als auch f\u00fcr den kommerziellen Gebrauch geeignet ist. Durch die Vollspektrumbeleuchtung ist sie f\u00fcr alle Pflanzen geeignet und kann in verschiedenen Situationen eingesetzt werden, z.B. im kommerziellen Anbau, zu Hause, im Grow-Zelt oder im Zimmer. Steigern Sie Ihre Ertr\u00e4ge und Anbauergebnisse mit dem Spider Farmer SE7000 LED-Growlight, erh\u00e4ltlich bei Greendiscounter!<\/p>\n","protected":false},"excerpt":{"rendered":"<p>Holen Sie das Beste aus Ihrem Anbau heraus mit dem Spider Farmer SE7000 LED-Growlight! Diese Lampe ist mit 2688 Dioden ausgestattet, was bedeutet, dass sie mit nur 730 Watt l\u00e4uft, aber eine Leistung von 1920 \u00b5mol\/s erreicht. <\/p>\n","protected":false},"featured_media":26317,"template":"","meta":[],"product_brand":[],"product_cat":[337,470,355],"product_tag":[],"class_list":{"0":"post-30040","1":"product","2":"type-product","3":"status-publish","4":"has-post-thumbnail","6":"product_cat-beleuchtung","7":"product_cat-led-spider-farmer-de","8":"product_cat-led-leuchten","10":"first","11":"onbackorder","12":"taxable","13":"shipping-taxable","14":"purchasable","15":"product-type-simple"},"_links":{"self":[{"href":"https:\/\/greendisc.dev-project.digital\/de\/wp-json\/wp\/v2\/product\/30040","targetHints":{"allow":["GET"]}}],"collection":[{"href":"https:\/\/greendisc.dev-project.digital\/de\/wp-json\/wp\/v2\/product"}],"about":[{"href":"https:\/\/greendisc.dev-project.digital\/de\/wp-json\/wp\/v2\/types\/product"}],"version-history":[{"count":0,"href":"https:\/\/greendisc.dev-project.digital\/de\/wp-json\/wp\/v2\/product\/30040\/revisions"}],"wp:featuredmedia":[{"embeddable":true,"href":"https:\/\/greendisc.dev-project.digital\/de\/wp-json\/wp\/v2\/media\/26317"}],"wp:attachment":[{"href":"https:\/\/greendisc.dev-project.digital\/de\/wp-json\/wp\/v2\/media?parent=30040"}],"wp:term":[{"taxonomy":"product_brand","embeddable":true,"href":"https:\/\/greendisc.dev-project.digital\/de\/wp-json\/wp\/v2\/product_brand?post=30040"},{"taxonomy":"product_cat","embeddable":true,"href":"https:\/\/greendisc.dev-project.digital\/de\/wp-json\/wp\/v2\/product_cat?post=30040"},{"taxonomy":"product_tag","embeddable":true,"href":"https:\/\/greendisc.dev-project.digital\/de\/wp-json\/wp\/v2\/product_tag?post=30040"}],"curies":[{"name":"wp","href":"https:\/\/api.w.org\/{rel}","templated":true}]}}