 {"id":30035,"date":"2023-11-14T12:23:44","date_gmt":"2023-11-14T11:23:44","guid":{"rendered":"https:\/\/greendisc.dev-project.digital\/\/product\/dutch-pro-ph-1-ltr\/"},"modified":"2024-12-16T09:34:13","modified_gmt":"2024-12-16T08:34:13","slug":"dutch-pro-ph-1-ltr","status":"publish","type":"product","link":"https:\/\/greendisc.dev-project.digital\/de\/produkt\/dutch-pro-ph-1-ltr\/","title":{"rendered":"Dutch Pro; PH+ 1 ltr."},"content":{"rendered":"<p><meta charset=\"utf-8\"><span data-mce-fragment=\"1\">Dutch Pro pH+ ist einer unserer pH-Regulatoren. Ein ausgewogener pH-Wert w\u00e4hrend der Wachstums- und Bl\u00fctephase ist f\u00fcr eine gesunde, gl\u00fcckliche Pflanze unerl\u00e4sslich.<\/span><\/p>\n<p><meta charset=\"utf-8\"><span data-mce-fragment=\"1\"><span data-mce-fragment=\"1\">Dutch Pro pH+ wurde speziell entwickelt, um den pH-Wert sowohl in der Wachstums- als auch in der Bl\u00fctephase zu erh\u00f6hen. Die Hauptbestandteile von pH+ sind Kaliumcarbonat und Kaliumhydroxid.<\/p>\n<p><meta charset=\"utf-8\"><\/span><\/span><\/p>\n<p>Der pH-Wert ist entscheidend f\u00fcr eine gute Ernte. Durch die Messung des pH-Werts wissen Z\u00fcchter genau, was ihre Pflanzen brauchen. Wenn Sie also die besten Ergebnisse erzielen m\u00f6chten, m\u00fcssen Sie die Faktoren messen, die Ihre Ergebnisse direkt beeinflussen. Im Boden k\u00f6nnen Sie allein aufgrund des Substrats zwischen pH 5,8 und 6,2 schwanken.<\/p>\n<p>Hydro\/Coco m\u00fcssen Sie am unteren Ende dieses Verh\u00e4ltnisses bleiben, etwa bei pH 5,8, um eine optimale N\u00e4hrstoffaufnahme zu erreichen.<\/p>\n","protected":false},"excerpt":{"rendered":"<p>Dutch Pro pH+ ist einer unserer pH-Regulatoren. Ein ausgewogener pH-Wert w\u00e4hrend der Wachstums- und Bl\u00fctephase ist f\u00fcr eine gesunde, gl\u00fcckliche Pflanze unerl\u00e4sslich.<\/p>\n","protected":false},"featured_media":25211,"template":"","meta":[],"product_brand":[],"product_cat":[555,344],"product_tag":[],"class_list":{"0":"post-30035","1":"product","2":"type-product","3":"status-publish","4":"has-post-thumbnail","6":"product_cat-hollandischer-profi","7":"product_cat-pflanzennahrung","9":"first","10":"instock","11":"taxable","12":"shipping-taxable","13":"purchasable","14":"product-type-simple"},"_links":{"self":[{"href":"https:\/\/greendisc.dev-project.digital\/de\/wp-json\/wp\/v2\/product\/30035","targetHints":{"allow":["GET"]}}],"collection":[{"href":"https:\/\/greendisc.dev-project.digital\/de\/wp-json\/wp\/v2\/product"}],"about":[{"href":"https:\/\/greendisc.dev-project.digital\/de\/wp-json\/wp\/v2\/types\/product"}],"version-history":[{"count":0,"href":"https:\/\/greendisc.dev-project.digital\/de\/wp-json\/wp\/v2\/product\/30035\/revisions"}],"wp:featuredmedia":[{"embeddable":true,"href":"https:\/\/greendisc.dev-project.digital\/de\/wp-json\/wp\/v2\/media\/25211"}],"wp:attachment":[{"href":"https:\/\/greendisc.dev-project.digital\/de\/wp-json\/wp\/v2\/media?parent=30035"}],"wp:term":[{"taxonomy":"product_brand","embeddable":true,"href":"https:\/\/greendisc.dev-project.digital\/de\/wp-json\/wp\/v2\/product_brand?post=30035"},{"taxonomy":"product_cat","embeddable":true,"href":"https:\/\/greendisc.dev-project.digital\/de\/wp-json\/wp\/v2\/product_cat?post=30035"},{"taxonomy":"product_tag","embeddable":true,"href":"https:\/\/greendisc.dev-project.digital\/de\/wp-json\/wp\/v2\/product_tag?post=30035"}],"curies":[{"name":"wp","href":"https:\/\/api.w.org\/{rel}","templated":true}]}}