 {"id":30031,"date":"2023-11-14T12:23:42","date_gmt":"2023-11-14T11:23:42","guid":{"rendered":"https:\/\/greendisc.dev-project.digital\/\/product\/dutch-pro-grow-hydro-cocos-ab-5-ltr\/"},"modified":"2024-12-16T09:34:11","modified_gmt":"2024-12-16T08:34:11","slug":"dutch-pro-grow-hydro-cocos-ab-5-ltr","status":"publish","type":"product","link":"https:\/\/greendisc.dev-project.digital\/de\/produkt\/dutch-pro-grow-hydro-cocos-ab-5-ltr\/","title":{"rendered":"Dutch Pro; Grow Hydro\/cocos A&amp;B 5 ltr"},"content":{"rendered":"<p><meta charset=\"utf-8\"><span data-mce-fragment=\"1\">Holl\u00e4ndischer Profi <\/span><meta charset=\"utf-8\"><span data-mce-fragment=\"1\">A+B Hydro\/Coco Basisd\u00fcnger ist ausdr\u00fccklich f\u00fcr Hydro- oder Coco-Substrate konzipiert. Unser zweiteiliges System ist hochkonzentriert, um Ihnen Geld zu sparen und gleichzeitig alle notwendigen N\u00e4hrstoffe an Ihre Pflanzen zu liefern.<br data-mce-fragment=\"1\"><br data-mce-fragment=\"1\"><meta charset=\"utf-8\"><\/span><\/p>\n<p data-mce-fragment=\"1\">Diese Produkte enthalten alle wesentlichen Makro- und Mikron\u00e4hrstoffe, die f\u00fcr ein hervorragendes Pflanzenwachstum erforderlich sind. Unsere Formel basiert auf dem Liebigschen Gesetz und versorgt Ihre Pflanzen mit den 17 wichtigsten N\u00e4hrstoffen. Es ist wichtig, dass die Pflanzen nicht nur gen\u00fcgend N\u00e4hrstoffe erhalten, sondern auch im richtigen Verh\u00e4ltnis. Die hochwertigen, n\u00e4hrstoffreichen N\u00e4hrstoffe werden vollst\u00e4ndig absorbiert und hinterlassen wenig bis gar keine R\u00fcckst\u00e4nde, so dass Ihre Pflanzen sauber und kr\u00e4ftig bleiben.<br data-mce-fragment=\"1\"><br data-mce-fragment=\"1\">W\u00e4hrend der Wachstumsphase ist eine Pflanze am anf\u00e4lligsten. Pilze und Bakterien bedrohen unterentwickelte Wurzeln und Bl\u00e4tter. Die richtige Mischung aus den 17 essentiellen Elementen ist notwendig, um die Entwicklung einer Pflanze w\u00e4hrend der Wachstumsphase zu unterst\u00fctzen und eine maximale Wachstumsrate zu f\u00f6rdern. Die richtige Mischung wird die Pflanze in dieser Phase vital und stark machen und halten.<\/p>\n<p data-mce-fragment=\"1\">A+B Grow Hydro\/Coco ist ein pr\u00e4zise gemischtes 2-teiliges System, das maximales Wachstum f\u00f6rdert und Ihren Pflanzen zu maximalen Ertr\u00e4gen verhilft.<\/p>\n<p data-mce-fragment=\"1\">* A+B Grow Hydro\/Coco ist optimiert f\u00fcr EC-Werte von: 1,8-2,0 (Abweichungen sind m\u00f6glich) f\u00fcr noch bessere Ergebnisse!<\/p>\n","protected":false},"excerpt":{"rendered":"<p>Holl\u00e4ndischer Profi A+B Hydro\/Coco Basisd\u00fcnger ist ausdr\u00fccklich f\u00fcr Hydro- oder Coco-Substrate konzipiert. Unser zweiteiliges System ist hochkonzentriert, um Ihnen Geld zu sparen und gleichzeitig alle notwendigen N\u00e4hrstoffe an Ihre Pflanzen zu liefern.<\/p>\n","protected":false},"featured_media":25209,"template":"","meta":[],"product_brand":[],"product_cat":[555,344],"product_tag":[],"class_list":{"0":"post-30031","1":"product","2":"type-product","3":"status-publish","4":"has-post-thumbnail","6":"product_cat-hollandischer-profi","7":"product_cat-pflanzennahrung","9":"first","10":"instock","11":"taxable","12":"shipping-taxable","13":"purchasable","14":"product-type-simple"},"_links":{"self":[{"href":"https:\/\/greendisc.dev-project.digital\/de\/wp-json\/wp\/v2\/product\/30031","targetHints":{"allow":["GET"]}}],"collection":[{"href":"https:\/\/greendisc.dev-project.digital\/de\/wp-json\/wp\/v2\/product"}],"about":[{"href":"https:\/\/greendisc.dev-project.digital\/de\/wp-json\/wp\/v2\/types\/product"}],"version-history":[{"count":0,"href":"https:\/\/greendisc.dev-project.digital\/de\/wp-json\/wp\/v2\/product\/30031\/revisions"}],"wp:featuredmedia":[{"embeddable":true,"href":"https:\/\/greendisc.dev-project.digital\/de\/wp-json\/wp\/v2\/media\/25209"}],"wp:attachment":[{"href":"https:\/\/greendisc.dev-project.digital\/de\/wp-json\/wp\/v2\/media?parent=30031"}],"wp:term":[{"taxonomy":"product_brand","embeddable":true,"href":"https:\/\/greendisc.dev-project.digital\/de\/wp-json\/wp\/v2\/product_brand?post=30031"},{"taxonomy":"product_cat","embeddable":true,"href":"https:\/\/greendisc.dev-project.digital\/de\/wp-json\/wp\/v2\/product_cat?post=30031"},{"taxonomy":"product_tag","embeddable":true,"href":"https:\/\/greendisc.dev-project.digital\/de\/wp-json\/wp\/v2\/product_tag?post=30031"}],"curies":[{"name":"wp","href":"https:\/\/api.w.org\/{rel}","templated":true}]}}