 {"id":30030,"date":"2023-11-14T12:23:39","date_gmt":"2023-11-14T11:23:39","guid":{"rendered":"https:\/\/greendisc.dev-project.digital\/\/product\/dutch-pro-wachsender-boden-erde-ab-10-ltr\/"},"modified":"2024-12-16T09:34:11","modified_gmt":"2024-12-16T08:34:11","slug":"dutch-pro-wachsender-boden-erde-ab-10-ltr","status":"publish","type":"product","link":"https:\/\/greendisc.dev-project.digital\/de\/produkt\/dutch-pro-wachsender-boden-erde-ab-10-ltr\/","title":{"rendered":"Dutch Pro; Wachsender Boden\/Erde A&amp;B 10 ltr"},"content":{"rendered":"<p><meta charset=\"utf-8\"><span data-mce-fragment=\"1\">Holl\u00e4ndischer Profi <\/span><meta charset=\"utf-8\"><span data-mce-fragment=\"1\">A+B Soil Basic Nutrition wurde speziell f\u00fcr Blumenerde entwickelt. Unser zweiteiliges System ist hochkonzentriert, um Ihnen Geld zu sparen und gleichzeitig alle notwendigen N\u00e4hrstoffe an Ihre Pflanzen zu liefern.<br data-mce-fragment=\"1\"><br data-mce-fragment=\"1\"><meta charset=\"utf-8\">Die Dutch Pro A+B Grow and Bloom Soil Feeders wurden speziell f\u00fcr Erde entwickelt. Unsere 2-teiligen Systeme sind hochkonzentriert, so dass Sie Geld sparen und Ihren Pflanzen alle notwendigen N\u00e4hrstoffe zuf\u00fchren k\u00f6nnen. Diese Produkte enthalten alle wichtigen Makro- und Mikron\u00e4hrstoffe, die f\u00fcr ein ausgezeichnetes Pflanzenwachstum und eine gute Bl\u00fcte ben\u00f6tigt werden. Auf der Grundlage des Liebig&#8217;schen Minimumgesetzes versorgt unsere Formel Ihre Pflanzen mit den 17 wichtigsten N\u00e4hrstoffen. Es ist wichtig, dass die Pflanzen nicht nur gen\u00fcgend N\u00e4hrstoffe erhalten, sondern auch im richtigen Verh\u00e4ltnis. Die hochwertigen, n\u00e4hrstoffreichen N\u00e4hrstoffe werden vollst\u00e4ndig absorbiert und hinterlassen wenig bis gar keine R\u00fcckst\u00e4nde, so dass Ihre Pflanzen sauber und kr\u00e4ftig bleiben.  <br data-mce-fragment=\"1\"><br data-mce-fragment=\"1\"><meta charset=\"utf-8\"><\/span><span data-mce-fragment=\"1\"><\/span><\/p>\n<p data-mce-fragment=\"1\">W\u00e4hrend der Wachstumsphase ist eine Pflanze am anf\u00e4lligsten. Pilz- und bakterienbedingte Krankheiten bedrohen unterentwickelte Wurzeln und Bl\u00e4tter. Die richtige Mischung aus den 17 essentiellen Elementen ist notwendig, um die Entwicklung einer Pflanze w\u00e4hrend der Wachstumsphase zu unterst\u00fctzen und eine maximale Wachstumsrate zu f\u00f6rdern. Die richtige Mischung macht und h\u00e4lt die Pflanze in diesem Stadium vital und stark.<\/p>\n<p data-mce-fragment=\"1\">A+B Grow Soil ist ein pr\u00e4zise gemischtes 2-Komponenten-System, das ein maximales Wachstum f\u00f6rdert und Ihre Pflanzen darauf vorbereitet, ihren maximalen Ertrag zu erreichen.<\/p>\n<p data-mce-fragment=\"1\">*A+B Grow Soil ist optimiert, um PPM 750-1.000 oder EC-Werte: 1,5-2,0 zu erreichen (Abweichungen sind m\u00f6glich), um noch bessere Ergebnisse zu erzielen!<\/p>\n","protected":false},"excerpt":{"rendered":"<p>Holl\u00e4ndischer Profi A+B Soil Basic Nutrition wurde speziell f\u00fcr Blumenerde entwickelt. Unser zweiteiliges System ist hochkonzentriert, um Ihnen Geld zu sparen und gleichzeitig alle notwendigen N\u00e4hrstoffe an Ihre Pflanzen zu liefern.<\/p>\n","protected":false},"featured_media":25201,"template":"","meta":[],"product_brand":[],"product_cat":[555,344],"product_tag":[],"class_list":{"0":"post-30030","1":"product","2":"type-product","3":"status-publish","4":"has-post-thumbnail","6":"product_cat-hollandischer-profi","7":"product_cat-pflanzennahrung","9":"first","10":"instock","11":"taxable","12":"shipping-taxable","13":"purchasable","14":"product-type-simple"},"_links":{"self":[{"href":"https:\/\/greendisc.dev-project.digital\/de\/wp-json\/wp\/v2\/product\/30030","targetHints":{"allow":["GET"]}}],"collection":[{"href":"https:\/\/greendisc.dev-project.digital\/de\/wp-json\/wp\/v2\/product"}],"about":[{"href":"https:\/\/greendisc.dev-project.digital\/de\/wp-json\/wp\/v2\/types\/product"}],"version-history":[{"count":0,"href":"https:\/\/greendisc.dev-project.digital\/de\/wp-json\/wp\/v2\/product\/30030\/revisions"}],"wp:featuredmedia":[{"embeddable":true,"href":"https:\/\/greendisc.dev-project.digital\/de\/wp-json\/wp\/v2\/media\/25201"}],"wp:attachment":[{"href":"https:\/\/greendisc.dev-project.digital\/de\/wp-json\/wp\/v2\/media?parent=30030"}],"wp:term":[{"taxonomy":"product_brand","embeddable":true,"href":"https:\/\/greendisc.dev-project.digital\/de\/wp-json\/wp\/v2\/product_brand?post=30030"},{"taxonomy":"product_cat","embeddable":true,"href":"https:\/\/greendisc.dev-project.digital\/de\/wp-json\/wp\/v2\/product_cat?post=30030"},{"taxonomy":"product_tag","embeddable":true,"href":"https:\/\/greendisc.dev-project.digital\/de\/wp-json\/wp\/v2\/product_tag?post=30030"}],"curies":[{"name":"wp","href":"https:\/\/api.w.org\/{rel}","templated":true}]}}