 {"id":30019,"date":"2023-11-14T12:23:33","date_gmt":"2023-11-14T11:23:33","guid":{"rendered":"https:\/\/greendisc.dev-project.digital\/\/product\/dutch-pro-bloom-hydro-cocos-ab-10-ltr\/"},"modified":"2024-12-16T09:34:08","modified_gmt":"2024-12-16T08:34:08","slug":"dutch-pro-bloom-hydro-cocos-ab-10-ltr","status":"publish","type":"product","link":"https:\/\/greendisc.dev-project.digital\/de\/produkt\/dutch-pro-bloom-hydro-cocos-ab-10-ltr\/","title":{"rendered":"Dutch Pro; Bloom Hydro\/cocos A&amp;B 10 ltr"},"content":{"rendered":"<p><meta charset=\"utf-8\"><span data-mce-fragment=\"1\">Holl\u00e4ndischer Profi <\/span><meta charset=\"utf-8\"><span data-mce-fragment=\"1\">A+B Hydro\/Coco Basisd\u00fcnger ist ausdr\u00fccklich f\u00fcr Hydro- oder Coco-Substrate konzipiert. Unser zweiteiliges System ist hochkonzentriert, um Ihnen Geld zu sparen und gleichzeitig alle notwendigen N\u00e4hrstoffe an Ihre Pflanzen zu liefern.<br data-mce-fragment=\"1\"><br data-mce-fragment=\"1\"><meta charset=\"utf-8\"><\/span><\/p>\n<p data-mce-fragment=\"1\">Diese Produkte enthalten alle wesentlichen Makro- und Mikron\u00e4hrstoffe, die f\u00fcr ein hervorragendes Pflanzenwachstum erforderlich sind. Unsere Formel basiert auf dem Liebigschen Gesetz und versorgt Ihre Pflanzen mit den 17 wichtigsten N\u00e4hrstoffen. Es ist wichtig, dass die Pflanzen nicht nur gen\u00fcgend N\u00e4hrstoffe erhalten, sondern auch im richtigen Verh\u00e4ltnis. Die hochwertigen, n\u00e4hrstoffreichen N\u00e4hrstoffe werden vollst\u00e4ndig absorbiert und hinterlassen wenig bis gar keine R\u00fcckst\u00e4nde, so dass Ihre Pflanzen sauber und kr\u00e4ftig bleiben.<br data-mce-fragment=\"1\"><br data-mce-fragment=\"1\">W\u00e4hrend der Bl\u00fctezeit bereiten sich die Pflanzen auf die Fortpflanzung vor. Zu diesem Zeitpunkt beginnt die Pflanze Fr\u00fcchte zu tragen, so dass der Pollen die weibliche Pflanze befruchten kann. Dieser Prozess kostet viel Energie. Das richtige Gleichgewicht der 17 essentiellen Elemente ist notwendig, um die Fruchtgr\u00f6\u00dfe und den Ertrag zu maximieren.<\/p>\n<p data-mce-fragment=\"1\">A+B Bloom Hydro\/Coco ist ein perfekt gemischtes 2-teiliges System, das die maximale Bl\u00fcte f\u00f6rdert und Ihre Pflanzen darauf vorbereitet, ihren maximalen Ertrag zu erreichen.<\/p>\n<p data-mce-fragment=\"1\">* A+B Bloom Hydro\/Coco ist f\u00fcr einen EC-Wert von 2,2-2,4 optimiert (Abweichungen hiervon sind m\u00f6glich), um noch bessere Ergebnisse zu erzielen!<\/p>\n<p data-mce-fragment=\"1\">*In unseren Produkten werden keine PGRs verwendet.<\/p>\n","protected":false},"excerpt":{"rendered":"<p>Holl\u00e4ndischer Profi A+B Hydro\/Coco Basisd\u00fcnger ist ausdr\u00fccklich f\u00fcr Hydro- oder Coco-Substrate konzipiert. Unser zweiteiliges System ist hochkonzentriert, um Ihnen Geld zu sparen und gleichzeitig alle notwendigen N\u00e4hrstoffe an Ihre Pflanzen zu liefern.<\/p>\n","protected":false},"featured_media":25191,"template":"","meta":[],"product_brand":[],"product_cat":[555,344],"product_tag":[],"class_list":{"0":"post-30019","1":"product","2":"type-product","3":"status-publish","4":"has-post-thumbnail","6":"product_cat-hollandischer-profi","7":"product_cat-pflanzennahrung","9":"first","10":"instock","11":"taxable","12":"shipping-taxable","13":"purchasable","14":"product-type-simple"},"_links":{"self":[{"href":"https:\/\/greendisc.dev-project.digital\/de\/wp-json\/wp\/v2\/product\/30019","targetHints":{"allow":["GET"]}}],"collection":[{"href":"https:\/\/greendisc.dev-project.digital\/de\/wp-json\/wp\/v2\/product"}],"about":[{"href":"https:\/\/greendisc.dev-project.digital\/de\/wp-json\/wp\/v2\/types\/product"}],"version-history":[{"count":0,"href":"https:\/\/greendisc.dev-project.digital\/de\/wp-json\/wp\/v2\/product\/30019\/revisions"}],"wp:featuredmedia":[{"embeddable":true,"href":"https:\/\/greendisc.dev-project.digital\/de\/wp-json\/wp\/v2\/media\/25191"}],"wp:attachment":[{"href":"https:\/\/greendisc.dev-project.digital\/de\/wp-json\/wp\/v2\/media?parent=30019"}],"wp:term":[{"taxonomy":"product_brand","embeddable":true,"href":"https:\/\/greendisc.dev-project.digital\/de\/wp-json\/wp\/v2\/product_brand?post=30019"},{"taxonomy":"product_cat","embeddable":true,"href":"https:\/\/greendisc.dev-project.digital\/de\/wp-json\/wp\/v2\/product_cat?post=30019"},{"taxonomy":"product_tag","embeddable":true,"href":"https:\/\/greendisc.dev-project.digital\/de\/wp-json\/wp\/v2\/product_tag?post=30019"}],"curies":[{"name":"wp","href":"https:\/\/api.w.org\/{rel}","templated":true}]}}