 {"id":30013,"date":"2023-11-14T12:23:54","date_gmt":"2023-11-14T11:23:54","guid":{"rendered":"https:\/\/greendisc.dev-project.digital\/\/product\/dutch-pro-wurzel-nehmen-5-ltr\/"},"modified":"2024-12-16T09:34:06","modified_gmt":"2024-12-16T08:34:06","slug":"dutch-pro-wurzel-nehmen-5-ltr","status":"publish","type":"product","link":"https:\/\/greendisc.dev-project.digital\/de\/produkt\/dutch-pro-wurzel-nehmen-5-ltr\/","title":{"rendered":"Dutch Pro; Wurzel nehmen 5 ltr."},"content":{"rendered":"<p><meta charset=\"utf-8\"><span data-mce-fragment=\"1\">Take Root von Dutch Pro ist ein Wachstumsstimulans, das die inneren und \u00e4u\u00dferen Eigenschaften von Jungpflanzen und deren Wurzelsystemen radikal verbessern kann. Unser Wurzelstimulator zielt speziell auf die Wurzeln ab, um starke und wei\u00dfe Wurzelsysteme zu schaffen.<br data-mce-fragment=\"1\"><br data-mce-fragment=\"1\"><meta charset=\"utf-8\">Wurzeln sind f\u00fcr die Entwicklung der Pflanzen und die Energiegewinnung unerl\u00e4sslich. Ohne Wurzeln wird es keine Fr\u00fcchte geben. Dieses einfache und leicht anzuwendende Produkt von Dutch Pro enth\u00e4lt mehrere Vitamine und Makron\u00e4hrstoffe, die Ihnen mehr zeigen als sagen. Take Root wird aus Rohstoffen in Lebensmittelqualit\u00e4t hergestellt und ist frei von Schwermetallen. Es hat alle gesetzlichen Anforderungen erf\u00fcllt und ist sicher in der Anwendung.<br data-mce-fragment=\"1\"><br data-mce-fragment=\"1\"><meta charset=\"utf-8\"><\/span><\/p>\n<p data-mce-fragment=\"1\">Wurzeln sind f\u00fcr die Entwicklung Ihrer Pflanze unerl\u00e4sslich. Je ges\u00fcnder Ihr Wurzelsystem ist, desto st\u00e4rker und dichter werden Ihre Pflanzen sein. Behandeln Sie Ihre Wurzeln gut, und sie werden Sie belohnen. Take Root regt Ihre Wurzeln an, mehr wei\u00dfe und gesunde Wurzelhaare zu bilden, um mehr N\u00e4hrstoffe aufzunehmen.<\/p>\n<p data-mce-fragment=\"1\">Take Root enth\u00e4lt mehrere Pflanzenhormone und Mikron\u00e4hrstoffe, die die Zellteilung, die Zellstreckung und den N\u00e4hrstofftransport stimulieren, was die gesamte Wurzelentwicklung w\u00e4hrend des fr\u00fchen vegetativen Wachstums unterst\u00fctzt. Die hochwertigen Komponenten werden vollst\u00e4ndig absorbiert und hinterlassen keine R\u00fcckst\u00e4nde. Mehr Wurzeln, mehr Fr\u00fcchte.<br data-mce-fragment=\"1\"><br data-mce-fragment=\"1\"><meta charset=\"utf-8\"><span data-mce-fragment=\"1\">Take Root liefert alle notwendigen N\u00e4hrstoffe, die eine Pflanze f\u00fcr die explosionsartige Aush\u00e4rtung ihrer Knospen ben\u00f6tigt. Es sorgt daf\u00fcr, dass die Pflanze widerstandsf\u00e4higer gegen Pilz- und Bakterienkrankheiten wird. Explode stimuliert auch die Produktion des gr\u00fcnen Pigments, des Chlorophylls, in den Bl\u00e4ttern. Chlorophyll wandelt Wasser und N\u00e4hrstoffe in Glukose um, was den Prozess der Photosynthese f\u00f6rdert. Der Prozess der Photosynthese, kombiniert mit der richtigen Beleuchtung, Kohlendioxid, Wasser und niederl\u00e4ndischen N\u00e4hrstoffen, hilft Ihren Pflanzen, mehr Glukose (Zucker) zu produzieren. Dies bewirkt, dass Ihre Knospen und Fr\u00fcchte explosionsartig an Gewicht und Geschmack zunehmen.<\/span><\/p>\n","protected":false},"excerpt":{"rendered":"<p>Take Root von Dutch Pro ist ein Wachstumsstimulans, das die inneren und \u00e4u\u00dferen Eigenschaften von Jungpflanzen und deren Wurzelsystemen radikal verbessern kann. Unser Wurzelstimulator zielt speziell auf die Wurzeln ab, um starke und wei\u00dfe Wurzelsysteme zu schaffen.<\/p>\n","protected":false},"featured_media":25227,"template":"","meta":[],"product_brand":[],"product_cat":[555,344],"product_tag":[],"class_list":{"0":"post-30013","1":"product","2":"type-product","3":"status-publish","4":"has-post-thumbnail","6":"product_cat-hollandischer-profi","7":"product_cat-pflanzennahrung","9":"first","10":"instock","11":"taxable","12":"shipping-taxable","13":"purchasable","14":"product-type-simple"},"_links":{"self":[{"href":"https:\/\/greendisc.dev-project.digital\/de\/wp-json\/wp\/v2\/product\/30013","targetHints":{"allow":["GET"]}}],"collection":[{"href":"https:\/\/greendisc.dev-project.digital\/de\/wp-json\/wp\/v2\/product"}],"about":[{"href":"https:\/\/greendisc.dev-project.digital\/de\/wp-json\/wp\/v2\/types\/product"}],"version-history":[{"count":0,"href":"https:\/\/greendisc.dev-project.digital\/de\/wp-json\/wp\/v2\/product\/30013\/revisions"}],"wp:featuredmedia":[{"embeddable":true,"href":"https:\/\/greendisc.dev-project.digital\/de\/wp-json\/wp\/v2\/media\/25227"}],"wp:attachment":[{"href":"https:\/\/greendisc.dev-project.digital\/de\/wp-json\/wp\/v2\/media?parent=30013"}],"wp:term":[{"taxonomy":"product_brand","embeddable":true,"href":"https:\/\/greendisc.dev-project.digital\/de\/wp-json\/wp\/v2\/product_brand?post=30013"},{"taxonomy":"product_cat","embeddable":true,"href":"https:\/\/greendisc.dev-project.digital\/de\/wp-json\/wp\/v2\/product_cat?post=30013"},{"taxonomy":"product_tag","embeddable":true,"href":"https:\/\/greendisc.dev-project.digital\/de\/wp-json\/wp\/v2\/product_tag?post=30013"}],"curies":[{"name":"wp","href":"https:\/\/api.w.org\/{rel}","templated":true}]}}