 {"id":30007,"date":"2023-11-14T12:23:47","date_gmt":"2023-11-14T11:23:47","guid":{"rendered":"https:\/\/greendisc.dev-project.digital\/\/product\/dutch-pro-ph-bloom-5-ltr\/"},"modified":"2024-12-16T09:34:04","modified_gmt":"2024-12-16T08:34:04","slug":"dutch-pro-ph-bloom-5-ltr","status":"publish","type":"product","link":"https:\/\/greendisc.dev-project.digital\/de\/produkt\/dutch-pro-ph-bloom-5-ltr\/","title":{"rendered":"Dutch Pro; PH- bloom, 5 ltr."},"content":{"rendered":"<p><meta charset=\"utf-8\"><span data-mce-fragment=\"1\">Holl\u00e4ndischer Profi <\/span><meta charset=\"utf-8\"><span data-mce-fragment=\"1\">pH- wurde speziell entwickelt, um den pH-Wert w\u00e4hrend der Bl\u00fctephase zu senken. pH-Bloom verwendet Phosphors\u00e4ure als Hauptbestandteil.<br data-mce-fragment=\"1\"><br data-mce-fragment=\"1\"><meta charset=\"utf-8\"><\/span><\/p>\n<p data-mce-fragment=\"1\">Der pH-Wert ist entscheidend f\u00fcr eine gute Ernte. Durch die Messung des pH-Werts wissen Z\u00fcchter genau, was ihre Pflanzen brauchen. Wenn Sie also die besten Ergebnisse erzielen m\u00f6chten, m\u00fcssen Sie die Faktoren messen, die Ihre Ergebnisse direkt beeinflussen. Im Boden k\u00f6nnen Sie allein aufgrund des Substrats zwischen pH 5,8 und 6,2 schwanken. Hydro\/Coco m\u00fcssen Sie am unteren Ende dieses Verh\u00e4ltnisses bleiben, etwa bei pH 5,8, um eine optimale N\u00e4hrstoffaufnahme zu erreichen.<\/p>\n<p data-mce-fragment=\"1\">*Es wird empfohlen, den pH-Wert von Zeit zu Zeit schwanken zu lassen, da dadurch bestimmte Elemente etwas besser aufgenommen werden k\u00f6nnen, als wenn der pH-Wert auf einem einzigen Wert bleibt.<\/p>\n","protected":false},"excerpt":{"rendered":"<p>Holl\u00e4ndischer Profi pH- wurde speziell entwickelt, um den pH-Wert w\u00e4hrend der Bl\u00fctephase zu senken. pH-Bloom verwendet Phosphors\u00e4ure als Hauptbestandteil.<\/p>\n","protected":false},"featured_media":25217,"template":"","meta":[],"product_brand":[],"product_cat":[555,344],"product_tag":[],"class_list":{"0":"post-30007","1":"product","2":"type-product","3":"status-publish","4":"has-post-thumbnail","6":"product_cat-hollandischer-profi","7":"product_cat-pflanzennahrung","9":"first","10":"instock","11":"taxable","12":"shipping-taxable","13":"purchasable","14":"product-type-simple"},"_links":{"self":[{"href":"https:\/\/greendisc.dev-project.digital\/de\/wp-json\/wp\/v2\/product\/30007","targetHints":{"allow":["GET"]}}],"collection":[{"href":"https:\/\/greendisc.dev-project.digital\/de\/wp-json\/wp\/v2\/product"}],"about":[{"href":"https:\/\/greendisc.dev-project.digital\/de\/wp-json\/wp\/v2\/types\/product"}],"version-history":[{"count":0,"href":"https:\/\/greendisc.dev-project.digital\/de\/wp-json\/wp\/v2\/product\/30007\/revisions"}],"wp:featuredmedia":[{"embeddable":true,"href":"https:\/\/greendisc.dev-project.digital\/de\/wp-json\/wp\/v2\/media\/25217"}],"wp:attachment":[{"href":"https:\/\/greendisc.dev-project.digital\/de\/wp-json\/wp\/v2\/media?parent=30007"}],"wp:term":[{"taxonomy":"product_brand","embeddable":true,"href":"https:\/\/greendisc.dev-project.digital\/de\/wp-json\/wp\/v2\/product_brand?post=30007"},{"taxonomy":"product_cat","embeddable":true,"href":"https:\/\/greendisc.dev-project.digital\/de\/wp-json\/wp\/v2\/product_cat?post=30007"},{"taxonomy":"product_tag","embeddable":true,"href":"https:\/\/greendisc.dev-project.digital\/de\/wp-json\/wp\/v2\/product_tag?post=30007"}],"curies":[{"name":"wp","href":"https:\/\/api.w.org\/{rel}","templated":true}]}}