 {"id":29998,"date":"2023-11-14T12:25:27","date_gmt":"2023-11-14T11:25:27","guid":{"rendered":"https:\/\/greendisc.dev-project.digital\/\/product\/gavita-pro-6-750e-de-flex\/"},"modified":"2024-12-16T09:33:58","modified_gmt":"2024-12-16T08:33:58","slug":"gavita-pro-6-750e-de-flex","status":"publish","type":"product","link":"https:\/\/greendisc.dev-project.digital\/de\/produkt\/gavita-pro-6-750e-de-flex\/","title":{"rendered":"Gavita Pro 6\/750e DE FLEX"},"content":{"rendered":"<p><meta charset=\"utf-8\"><\/p>\n<p data-mce-fragment=\"1\"><meta charset=\"utf-8\"><span data-mce-fragment=\"1\">Das &#8218;e&#8216; in &#8218;e-series&#8216; steht f\u00fcr externe Steuerung. Diese Leuchten k\u00f6nnen \u00fcber einen Gavita Master Controller zentral gesteuert werden. Dies ersetzt die oft umst\u00e4ndliche Installation mit Sch\u00fctzen und Uhren und f\u00fcgt Sicherheitsfunktionen hinzu, wie das automatische Dimmen Ihrer Beleuchtung bei hohen Temperaturen und sogar eine Sicherheitsabschaltung. Wir waren die ersten, die eine bipolare 1000W HPS-Lampe auf den Markt brachten und wir waren auch die ersten, die eine bipolare 750W HPS-Lampe einf\u00fchrten. Diese Lampe f\u00fcllt die L\u00fccke zwischen einem 600W Single-End und einem 1000W Bipolar-Leuchtmittel.<\/span><\/p>\n<p>In vielen R\u00e4umen haben Sie einfach nicht die H\u00f6he, um eine 1000W-Leuchte bei 100% zu betreiben, und in anderen R\u00e4umen brauchen Sie die Intensit\u00e4t nicht. Eine 1000W-Lampe st\u00e4ndig mit 750W zu betreiben, ist nicht w\u00fcnschenswert, da die Lampe nicht die volle Effizienz erreicht und sich das Spektrum verschlechtert. In solchen Situationen ist der 6\/750 DE FLEX die ideale L\u00f6sung, effizienter, g\u00fcnstiger und mit einem viel besseren Spektrum. Wir nennen sie 6\/\/750, weil ihre auf 600 W reduzierte Effizienz immer noch sehr gut ist: so gut wie jede andere 600 W HPS-Standardlampe. Mit der 750W-Lampe k\u00f6nnen Sie fast einen Fu\u00df n\u00e4her an Ihre Ernte herankommen (etwas weniger bei \u00dcberlappungen).<\/p>\n<p data-mce-fragment=\"1\">Die Leuchte besteht aus einem Vorschaltger\u00e4t, einem Reflektor und einer Lampe in einem kompakten Paket. Das nach Gartenbaustandards gefertigte Geh\u00e4use des Vorschaltger\u00e4ts ist versiegelt und enth\u00e4lt einen Gore-Tex\u00ae-Stopfen zur Bel\u00fcftung des Geh\u00e4uses, der Staub und Feuchtigkeit fernh\u00e4lt.<\/p>\n<p data-mce-fragment=\"1\">Die Leistung des Vorschaltger\u00e4ts wird entweder von den Gavita Master Controllern oder von einem externen Schalter gesteuert, so dass es auf 400, 500, 600, 750 W und 825 W verst\u00e4rkte Leistung eingestellt werden kann. Der Master Controller kann die Leistung von Hunderten von Leuchten in einem Bereich zwischen 375 und 825 W zentral verwalten. Mit dem Master Controller sch\u00fctzen Sie Ihre wertvolle Ernte durch die zus\u00e4tzlichen Funktionen Auto-Dim und Auto-Shutdown und automatisieren die Beleuchtung vollst\u00e4ndig. Das Hochfrequenz-Vorschaltger\u00e4t wurde speziell f\u00fcr die Gavita zweiseitig gesockelte HPS-Lampe entwickelt. Es sorgt f\u00fcr eine genaue, optimale Leistung, stabiles Brennen und eine verbesserte Lichtleistung im Laufe der Zeit. Das Vorschaltger\u00e4t ist nicht f\u00fcr den Betrieb von Halogen-Metalldampflampen geeignet.<\/p>\n","protected":false},"excerpt":{"rendered":"<p>Das &#8218;e&#8216; in &#8218;e-series&#8216; steht f\u00fcr externe Steuerung. Diese Leuchten k\u00f6nnen \u00fcber einen Gavita Master Controller zentral gesteuert werden. <\/p>\n","protected":false},"featured_media":25367,"template":"","meta":[],"product_brand":[],"product_cat":[337,359],"product_tag":[],"class_list":{"0":"post-29998","1":"product","2":"type-product","3":"status-publish","4":"has-post-thumbnail","6":"product_cat-beleuchtung","7":"product_cat-gavita-lampe","9":"first","10":"instock","11":"taxable","12":"shipping-taxable","13":"purchasable","14":"product-type-simple"},"_links":{"self":[{"href":"https:\/\/greendisc.dev-project.digital\/de\/wp-json\/wp\/v2\/product\/29998","targetHints":{"allow":["GET"]}}],"collection":[{"href":"https:\/\/greendisc.dev-project.digital\/de\/wp-json\/wp\/v2\/product"}],"about":[{"href":"https:\/\/greendisc.dev-project.digital\/de\/wp-json\/wp\/v2\/types\/product"}],"version-history":[{"count":0,"href":"https:\/\/greendisc.dev-project.digital\/de\/wp-json\/wp\/v2\/product\/29998\/revisions"}],"wp:featuredmedia":[{"embeddable":true,"href":"https:\/\/greendisc.dev-project.digital\/de\/wp-json\/wp\/v2\/media\/25367"}],"wp:attachment":[{"href":"https:\/\/greendisc.dev-project.digital\/de\/wp-json\/wp\/v2\/media?parent=29998"}],"wp:term":[{"taxonomy":"product_brand","embeddable":true,"href":"https:\/\/greendisc.dev-project.digital\/de\/wp-json\/wp\/v2\/product_brand?post=29998"},{"taxonomy":"product_cat","embeddable":true,"href":"https:\/\/greendisc.dev-project.digital\/de\/wp-json\/wp\/v2\/product_cat?post=29998"},{"taxonomy":"product_tag","embeddable":true,"href":"https:\/\/greendisc.dev-project.digital\/de\/wp-json\/wp\/v2\/product_tag?post=29998"}],"curies":[{"name":"wp","href":"https:\/\/api.w.org\/{rel}","templated":true}]}}