 {"id":29991,"date":"2023-11-14T12:26:01","date_gmt":"2023-11-14T11:26:01","guid":{"rendered":"https:\/\/greendisc.dev-project.digital\/\/product\/gruene-tulipz-bluete-ab-5-ltr\/"},"modified":"2025-04-14T21:34:16","modified_gmt":"2025-04-14T19:34:16","slug":"gruene-tulipz-bluete-ab-5-ltr","status":"publish","type":"product","link":"https:\/\/greendisc.dev-project.digital\/de\/produkt\/gruene-tulipz-bluete-ab-5-ltr\/","title":{"rendered":"Gr\u00fcne Tulipz, Bl\u00fcte A&amp;B 5 ltr"},"content":{"rendered":"<p><meta charset=\"utf-8\"><\/p>\n<p class=\"Default\" data-mce-fragment=\"1\"><span lang=\"EN-US\" data-mce-fragment=\"1\"><span data-mce-fragment=\"1\">Ein kompletter professioneller N\u00e4hrstoff f\u00fcr die Bl\u00fctephase der Pflanzen. Es wurde speziell f\u00fcr den Anbau in inerten Run-to-Waste-Systemen entwickelt.<\/span><\/span><\/p>\n<p class=\"Default\" data-mce-fragment=\"1\"><span lang=\"PT\" data-mce-fragment=\"1\"> <\/span><span lang=\"EN-US\" data-mce-fragment=\"1\"><span data-mce-fragment=\"1\">Vorteile von Green Tulipz Bloom D\u00fcnger:<\/span><\/span><\/p>\n<ul data-mce-fragment=\"1\">\n<li class=\"Default\" data-mce-fragment=\"1\"><span lang=\"EN-US\" data-mce-fragment=\"1\"><span data-mce-fragment=\"1\">Der D\u00fcnger von Green Tulipz Bloom ist f\u00fcr die Pflanze leicht verf\u00fcgbar und besteht aus der richtigen Zusammensetzung von N\u00e4hrstoffen, die w\u00e4hrend der Bl\u00fctephase entscheidend sind.<\/span><\/span><\/li>\n<li class=\"Default\" data-mce-fragment=\"1\"><span lang=\"EN-US\" data-mce-fragment=\"1\"><span data-mce-fragment=\"1\">Der D\u00fcnger Green Tulipz Bloom ber\u00fccksichtigt zum Beispiel weniger Stickstoff, aber einen erh\u00f6hten Bedarf an Kalium und Phosphor.<\/span><\/span><\/li>\n<li class=\"Default\" data-mce-fragment=\"1\"><span lang=\"EN-US\" data-mce-fragment=\"1\"><span data-mce-fragment=\"1\">Dar\u00fcber hinaus ist die einzigartige Formel des Green Tulipz Bloom-D\u00fcngers reich an chelatierten Spurenelementen in einer sofort absorbierbaren Form. Dies f\u00fchrt zu einer \u00fcppigen Bl\u00fcte.<\/span><\/span><\/li>\n<\/ul>\n<p class=\"Default\" data-mce-fragment=\"1\"><span lang=\"EN-US\" data-mce-fragment=\"1\"><span data-mce-fragment=\"1\">250ml BLOOM A und 250ml BLOOM B pro 100L Wasser.<\/span><\/span><\/p>\n<p class=\"Default\" data-mce-fragment=\"1\"><b data-mce-fragment=\"1\"><span lang=\"EN-US\" data-mce-fragment=\"1\"><span data-mce-fragment=\"1\">Die aktiven Bestandteile (in Gewichtsprozent) in BLOOM A sind:<\/span><\/span><\/b><\/p>\n<ul data-mce-fragment=\"1\">\n<li class=\"Default\" data-mce-fragment=\"1\"><span lang=\"PT\" data-mce-fragment=\"1\"><span data-mce-fragment=\"1\">Stickstoff (N): 3%<\/span><\/span><\/li>\n<li class=\"Default\" data-mce-fragment=\"1\"><span lang=\"PT\" data-mce-fragment=\"1\"><span data-mce-fragment=\"1\">Kalzium (CaO): 3%<\/span><\/span><\/li>\n<li class=\"Default\" data-mce-fragment=\"1\"><span lang=\"PT\" data-mce-fragment=\"1\"><span data-mce-fragment=\"1\">Magnesium (MgO): 1%<\/span><\/span><\/li>\n<\/ul>\n<p class=\"Default\" data-mce-fragment=\"1\"><span lang=\"PT\" data-mce-fragment=\"1\"> <\/span><span lang=\"EN-US\" data-mce-fragment=\"1\"><span data-mce-fragment=\"1\">Enth\u00e4lt die folgenden Spurenelemente: B, Cu, Fe, Mn, Mo, Zn<\/span><\/span><\/p>\n<p class=\"Default\" data-mce-fragment=\"1\"><span lang=\"PT\" data-mce-fragment=\"1\"> <\/span><b data-mce-fragment=\"1\"><span lang=\"EN-US\" data-mce-fragment=\"1\"><span data-mce-fragment=\"1\">Die aktiven Bestandteile (in Gewichtsprozent) in BLOOM B sind:<\/span><\/span><\/b><\/p>\n<ul data-mce-fragment=\"1\">\n<li class=\"Default\" data-mce-fragment=\"1\"><span lang=\"PT\" data-mce-fragment=\"1\"><span data-mce-fragment=\"1\">Stickstoff (N): 1%<\/span><\/span><\/li>\n<li class=\"Default\" data-mce-fragment=\"1\"><span lang=\"PT\" data-mce-fragment=\"1\"><span data-mce-fragment=\"1\">Phosphat (P2O5): 3%<\/span><\/span><\/li>\n<li class=\"Default\" data-mce-fragment=\"1\"><span lang=\"PT\" data-mce-fragment=\"1\"><span data-mce-fragment=\"1\">Kalium (K2O): 7%<\/span><\/span><\/li>\n<li class=\"Default\" data-mce-fragment=\"1\"><span lang=\"PT\" data-mce-fragment=\"1\"><span data-mce-fragment=\"1\">Schwefel (SO3): 2%<\/span><\/span><\/li>\n<\/ul>\n","protected":false},"excerpt":{"rendered":"<p>Ein kompletter professioneller N\u00e4hrstoff f\u00fcr die Bl\u00fctephase der Pflanzen. Es wurde speziell f\u00fcr den Anbau in inerten Run-to-Waste-Systemen entwickelt.<\/p>\n","protected":false},"featured_media":25425,"template":"","meta":[],"product_brand":[],"product_cat":[451,344],"product_tag":[],"class_list":{"0":"post-29991","1":"product","2":"type-product","3":"status-publish","4":"has-post-thumbnail","6":"product_cat-grune-tulipz","7":"product_cat-pflanzennahrung","9":"first","10":"instock","11":"taxable","12":"shipping-taxable","13":"purchasable","14":"product-type-simple"},"_links":{"self":[{"href":"https:\/\/greendisc.dev-project.digital\/de\/wp-json\/wp\/v2\/product\/29991","targetHints":{"allow":["GET"]}}],"collection":[{"href":"https:\/\/greendisc.dev-project.digital\/de\/wp-json\/wp\/v2\/product"}],"about":[{"href":"https:\/\/greendisc.dev-project.digital\/de\/wp-json\/wp\/v2\/types\/product"}],"version-history":[{"count":0,"href":"https:\/\/greendisc.dev-project.digital\/de\/wp-json\/wp\/v2\/product\/29991\/revisions"}],"wp:featuredmedia":[{"embeddable":true,"href":"https:\/\/greendisc.dev-project.digital\/de\/wp-json\/wp\/v2\/media\/25425"}],"wp:attachment":[{"href":"https:\/\/greendisc.dev-project.digital\/de\/wp-json\/wp\/v2\/media?parent=29991"}],"wp:term":[{"taxonomy":"product_brand","embeddable":true,"href":"https:\/\/greendisc.dev-project.digital\/de\/wp-json\/wp\/v2\/product_brand?post=29991"},{"taxonomy":"product_cat","embeddable":true,"href":"https:\/\/greendisc.dev-project.digital\/de\/wp-json\/wp\/v2\/product_cat?post=29991"},{"taxonomy":"product_tag","embeddable":true,"href":"https:\/\/greendisc.dev-project.digital\/de\/wp-json\/wp\/v2\/product_tag?post=29991"}],"curies":[{"name":"wp","href":"https:\/\/api.w.org\/{rel}","templated":true}]}}