 {"id":29983,"date":"2023-11-14T12:25:57","date_gmt":"2023-11-14T11:25:57","guid":{"rendered":"https:\/\/greendisc.dev-project.digital\/\/product\/gruener-tulipz-zym-1l\/"},"modified":"2024-12-16T09:33:54","modified_gmt":"2024-12-16T08:33:54","slug":"gruener-tulipz-zym-1l","status":"publish","type":"product","link":"https:\/\/greendisc.dev-project.digital\/de\/produkt\/gruener-tulipz-zym-1l\/","title":{"rendered":"Gr\u00fcner Tulipz Zym 1L"},"content":{"rendered":"<p><meta charset=\"utf-8\"><\/p>\n<p class=\"Default\" data-mce-fragment=\"1\"><span lang=\"EN-US\" data-mce-fragment=\"1\"><span data-mce-fragment=\"1\">Green Tulipz Pure Zym ist ein Biokatalysator. Die  <\/span><\/span><span data-mce-fragment=\"1\"><span lang=\"EN-US\" data-mce-fragment=\"1\">Beschleunigt die Zersetzung von abgestorbenem Wurzelmaterial und aktiviert die n\u00fctzlichen Mikroorganismen.  <\/span><span lang=\"EN-US\" data-mce-fragment=\"1\">Dieses biotechnologische Produkt besteht aus 16 Schl\u00fcsselenzymkomplexen, die durch Coenzyme erg\u00e4nzt werden, um eine maximale Wirksamkeit und Langlebigkeit zu gew\u00e4hrleisten und um die Enzyme nach dem Abbau von Zellulose zu &#8222;recyceln&#8220;.  <\/span><span lang=\"EN-US\" data-mce-fragment=\"1\">Gr\u00fcne Tulipz Reines Zym  <\/span><span lang=\"EN-US\" data-mce-fragment=\"1\">hilft den Pflanzen auch bei der N\u00e4hrstoffaufnahme und erh\u00f6ht die Krankheitsresistenz. Schlie\u00dflich haben wir Vitamine hinzugef\u00fcgt, die eine Rolle beim Transport der abgebauten N\u00e4hrstoffbausteine und bei der St\u00e4rkung der Zellwandstrukturen spielen.<\/span><\/span><span lang=\"PT\" data-mce-fragment=\"1\"> <\/span><span lang=\"EN-US\" data-mce-fragment=\"1\"><span data-mce-fragment=\"1\"><\/span><\/span><span lang=\"PT\" data-mce-fragment=\"1\"> <\/span><span lang=\"EN-US\" data-mce-fragment=\"1\"><span data-mce-fragment=\"1\"><\/span><\/span><span lang=\"PT\" data-mce-fragment=\"1\"> <\/span><span lang=\"EN-US\" data-mce-fragment=\"1\"><span data-mce-fragment=\"1\"><\/span><\/span><\/p>\n<p class=\"Default\" data-mce-fragment=\"1\"><span lang=\"EN-US\" data-mce-fragment=\"1\"><span data-mce-fragment=\"1\">Beginnen Sie mit der Anwendung von Enzymen ab Tag 1 und wiederholen Sie sie regelm\u00e4\u00dfig, um ihre Wirksamkeit sicherzustellen.<\/span><\/span><\/p>\n<p class=\"Default\" data-mce-fragment=\"1\"><b data-mce-fragment=\"1\"><br \/>\n  <span lang=\"FR\" data-mce-fragment=\"1\"><br \/>\n    <span data-mce-fragment=\"1\">Enth\u00e4lt:<\/span><br \/>\n  <\/span><br \/>\n<\/b><span lang=\"PT\" data-mce-fragment=\"1\"><br \/>\n  <span data-mce-fragment=\"1\"> Enzymkomplex <\/span><br \/>\n<\/span><span lang=\"IT\" data-mce-fragment=\"1\"><br \/>\n  <span data-mce-fragment=\"1\">Endo-Glucanase, Cellobiohydrolase, B-Glucosidase, enzymatische N\u00e4hrstoffe, Vitamine, Nikotins\u00e4ure, Magnesiumsulfat <\/span><br \/>\n<\/span><span data-mce-fragment=\"1\"><br \/>\n  <span lang=\"EN-US\" data-mce-fragment=\"1\">, organische Konservierungsstoffe, Kaliumsulfat, UV-Stabilisatoren und nat\u00fcrliche S\u00e4uren.<\/span><br \/>\n<\/span><span lang=\"PT\" data-mce-fragment=\"1\"> <\/span><span lang=\"EN-US\" data-mce-fragment=\"1\"><span data-mce-fragment=\"1\"><\/span><\/span><\/p>\n","protected":false},"excerpt":{"rendered":"<p>Green Tulipz Pure Zym ist ein Biokatalysator. Die  Beschleunigt die Zersetzung von abgestorbenem Wurzelmaterial und aktiviert die n\u00fctzlichen Mikroorganismen.<\/p>\n","protected":false},"featured_media":25419,"template":"","meta":[],"product_brand":[],"product_cat":[451,344],"product_tag":[],"class_list":{"0":"post-29983","1":"product","2":"type-product","3":"status-publish","4":"has-post-thumbnail","6":"product_cat-grune-tulipz","7":"product_cat-pflanzennahrung","9":"first","10":"instock","11":"taxable","12":"shipping-taxable","13":"purchasable","14":"product-type-simple"},"_links":{"self":[{"href":"https:\/\/greendisc.dev-project.digital\/de\/wp-json\/wp\/v2\/product\/29983","targetHints":{"allow":["GET"]}}],"collection":[{"href":"https:\/\/greendisc.dev-project.digital\/de\/wp-json\/wp\/v2\/product"}],"about":[{"href":"https:\/\/greendisc.dev-project.digital\/de\/wp-json\/wp\/v2\/types\/product"}],"version-history":[{"count":0,"href":"https:\/\/greendisc.dev-project.digital\/de\/wp-json\/wp\/v2\/product\/29983\/revisions"}],"wp:featuredmedia":[{"embeddable":true,"href":"https:\/\/greendisc.dev-project.digital\/de\/wp-json\/wp\/v2\/media\/25419"}],"wp:attachment":[{"href":"https:\/\/greendisc.dev-project.digital\/de\/wp-json\/wp\/v2\/media?parent=29983"}],"wp:term":[{"taxonomy":"product_brand","embeddable":true,"href":"https:\/\/greendisc.dev-project.digital\/de\/wp-json\/wp\/v2\/product_brand?post=29983"},{"taxonomy":"product_cat","embeddable":true,"href":"https:\/\/greendisc.dev-project.digital\/de\/wp-json\/wp\/v2\/product_cat?post=29983"},{"taxonomy":"product_tag","embeddable":true,"href":"https:\/\/greendisc.dev-project.digital\/de\/wp-json\/wp\/v2\/product_tag?post=29983"}],"curies":[{"name":"wp","href":"https:\/\/api.w.org\/{rel}","templated":true}]}}