 {"id":29979,"date":"2023-11-14T12:25:56","date_gmt":"2023-11-14T11:25:56","guid":{"rendered":"https:\/\/greendisc.dev-project.digital\/\/product\/gruenes-tulipz-terpz-1l\/"},"modified":"2024-12-16T09:33:52","modified_gmt":"2024-12-16T08:33:52","slug":"gruenes-tulipz-terpz-1l","status":"publish","type":"product","link":"https:\/\/greendisc.dev-project.digital\/de\/produkt\/gruenes-tulipz-terpz-1l\/","title":{"rendered":"Gr\u00fcnes Tulipz Terpz 1L"},"content":{"rendered":"<p><meta charset=\"utf-8\"><\/p>\n<p class=\"Default\" data-mce-fragment=\"1\"><span lang=\"EN-US\" data-mce-fragment=\"1\"><span data-mce-fragment=\"1\">Ein universelles Pflanzenst\u00e4rkungsmittel und verbessert das allgemeine Wachstum. Es stimuliert die Produktion von Chlorophyll in der Pflanze und erm\u00f6glicht es der Pflanze, Energie aus dem Licht zu absorbieren. Chlorophyll ist f\u00fcr die Photosynthese unerl\u00e4sslich und hat einen gro\u00dfen Einfluss auf die Kronenbildung, die Wurzelbildung und die Produktion von Terpenen in verschiedenen Pflanzenarten.<\/span><\/span><\/p>\n<p class=\"Default\" data-mce-fragment=\"1\"><span lang=\"IT\" data-mce-fragment=\"1\"><br \/>\n  <span data-mce-fragment=\"1\">Reines Terpz <\/span><br \/>\n<\/span><span data-mce-fragment=\"1\"><br \/>\n  <span lang=\"EN-US\" data-mce-fragment=\"1\">erh\u00f6ht die Ec-Werte nicht. <\/span><br \/>\n  <span lang=\"EN-US\" data-mce-fragment=\"1\">Es enth\u00e4lt Vitamine und Mikron\u00e4hrstoffe, Chitin, Salicyls\u00e4ure, Fetts\u00e4uren (Palmat- und \u00d6ls\u00e4ure), Zeatin, Triacontanol und 9-BL Adenosin.<\/span><br \/>\n<\/span><span lang=\"PT\" data-mce-fragment=\"1\"> <\/span><\/p>\n","protected":false},"excerpt":{"rendered":"<p>Ein universelles Pflanzenst\u00e4rkungsmittel und verbessert das allgemeine Wachstum. Es stimuliert die Produktion von Chlorophyll in der Pflanze und erm\u00f6glicht es der Pflanze, Energie aus dem Licht zu absorbieren. <\/p>\n","protected":false},"featured_media":25415,"template":"","meta":[],"product_brand":[],"product_cat":[451,344],"product_tag":[],"class_list":{"0":"post-29979","1":"product","2":"type-product","3":"status-publish","4":"has-post-thumbnail","6":"product_cat-grune-tulipz","7":"product_cat-pflanzennahrung","9":"first","10":"instock","11":"taxable","12":"shipping-taxable","13":"purchasable","14":"product-type-simple"},"_links":{"self":[{"href":"https:\/\/greendisc.dev-project.digital\/de\/wp-json\/wp\/v2\/product\/29979","targetHints":{"allow":["GET"]}}],"collection":[{"href":"https:\/\/greendisc.dev-project.digital\/de\/wp-json\/wp\/v2\/product"}],"about":[{"href":"https:\/\/greendisc.dev-project.digital\/de\/wp-json\/wp\/v2\/types\/product"}],"version-history":[{"count":0,"href":"https:\/\/greendisc.dev-project.digital\/de\/wp-json\/wp\/v2\/product\/29979\/revisions"}],"wp:featuredmedia":[{"embeddable":true,"href":"https:\/\/greendisc.dev-project.digital\/de\/wp-json\/wp\/v2\/media\/25415"}],"wp:attachment":[{"href":"https:\/\/greendisc.dev-project.digital\/de\/wp-json\/wp\/v2\/media?parent=29979"}],"wp:term":[{"taxonomy":"product_brand","embeddable":true,"href":"https:\/\/greendisc.dev-project.digital\/de\/wp-json\/wp\/v2\/product_brand?post=29979"},{"taxonomy":"product_cat","embeddable":true,"href":"https:\/\/greendisc.dev-project.digital\/de\/wp-json\/wp\/v2\/product_cat?post=29979"},{"taxonomy":"product_tag","embeddable":true,"href":"https:\/\/greendisc.dev-project.digital\/de\/wp-json\/wp\/v2\/product_tag?post=29979"}],"curies":[{"name":"wp","href":"https:\/\/api.w.org\/{rel}","templated":true}]}}