 {"id":29974,"date":"2023-11-14T12:25:28","date_gmt":"2023-11-14T11:25:28","guid":{"rendered":"https:\/\/greendisc.dev-project.digital\/\/product\/gavita-pro-600-se\/"},"modified":"2024-12-16T09:33:51","modified_gmt":"2024-12-16T08:33:51","slug":"gavita-pro-600-se","status":"publish","type":"product","link":"https:\/\/greendisc.dev-project.digital\/de\/produkt\/gavita-pro-600-se\/","title":{"rendered":"Gavita PRO 600 SE"},"content":{"rendered":"<p><meta charset=\"utf-8\"><\/p>\n<div data-mce-fragment=\"1\">Die neue Gavita Pro line e-series eignet sich f\u00fcr die eigenst\u00e4ndige oder zentrale Steuerung mit den Gavita Master Lichtsteuerungen. Jetzt haben Sie die volle Kontrolle \u00fcber die Beleuchtung in der Hand. Die Gavita Pro Line HPS-Leuchten sind der professionelle Standard f\u00fcr effiziente Klimaraumbeleuchtung.<\/div>\n<div data-mce-fragment=\"1\"><br data-mce-fragment=\"1\"><\/div>\n<div data-mce-fragment=\"1\">\n<strong data-mce-fragment=\"1\">Vorteile<\/strong>:<\/div>\n<div data-mce-fragment=\"1\">Vollst\u00e4ndig abgedichtetes Geh\u00e4use mit GORE-TEX Bel\u00fcftungsstopfen.<\/div>\n<div data-mce-fragment=\"1\">Keine beweglichen Teile,<\/div>\n<div data-mce-fragment=\"1\">V\u00f6llig ger\u00e4uschlos und k\u00fchl anzufassen, geeignet f\u00fcr Hochfrequenz 400V<\/div>\n<div data-mce-fragment=\"1\">Elektronische Gartenbaulampen mit 10-25% mehr Leistung als herk\u00f6mmliche HPS-Lampen.<\/div>\n<div data-mce-fragment=\"1\">Hohe Lichtwartung: &gt; 95% pro Jahr<\/div>\n<div data-mce-fragment=\"1\">Wechseln Sie die Lampe einmal im Jahr<\/div>\n<div data-mce-fragment=\"1\">Auswechselbarer Gavita HR96 Reflektor mit 96% Wirkungsgrad f\u00fcr optimale Effizienz<\/div>\n<div data-mce-fragment=\"1\">Kontrollierbare Leistung: Dimmen oder erh\u00f6hen Sie Ihr Licht.<\/div>\n<div data-mce-fragment=\"1\">Soft Dim zum Wachsen, bei dem sich die Ausgabe allm\u00e4hlich \u00e4ndert, wenn Sie wechseln.<\/div>\n<div data-mce-fragment=\"1\">Keine Probleme mit elektromagnetischen St\u00f6rungen durch das integrierte Design.<\/div>\n<div data-mce-fragment=\"1\"><br data-mce-fragment=\"1\"><\/div>\n<div data-mce-fragment=\"1\"><strong data-mce-fragment=\"1\">Merkmale:<\/strong><\/div>\n<ul type=\"disc\" data-mce-fragment=\"1\">\n<li data-mce-fragment=\"1\">Plug&amp;Play<\/li>\n<li data-mce-fragment=\"1\">Die Leuchte wird mit einer Gavita Pro Plus 600W 400V EL Lampe geliefert,<\/li>\n<li data-mce-fragment=\"1\">2100 ?mol s-1 h\u00f6chste Leistung und Effizienz auf dem Markt (A ++ Energielabel)<\/li>\n<li data-mce-fragment=\"1\">Geeignet f\u00fcr Gavita Master Controller<\/li>\n<li data-mce-fragment=\"1\">Plug-and-Play-Installation<\/li>\n<li data-mce-fragment=\"1\">Kontrollbereich 50-115%<\/li>\n<li data-mce-fragment=\"1\">CE-zertifiziert<\/li>\n<\/ul>\n","protected":false},"excerpt":{"rendered":"<p>Die neue Gavita Pro line e-series eignet sich f\u00fcr die eigenst\u00e4ndige oder zentrale Steuerung mit den Gavita Master Lichtsteuerungen. Jetzt haben Sie die volle Kontrolle \u00fcber die Beleuchtung in der Hand. <\/p>\n","protected":false},"featured_media":25371,"template":"","meta":[],"product_brand":[],"product_cat":[337,359,498],"product_tag":[],"class_list":{"0":"post-29974","1":"product","2":"type-product","3":"status-publish","4":"has-post-thumbnail","6":"product_cat-beleuchtung","7":"product_cat-gavita-lampe","8":"product_cat-komplette-hps-leuchten","10":"first","11":"instock","12":"taxable","13":"shipping-taxable","14":"purchasable","15":"product-type-simple"},"_links":{"self":[{"href":"https:\/\/greendisc.dev-project.digital\/de\/wp-json\/wp\/v2\/product\/29974","targetHints":{"allow":["GET"]}}],"collection":[{"href":"https:\/\/greendisc.dev-project.digital\/de\/wp-json\/wp\/v2\/product"}],"about":[{"href":"https:\/\/greendisc.dev-project.digital\/de\/wp-json\/wp\/v2\/types\/product"}],"version-history":[{"count":0,"href":"https:\/\/greendisc.dev-project.digital\/de\/wp-json\/wp\/v2\/product\/29974\/revisions"}],"wp:featuredmedia":[{"embeddable":true,"href":"https:\/\/greendisc.dev-project.digital\/de\/wp-json\/wp\/v2\/media\/25371"}],"wp:attachment":[{"href":"https:\/\/greendisc.dev-project.digital\/de\/wp-json\/wp\/v2\/media?parent=29974"}],"wp:term":[{"taxonomy":"product_brand","embeddable":true,"href":"https:\/\/greendisc.dev-project.digital\/de\/wp-json\/wp\/v2\/product_brand?post=29974"},{"taxonomy":"product_cat","embeddable":true,"href":"https:\/\/greendisc.dev-project.digital\/de\/wp-json\/wp\/v2\/product_cat?post=29974"},{"taxonomy":"product_tag","embeddable":true,"href":"https:\/\/greendisc.dev-project.digital\/de\/wp-json\/wp\/v2\/product_tag?post=29974"}],"curies":[{"name":"wp","href":"https:\/\/api.w.org\/{rel}","templated":true}]}}