 {"id":29972,"date":"2023-11-14T12:22:54","date_gmt":"2023-11-14T11:22:54","guid":{"rendered":"https:\/\/greendisc.dev-project.digital\/\/product\/dimlux-expert-serie-mk2-600-750-w-el-uhf-dxo\/"},"modified":"2025-03-25T10:48:22","modified_gmt":"2025-03-25T09:48:22","slug":"dimlux-expert-serie-mk2-600-750-w-el-uhf-dxo","status":"publish","type":"product","link":"https:\/\/greendisc.dev-project.digital\/de\/produkt\/dimlux-expert-serie-mk2-600-750-w-el-uhf-dxo\/","title":{"rendered":"Dimlux Expert Serie MK2, 600 \/ 750 W EL UHF DXO"},"content":{"rendered":"<p data-pm-slice=\"1 1 []\"><strong>DIMLUX EXPERT SERIES 600\/750W MKII EL UHF DXO &#8211; DIE ULTIMATIVE WACHSTUMSLAMPE<\/strong><\/p>\n<h3>Das leistungsst\u00e4rkste und effizienteste Wachstumslicht auf dem Markt<\/h3>\n<p>Die <strong>Dimlux Expert MKII<\/strong> ist eine fortschrittliche Serie von Komplettleuchten, die f\u00fcr professionelle Z\u00fcchter entwickelt wurde. Der neue <strong>600\/750W MKII<\/strong> Scheinwerfer hat eine erh\u00f6hte Leistung von <strong>750W<\/strong> und ist damit der leistungsst\u00e4rkste Scheinwerfer seiner Klasse. Dieses Modell \u00fcbertrifft jede andere <strong>600W<\/strong> und sogar <strong>750W (DE)<\/strong> Lampe in Bezug auf <strong>PAR-Ausgang, Effizienz und PAR-Retention<\/strong>.<\/p>\n<h3>Superior DXO Dimlux Xtreme Output 600\/750W 400V EL Lampe<\/h3>\n<p>Um den erh\u00f6hten Boost voll auszunutzen, wurde die speziell entwickelte <strong>DXO Dimlux Xtreme Output 600\/750W 400V EL Lampe<\/strong> installiert. W\u00e4hrend herk\u00f6mmliche 600W-Lampen oberhalb von <strong>720W<\/strong> schnell an Leistung verlieren, beh\u00e4lt diese Lampe auch <strong>nach 10.000 Betriebsstunden noch 95% ihrer Effizienz<\/strong>.<\/p>\n<h3>Maximale Lichtreflexion mit dem Ultra Optics Reflektor<\/h3>\n<p>Der Reflektor optimiert die Lichtstreuung und minimiert den Lichtverlust, was zu folgenden Ergebnissen f\u00fchrt: \u2714 L\u00e4ngere Lebensdauer der Lampe<br \/>\n\u2714 Niedrigere Betriebstemperatur<br \/>\n\u2714 Niedrigere K\u00fchlkosten<\/p>\n<h3>Entwickelt f\u00fcr professionelle G\u00e4rtner<\/h3>\n<p>Die <strong>DXO HPS 400V 600\/750W EL-Lampe<\/strong> wurde speziell f\u00fcr den professionellen Einsatz im kommerziellen Gartenbau entwickelt. Mit ihrem hohen <strong>PAR-Output und der optimalen PAR-Retention<\/strong> ist diese Lampe perfekt f\u00fcr die Bl\u00fctephase geeignet und sorgt f\u00fcr eine maximale Gewichtszunahme.<\/p>\n<h4><strong>Wichtige Spezifikationen<\/strong><\/h4>\n<p>\u2705 <strong>Lichtleistung PAR (PPF 400-700nm):<\/strong> 1536 \u03bcmol\/s @750W<br \/>\n\u2705 <strong>Lichtleistung PAR Total (PPF 350-800nm):<\/strong> 1690 \u03bcmol\/s @750W<br \/>\n\u2705 <strong>System-Photonen-Effizienz PAR (PPE 400-700nm):<\/strong> 2,04 \u03bcmol\/J @700-750W<br \/>\n\u2705 <strong>System-Photonen-Effizienz PAR Gesamt (PPE 350-800nm):<\/strong> 2,24 \u03bcmol\/J @700-750W<\/p>\n<h3>Warum sollten Sie sich f\u00fcr den Dimlux Expert MKII entscheiden?<\/h3>\n<p>\u2714 <strong>H\u00f6chste Lichtleistung<\/strong> in seiner Klasse<br \/>\n\u2714 <strong>\u00dcberlegene PAR-Retention<\/strong> nach 10.000 Stunden<br \/>\n\u2714 <strong>Perfekte Leistung sowohl beim Dimmen als auch beim Boosten<\/strong><br \/>\n\u2714 <strong>Ideal f\u00fcr kommerzielle Z\u00fcchter<\/strong><br \/>\n\u2714 <strong>Energiesparend mit geringeren K\u00fchlkosten<\/strong><\/p>\n<p>Der <strong>Dimlux Expert MKII 600\/750W<\/strong> ist die absolute Wahl f\u00fcr alle, die ein Maximum an Ertrag und Qualit\u00e4t suchen. Sind Sie bereit, Ihre Wachstumsergebnisse auf die n\u00e4chste Stufe zu heben? Bestellen Sie jetzt und erleben Sie die Kraft von Dimlux!<\/p>\n","protected":false},"excerpt":{"rendered":"<p>Die Dimlux Expert MKII ist eine fortschrittliche Serie von Komplettleuchten, die f\u00fcr professionelle Z\u00fcchter entwickelt wurde. Der neue 600\/750W MKII Scheinwerfer hat eine erh\u00f6hte Leistung von 750W und ist damit der leistungsst\u00e4rkste Scheinwerfer seiner Klasse. Dieses Modell \u00fcbertrifft jede andere 600W und sogar 750W (DE) Lampe in Bezug auf PAR-Ausgang, Effizienz und PAR-Retention.<\/p>\n","protected":false},"featured_media":25085,"template":"","meta":[],"product_brand":[],"product_cat":[337,497,498],"product_tag":[],"class_list":{"0":"post-29972","1":"product","2":"type-product","3":"status-publish","4":"has-post-thumbnail","6":"product_cat-beleuchtung","7":"product_cat-dimlux-lampe","8":"product_cat-komplette-hps-leuchten","10":"first","11":"instock","12":"taxable","13":"shipping-taxable","14":"purchasable","15":"product-type-simple"},"_links":{"self":[{"href":"https:\/\/greendisc.dev-project.digital\/de\/wp-json\/wp\/v2\/product\/29972","targetHints":{"allow":["GET"]}}],"collection":[{"href":"https:\/\/greendisc.dev-project.digital\/de\/wp-json\/wp\/v2\/product"}],"about":[{"href":"https:\/\/greendisc.dev-project.digital\/de\/wp-json\/wp\/v2\/types\/product"}],"version-history":[{"count":0,"href":"https:\/\/greendisc.dev-project.digital\/de\/wp-json\/wp\/v2\/product\/29972\/revisions"}],"wp:featuredmedia":[{"embeddable":true,"href":"https:\/\/greendisc.dev-project.digital\/de\/wp-json\/wp\/v2\/media\/25085"}],"wp:attachment":[{"href":"https:\/\/greendisc.dev-project.digital\/de\/wp-json\/wp\/v2\/media?parent=29972"}],"wp:term":[{"taxonomy":"product_brand","embeddable":true,"href":"https:\/\/greendisc.dev-project.digital\/de\/wp-json\/wp\/v2\/product_brand?post=29972"},{"taxonomy":"product_cat","embeddable":true,"href":"https:\/\/greendisc.dev-project.digital\/de\/wp-json\/wp\/v2\/product_cat?post=29972"},{"taxonomy":"product_tag","embeddable":true,"href":"https:\/\/greendisc.dev-project.digital\/de\/wp-json\/wp\/v2\/product_tag?post=29972"}],"curies":[{"name":"wp","href":"https:\/\/api.w.org\/{rel}","templated":true}]}}