 {"id":29971,"date":"2023-11-14T12:25:26","date_gmt":"2023-11-14T11:25:26","guid":{"rendered":"https:\/\/greendisc.dev-project.digital\/\/product\/gavita-pro-1000e-de\/"},"modified":"2025-04-01T21:44:19","modified_gmt":"2025-04-01T19:44:19","slug":"gavita-pro-1000e-de","status":"publish","type":"product","link":"https:\/\/greendisc.dev-project.digital\/de\/produkt\/gavita-pro-1000e-de\/","title":{"rendered":"Gavita | PRO e1000W | DE EU"},"content":{"rendered":"<p><strong>Das &#8218;e&#8216; in der Gavita e-series steht f\u00fcr externe Steuerung. Diese Leuchten k\u00f6nnen \u00fcber einen optional erh\u00e4ltlichen Gavita Master Controller zentral gesteuert werden. Dies ersetzt die oft umst\u00e4ndliche Installation mit Schaltern und Zeitschaltuhren und f\u00fcgt mehrere Sicherheitsfunktionen hinzu, wie das automatische Dimmen der Lampen bei (zu) hohen Temperaturen und sogar eine Sicherheitsabschaltung.<\/strong><\/p>\n<p data-pm-slice=\"1 1 []\">Die Gavita PRO e1000W Leuchte kombiniert ein Vorschaltger\u00e4t und einen Reflektor in einer kompakten Einheit. Dies macht externe Lampenkabel \u00fcberfl\u00fcssig und minimiert elektromagnetische St\u00f6rungen (EMI), was den FCC-Standards entspricht. Alle unsere Leuchten sind FCC-zertifiziert.<\/p>\n<h3><strong>Entwickelt f\u00fcr den professionellen Gartenbau<\/strong><\/h3>\n<p>Die Gavita PRO e1000W Leuchte wurde speziell f\u00fcr den Gartenbau entwickelt und ist keine Kombination aus einzelnen Komponenten. Die hochwertige wei\u00dfe Beschichtung ist UV-best\u00e4ndig und langlebig. Alle Anschl\u00fcsse sind versiegelt und mit Qualit\u00e4tskomponenten f\u00fcr maximale Zuverl\u00e4ssigkeit ausgestattet.<\/p>\n<h3><strong>Ausgewogenes Design f\u00fcr einfache Installation<\/strong><\/h3>\n<p>Dank ihres ausgewogenen Designs kann diese Leuchte mit nur zwei Aufh\u00e4ngepunkten einfach aufgeh\u00e4ngt werden. Dies erm\u00f6glicht eine schnelle und einfache Montage, zum Beispiel mit Klammern an C-Profilen.<\/p>\n<h3><strong>400V-Lampentechnologie f\u00fcr hochfrequente elektronische Vorschaltger\u00e4te<\/strong><\/h3>\n<p>Die 400V-Lampentechnologie bietet eine effizientere Gasentladung und liefert <strong>10-25% mehr Licht<\/strong> als herk\u00f6mmliche 230V-Lampen bei gleichem Energieverbrauch. Der Hochfrequenzbetrieb verhindert akustische Resonanzen und garantiert eine stabile Leistung und lange Lebensdauer.<\/p>\n<h3><strong>Auswechselbarer Reflektor f\u00fcr maximale Lichtausbeute<\/strong><\/h3>\n<p>Der Reflektor der Gavita PRO e1000W Leuchte l\u00e4sst sich leicht austauschen. Miro-Aluminium-Reflektoren verlieren mit der Zeit ihre Reflektivit\u00e4t und sind schwer zu reinigen. Wir empfehlen:<\/p>\n<ul data-spread=\"false\">\n<li><strong>J\u00e4hrlicher Austausch<\/strong> in staubigen oder feuchten Umgebungen.<\/li>\n<li><strong>Austausch alle zwei Jahre<\/strong> unter sauberen Bedingungen.<\/li>\n<\/ul>\n<h3><strong>Einstellbare Lichtleistung<\/strong><\/h3>\n<p>Die Lichtleistung l\u00e4sst sich leicht \u00fcber eine Ausgangssteuerung oder den Gavita Master Controller einstellen. <strong>Wichtig:<\/strong> Neue Lampen sollten mindestens <strong>100 Stunden lang mit 100 % Leistung betrieben werden<\/strong>, bevor sie gedimmt oder verst\u00e4rkt werden, um Startprobleme und Leistungseinbu\u00dfen zu vermeiden.<\/p>\n<h3><strong>Doppelseitige HPS-Lampe f\u00fcr maximale Effizienz<\/strong><\/h3>\n<p>Der Gavita PRO e1000W Scheinwerfer verwendet <strong>Double Ended HPS Lampen<\/strong>, die die h\u00f6chste Effizienz bieten:<\/p>\n<ul data-spread=\"false\">\n<li>Die Lampe bleibt immer im <strong>Brennpunkt<\/strong> des Reflektors.<\/li>\n<li>Keine Rahmenverkabelung, die das Licht blockiert.<\/li>\n<li>Ein kleinerer Durchmesser verhindert Reflexionsverluste.<\/li>\n<\/ul>\n<h3><strong>Elektronisches Hochfrequenz-Vorschaltger\u00e4t<\/strong><\/h3>\n<p>Unser elektronisches Vorschaltger\u00e4t wurde speziell f\u00fcr Double Ended HPS-Lampen entwickelt und garantiert eine stabile Leistung und eine lange Lebensdauer. Dies maximiert die Lichtleistung und minimiert den Verschlei\u00df der Lampe.<\/p>\n<h3><strong>Sanfter Start und keine Leistungsspitzen<\/strong><\/h3>\n<ul data-spread=\"false\">\n<li><strong>Sanftanlauf:<\/strong> Im Gegensatz zu magnetischen Vorschaltger\u00e4ten zieht das elektronische Vorschaltger\u00e4t beim Start nie mehr Strom als angegeben.<\/li>\n<li><strong>Kein Spitzenstrom:<\/strong> Die Leuchten der e-Serie bleiben angeschlossen und verursachen beim Einschalten keine pl\u00f6tzlichen Spannungsspitzen, was Fehlfunktionen verhindert.<\/li>\n<\/ul>\n<h3><strong>Fortschrittliches W\u00e4rmemanagement<\/strong><\/h3>\n<p>Das Vorschaltger\u00e4t ist vollst\u00e4ndig versiegelt und wird \u00fcber ein Aluminiumgeh\u00e4use passiv gek\u00fchlt. Dies gew\u00e4hrleistet eine optimale W\u00e4rmeregulierung und verl\u00e4ngert die Lebensdauer und Zuverl\u00e4ssigkeit der Elektronik.<\/p>\n<h3><strong>Versiegeltes Geh\u00e4use mit Gore-Tex Bel\u00fcftungsstopfen<\/strong><\/h3>\n<p>Feuchtigkeit kann die Elektronik besch\u00e4digen. Aus diesem Grund ist das Vorschaltger\u00e4t der Gavita PRO e1000W-Leuchte mit einem <strong>Gore-Tex-Bel\u00fcftungsstopfen<\/strong> ausgestattet, der Staub und Feuchtigkeit fernh\u00e4lt, w\u00e4hrend die Luft frei zirkulieren kann.<\/p>\n<h3><strong>Status-LED-Anzeige<\/strong><\/h3>\n<p>Die eingebaute <strong>Status-LED<\/strong> liefert Informationen \u00fcber:<\/p>\n<ul data-spread=\"false\">\n<li>Verbindung zum Controller<\/li>\n<li>Lampenstatus (Start, Ende der Lebensdauer, \u00dcberhitzung, \u00dcber- oder Unterspannung)<\/li>\n<li>Fehlerspeicherfunktion<\/li>\n<\/ul>\n<h3><strong>HR96 Miro Aluminium Reflektor<\/strong><\/h3>\n<p>Die Gavita PRO e1000W Leuchte ist standardm\u00e4\u00dfig mit dem <strong>HR96 Reflektor<\/strong> aus hochwertigem <strong>Miro-Aluminium<\/strong> ausgestattet. Dies gew\u00e4hrleistet eine maximale Lichtreflexion und ein optimales Eindringen des Lichts in die Pflanze.<\/p>\n<h3><strong>Soft Dim Technologie<\/strong><\/h3>\n<p>Wenn Sie die Lichtleistung anpassen, \u00e4ndert sich die Leistung <strong>allm\u00e4hlich<\/strong>, was die Lebensdauer der Lampe sch\u00fctzt. Dieser langsame \u00dcbergang ist mit dem blo\u00dfen Auge kaum sichtbar.<\/p>\n<h3><strong>Kompatibel mit Gavita Master Controllern<\/strong><\/h3>\n<p>Der Gavita PRO e1000W Scheinwerfer kann <strong>mit Gavita Master Controllern ferngesteuert<\/strong> werden und bietet folgende Vorteile:<\/p>\n<ul data-spread=\"false\">\n<li>Ersetzt Zeitschaltuhren und Schalter<\/li>\n<li>Regelt die Leistung von mehreren Leuchten gleichzeitig<\/li>\n<li><strong>Automatische Dimmfunktion<\/strong> bei Temperaturanstieg zum Schutz Ihrer Ernte<\/li>\n<li><strong>Sicherheitsfunktion<\/strong> schaltet die Beleuchtung bei St\u00f6rungen der Klimaanlage aus<\/li>\n<\/ul>\n<h3><strong>Plug &amp; Play-Installation<\/strong><\/h3>\n<p>Die Leuchten werden mit <strong>Standard-Controllerkabeln<\/strong> geliefert. Schlie\u00dfen Sie sie einfach an den Master Controller an, ohne dass Sie Werkzeug ben\u00f6tigen.<\/p>\n<h3><strong>FCC-Zulassung<\/strong><\/h3>\n<p>Die Gavita PRO e1000W Leuchte erf\u00fcllt die FCC-Normen und wurde von einem akkreditierten US-Labor getestet. Die Einzelhandelsversion erf\u00fcllt die <strong>FCC-Klasse B<\/strong>, w\u00e4hrend die Industrieversionen mindestens die <strong>FCC-Klasse A<\/strong> erf\u00fcllen.<\/p>\n<h3><strong>Mehr Informationen<\/strong><\/h3>\n<p>Der Gavita PRO e1000W Scheinwerfer ist ein <strong>komplettes System<\/strong> mit einem <strong>HR96 Reflektor, einem Vorschaltger\u00e4t und einer Double Ended HPS Lampe<\/strong> in einer kompakten Einheit. Dieses Modell liefert eine Lichtleistung <strong>von 2100 \u00b5mol\/s<\/strong> mit einer Lichtbest\u00e4ndigkeit <strong>von 96% f\u00fcr 5000 Stunden<\/strong>.<\/p>\n<h3><strong>Optionen f\u00fcr den Reflektor<\/strong><\/h3>\n<ul data-spread=\"false\">\n<li><strong>HR96 DE<\/strong>: Standardreflektor f\u00fcr optimale Gleichm\u00e4\u00dfigkeit und tiefe Lichtdurchdringung.<\/li>\n<li><strong>W 150 DE<\/strong>: breite Lichtverteilung, ideal f\u00fcr gro\u00dfe R\u00e4ume.<\/li>\n<li><strong>M 110 DE SR<\/strong>: Geeignet f\u00fcr einzelne Reihen und kleine Anbaufl\u00e4chen.<\/li>\n<\/ul>\n<p>Der <strong>Gavita PRO e1000W<\/strong> mit dem <strong>Reflektor HR96 DE<\/strong> beleuchtet eine Fl\u00e4che von <strong>110&#215;180 cm<\/strong> in einer H\u00f6he von 90 cm mit einer Lichtintensit\u00e4t von bis zu <strong>1000 \u00b5mol\/s\/m\u00b2<\/strong>.<\/p>\n<h3><strong>Einfache Montage<\/strong><\/h3>\n<p>Dank ihres <strong>ausgewogenen Designs<\/strong> l\u00e4sst sich die Leuchte mit zwei Aufh\u00e4ngepunkten leicht aufh\u00e4ngen. F\u00fcr C-Profil-Installationen sind <strong>praktische Halterungen<\/strong> erh\u00e4ltlich.<\/p>\n<p><strong>W\u00e4hlen Sie die ultimative Beleuchtungsl\u00f6sung f\u00fcr Ihren Growroom mit der Gavita PRO e1000W Leuchte!<\/strong><\/p>\n","protected":false},"excerpt":{"rendered":"<p>Das &#8218;e&#8216; in der Gavita e-series steht f\u00fcr externe Steuerung. Diese Leuchten k\u00f6nnen \u00fcber einen optional erh\u00e4ltlichen Gavita Master Controller zentral gesteuert werden.<\/p>\n","protected":false},"featured_media":25365,"template":"","meta":[],"product_brand":[],"product_cat":[337,359,498],"product_tag":[],"class_list":{"0":"post-29971","1":"product","2":"type-product","3":"status-publish","4":"has-post-thumbnail","6":"product_cat-beleuchtung","7":"product_cat-gavita-lampe","8":"product_cat-komplette-hps-leuchten","10":"first","11":"instock","12":"sale","13":"taxable","14":"shipping-taxable","15":"purchasable","16":"product-type-simple"},"_links":{"self":[{"href":"https:\/\/greendisc.dev-project.digital\/de\/wp-json\/wp\/v2\/product\/29971","targetHints":{"allow":["GET"]}}],"collection":[{"href":"https:\/\/greendisc.dev-project.digital\/de\/wp-json\/wp\/v2\/product"}],"about":[{"href":"https:\/\/greendisc.dev-project.digital\/de\/wp-json\/wp\/v2\/types\/product"}],"version-history":[{"count":0,"href":"https:\/\/greendisc.dev-project.digital\/de\/wp-json\/wp\/v2\/product\/29971\/revisions"}],"wp:featuredmedia":[{"embeddable":true,"href":"https:\/\/greendisc.dev-project.digital\/de\/wp-json\/wp\/v2\/media\/25365"}],"wp:attachment":[{"href":"https:\/\/greendisc.dev-project.digital\/de\/wp-json\/wp\/v2\/media?parent=29971"}],"wp:term":[{"taxonomy":"product_brand","embeddable":true,"href":"https:\/\/greendisc.dev-project.digital\/de\/wp-json\/wp\/v2\/product_brand?post=29971"},{"taxonomy":"product_cat","embeddable":true,"href":"https:\/\/greendisc.dev-project.digital\/de\/wp-json\/wp\/v2\/product_cat?post=29971"},{"taxonomy":"product_tag","embeddable":true,"href":"https:\/\/greendisc.dev-project.digital\/de\/wp-json\/wp\/v2\/product_tag?post=29971"}],"curies":[{"name":"wp","href":"https:\/\/api.w.org\/{rel}","templated":true}]}}