 {"id":29968,"date":"2023-11-14T12:22:53","date_gmt":"2023-11-14T11:22:53","guid":{"rendered":"https:\/\/greendisc.dev-project.digital\/\/product\/dimlux-expert-serie-630w-dual-vollspektrum\/"},"modified":"2024-12-16T09:33:49","modified_gmt":"2024-12-16T08:33:49","slug":"dimlux-expert-serie-630w-dual-vollspektrum","status":"publish","type":"product","link":"https:\/\/greendisc.dev-project.digital\/de\/produkt\/dimlux-expert-serie-630w-dual-vollspektrum\/","title":{"rendered":"DimLux Expert Serie 630W Dual Vollspektrum"},"content":{"rendered":"<p><meta charset=\"utf-8\"><\/p>\n<p data-mce-fragment=\"1\">DimLux Expert Series 630W Dual Full Spectrum. Die DimLux Expert Series 630W Dual Full Spectrum ist eine 630W Dual Full Spectrum Leuchte. Die DimLux Expert Series 630W Dual Full Spectrum ist ein kompletter Scheinwerfer, der mit dem revolution\u00e4ren Alpha Optics Reflektor geliefert wird. Dieser Reflektor wurde nach dem Single Bounce Clear Sight (SBCS)-Prinzip entwickelt und ist mit Miro Silver-Spiegeln ausgestattet. Damit wird die h\u00f6chstm\u00f6gliche Effizienz (98%) aller verf\u00fcgbaren Gartenbau-Reflektoren erreicht.<\/p>\n<p data-mce-fragment=\"1\">Ausgestattet mit verstellbaren Seitenreflektoren f\u00fcr eine bessere \u00dcberlappung und zur Minimierung von Wandverlusten. Dank des offenen Reflektors wird die Lampe passiv gek\u00fchlt, was die Lebensdauer und Effizienz der Lampe verbessert. Am Reflektor befindet sich ein 50MM-Anschluss, der eine aktive Absaugung erm\u00f6glicht und die Raumtemperatur deutlich reduziert.<\/p>\n<p data-mce-fragment=\"1\">Separat erh\u00e4ltliche Zusatzreflektoren k\u00f6nnen ebenfalls angebracht werden, um den Verlust an den W\u00e4nden weiter zu reduzieren. Dieser Reflektor ist austauschbar.<\/p>\n<p data-mce-fragment=\"1\"><strong data-mce-fragment=\"1\">Spezifikationen:<\/strong><\/p>\n<ul data-mce-fragment=\"1\">\n<li data-mce-fragment=\"1\">Leistung von 320-760Watt<\/li>\n<li data-mce-fragment=\"1\">230V Anschluss<\/li>\n<li data-mce-fragment=\"1\">Ein- und ausschaltbar und stufenlos einstellbar mit Maxi Controller<\/li>\n<li data-mce-fragment=\"1\">Ultrahochfrequenz<\/li>\n<li data-mce-fragment=\"1\">Durch Soft Start niedriger Einschaltstrom<\/li>\n<li data-mce-fragment=\"1\">Kein Einschaltstrom bei Verwendung des Maxi Controllers<\/li>\n<li data-mce-fragment=\"1\">230V Anschluss<\/li>\n<li data-mce-fragment=\"1\">Dimmertaste mit 7 Stufen und Aus-Modus<\/li>\n<li data-mce-fragment=\"1\">Ausgestattet mit Diagnose-LEDs<\/li>\n<li data-mce-fragment=\"1\">20% Overdrive (m\u00f6glich durch passiv gek\u00fchlten Reflektor)<\/li>\n<li data-mce-fragment=\"1\">Inklusive 2 Dimlux CDM 315W Lampen<\/li>\n<li data-mce-fragment=\"1\">Verf\u00fcgbar mit NanoTubes<\/li>\n<li data-mce-fragment=\"1\">Dimm-Modi: Soft-Off, 330W, 410W, 490W, 560W, 630W, 690W, 760W<\/li>\n<li data-mce-fragment=\"1\">Leistungsaufnahme bei 630W = 662W 2.7A bei 230V<\/li>\n<li data-mce-fragment=\"1\">Leistungsaufnahme bei Boost 760W = 799W 3.5A bei 230V<\/li>\n<li data-mce-fragment=\"1\">System PPF bei 760W = 1411umol<\/li>\n<li data-mce-fragment=\"1\">Expositionsfl\u00e4che bei 630W=min 0.84m2 \/ max 2m2, bei 760W=min 1m2 \/ max 2.4m2<\/li>\n<li data-mce-fragment=\"1\">\u00f8 50 mm Anschluss f\u00fcr aktive Staubabsaugung<\/li>\n<li data-mce-fragment=\"1\">Abmessungen 675 x 275 x 130mm<\/li>\n<li data-mce-fragment=\"1\">Gewicht 6.3Kg<\/li>\n<\/ul>\n","protected":false},"excerpt":{"rendered":"<p>DimLux Expert Series 630W Dual Full Spectrum. Die DimLux Expert Series 630W Dual Full Spectrum ist eine 630W Dual Full Spectrum Leuchte. Die DimLux Expert Series 630W Dual Full Spectrum ist ein kompletter Scheinwerfer, der mit dem revolution\u00e4ren Alpha Optics Reflektor geliefert wird.<\/p>\n","protected":false},"featured_media":25081,"template":"","meta":[],"product_brand":[],"product_cat":[337,497,498],"product_tag":[],"class_list":{"0":"post-29968","1":"product","2":"type-product","3":"status-publish","4":"has-post-thumbnail","6":"product_cat-beleuchtung","7":"product_cat-dimlux-lampe","8":"product_cat-komplette-hps-leuchten","10":"first","11":"instock","12":"taxable","13":"shipping-taxable","14":"purchasable","15":"product-type-simple"},"_links":{"self":[{"href":"https:\/\/greendisc.dev-project.digital\/de\/wp-json\/wp\/v2\/product\/29968","targetHints":{"allow":["GET"]}}],"collection":[{"href":"https:\/\/greendisc.dev-project.digital\/de\/wp-json\/wp\/v2\/product"}],"about":[{"href":"https:\/\/greendisc.dev-project.digital\/de\/wp-json\/wp\/v2\/types\/product"}],"version-history":[{"count":0,"href":"https:\/\/greendisc.dev-project.digital\/de\/wp-json\/wp\/v2\/product\/29968\/revisions"}],"wp:featuredmedia":[{"embeddable":true,"href":"https:\/\/greendisc.dev-project.digital\/de\/wp-json\/wp\/v2\/media\/25081"}],"wp:attachment":[{"href":"https:\/\/greendisc.dev-project.digital\/de\/wp-json\/wp\/v2\/media?parent=29968"}],"wp:term":[{"taxonomy":"product_brand","embeddable":true,"href":"https:\/\/greendisc.dev-project.digital\/de\/wp-json\/wp\/v2\/product_brand?post=29968"},{"taxonomy":"product_cat","embeddable":true,"href":"https:\/\/greendisc.dev-project.digital\/de\/wp-json\/wp\/v2\/product_cat?post=29968"},{"taxonomy":"product_tag","embeddable":true,"href":"https:\/\/greendisc.dev-project.digital\/de\/wp-json\/wp\/v2\/product_tag?post=29968"}],"curies":[{"name":"wp","href":"https:\/\/api.w.org\/{rel}","templated":true}]}}