 {"id":29964,"date":"2023-11-14T12:22:51","date_gmt":"2023-11-14T11:22:51","guid":{"rendered":"https:\/\/greendisc.dev-project.digital\/\/product\/dimlux-expert-serie-1000w-de-el-uhf-mk2\/"},"modified":"2025-05-31T00:00:42","modified_gmt":"2025-05-30T22:00:42","slug":"dimlux-expert-serie-1000w-de-el-uhf-mk2","status":"publish","type":"product","link":"https:\/\/greendisc.dev-project.digital\/de\/produkt\/dimlux-expert-serie-1000w-de-el-uhf-mk2\/","title":{"rendered":"Dimlux Expert Serie 1000W DE"},"content":{"rendered":"<p data-pm-slice=\"1 1 []\"><strong>DIMLUX EXPERT SERIES 1000W MKII DE EL UHF DXO &#8211; DIE ULTIMATIVE WACHSTUMSLAMPE<\/strong><\/p>\n<h3>Das leistungsst\u00e4rkste und effizienteste Wachstumslicht auf dem Markt<\/h3>\n<p>Die <strong>Dimlux Expert MKII<\/strong> ist eine fortschrittliche Serie von Komplettleuchten, die mit dem innovativen <strong>Ultra Optics Reflektor<\/strong> ausgestattet sind. Die neue <strong>1000W MKII<\/strong> Leuchte hat eine erh\u00f6hte Leistung von <strong>1200W<\/strong> und ist damit die leistungsst\u00e4rkste Growlampe auf dem Markt. Dieses Modell \u00fcbertrifft jede andere <strong>1000W<\/strong> und sogar <strong>1250W (DE)<\/strong> Lampe in Bezug auf <strong>PAR-Ausgang, Effizienz und PAR-Retention<\/strong>.<\/p>\n<h3>Superior DXO Leistung HPS 400V 1000\/1250W DE EL Lampe<\/h3>\n<p>Um die Vorteile des erh\u00f6hten Boosts voll auszunutzen, wurde die speziell entwickelte <strong>DXO Output HPS 400V 1000\/1250W DE EL Lampe<\/strong> installiert. W\u00e4hrend herk\u00f6mmliche 1000W-Lampen oberhalb von <strong>900W<\/strong> schnell an Leistung verlieren, beh\u00e4lt diese Lampe <strong>nach 10.000 Betriebsstunden noch 95% ihrer Effizienz<\/strong>.<\/p>\n<h3>Ultra Optics 98 Reflektor &#8211; Maximale Lichtreflexion<\/h3>\n<p>Der <strong>Ultra Optics 98 Reflektor<\/strong> ist nach dem <strong>Single Bounce Clear Sight (SBCS<\/strong> ) Prinzip konstruiert. Das bedeutet, dass jedes Photon nur einmal reflektiert wird, bevor es Ihre Pflanzen erreicht: \u2714 L\u00e4ngere Lebensdauer der Lampe<br \/>\n\u2714 Niedrigere Betriebstemperatur<br \/>\n\u2714 Niedrigere K\u00fchlkosten<br \/>\nDer Reflektor aus <strong>98% reflektierendem Miro Silver<\/strong> erzeugt einen massiven <strong>PPF von 2107 \u03bcmol\/s bei 1000W<\/strong>. Dank der Overdrive-Funktion kann dieser Wert auf <strong>2528 \u03bcmol\/s bei 1200 W<\/strong> steigen.<\/p>\n<h3>Entwickelt f\u00fcr professionelle G\u00e4rtner<\/h3>\n<p>Die <strong>DXO HPS 400V 1000\/1250W DE EL Lampe<\/strong> wurde speziell f\u00fcr den professionellen Einsatz im kommerziellen Gartenbau entwickelt. Diese leistungsstarke Lampe ist dank ihres hohen <strong>PAR-Outputs und der optimalen PAR-Retention<\/strong> perfekt f\u00fcr die Bl\u00fctephase geeignet, was zu einer maximalen Gewichtszunahme f\u00fchrt.<\/p>\n<h4><strong>Wichtige Spezifikationen<\/strong><\/h4>\n<p>\u2705 <strong>Lichtleistung PAR (PPF 400-700nm):<\/strong> 2725 \u03bcmol\/s @1250W<br \/>\n\u2705 <strong>Lichtleistung PAR Total (PPF 350-800nm):<\/strong> 2997 \u03bcmol\/s @1250W<br \/>\n\u2705 <strong>System-Photonen-Effizienz PAR (PPE 400-700nm):<\/strong> 2,18 \u03bcmol\/J @1150-1250W<br \/>\n\u2705 <strong>System-Photonen-Effizienz PAR Gesamt (PPE 350-800nm):<\/strong> 2,39 \u03bcmol\/J @1150-1250W<\/p>\n<h3>Warum sollten Sie sich f\u00fcr den Dimlux Expert MKII entscheiden?<\/h3>\n<p>\u2714 <strong>H\u00f6chste Lichtleistung<\/strong> in seiner Klasse<br \/>\n\u2714 <strong>\u00dcberlegene PAR-Retention<\/strong> nach 10.000 Stunden<br \/>\n\u2714 <strong>Perfekte Leistung sowohl beim Dimmen als auch beim Boosten<\/strong><br \/>\n\u2714 <strong>Ideal f\u00fcr kommerzielle Z\u00fcchter<\/strong><br \/>\n\u2714 <strong>Energiesparend mit geringeren K\u00fchlkosten<\/strong><\/p>\n<p>Der <strong>Dimlux Expert MKII 1000W<\/strong> ist die absolute Wahl f\u00fcr alle, die ein Maximum an Ertrag und Qualit\u00e4t suchen. Sind Sie bereit, Ihre Wachstumsergebnisse auf die n\u00e4chste Stufe zu heben? Bestellen Sie jetzt und erleben Sie die Kraft von Dimlux!<\/p>\n","protected":false},"excerpt":{"rendered":"<p>Das leistungsst\u00e4rkste und effizienteste Grow-Licht auf dem Markt! Die Dimlux Expert MKII ist eine fortschrittliche Serie von Komplettleuchten, die mit dem innovativen Ultra Optics Reflektor ausgestattet sind. Die neue 1000W MKII Leuchte hat eine erh\u00f6hte Leistung von 1200W und ist damit die leistungsst\u00e4rkste Growlampe auf dem Markt. Dieses Modell \u00fcbertrifft jede andere 1000W und sogar 1250W (DE) Lampe in Bezug auf PAR-Ausgang, Effizienz und PAR-Retention.<\/p>\n","protected":false},"featured_media":25077,"template":"","meta":[],"product_brand":[],"product_cat":[337,379,501,497,498],"product_tag":[],"class_list":{"0":"post-29964","1":"product","2":"type-product","3":"status-publish","4":"has-post-thumbnail","6":"product_cat-beleuchtung","7":"product_cat-beliebt","8":"product_cat-beliebte-artikel","9":"product_cat-dimlux-lampe","10":"product_cat-komplette-hps-leuchten","12":"first","13":"instock","14":"sale","15":"taxable","16":"shipping-taxable","17":"purchasable","18":"product-type-simple"},"_links":{"self":[{"href":"https:\/\/greendisc.dev-project.digital\/de\/wp-json\/wp\/v2\/product\/29964","targetHints":{"allow":["GET"]}}],"collection":[{"href":"https:\/\/greendisc.dev-project.digital\/de\/wp-json\/wp\/v2\/product"}],"about":[{"href":"https:\/\/greendisc.dev-project.digital\/de\/wp-json\/wp\/v2\/types\/product"}],"version-history":[{"count":0,"href":"https:\/\/greendisc.dev-project.digital\/de\/wp-json\/wp\/v2\/product\/29964\/revisions"}],"wp:featuredmedia":[{"embeddable":true,"href":"https:\/\/greendisc.dev-project.digital\/de\/wp-json\/wp\/v2\/media\/25077"}],"wp:attachment":[{"href":"https:\/\/greendisc.dev-project.digital\/de\/wp-json\/wp\/v2\/media?parent=29964"}],"wp:term":[{"taxonomy":"product_brand","embeddable":true,"href":"https:\/\/greendisc.dev-project.digital\/de\/wp-json\/wp\/v2\/product_brand?post=29964"},{"taxonomy":"product_cat","embeddable":true,"href":"https:\/\/greendisc.dev-project.digital\/de\/wp-json\/wp\/v2\/product_cat?post=29964"},{"taxonomy":"product_tag","embeddable":true,"href":"https:\/\/greendisc.dev-project.digital\/de\/wp-json\/wp\/v2\/product_tag?post=29964"}],"curies":[{"name":"wp","href":"https:\/\/api.w.org\/{rel}","templated":true}]}}