 {"id":29961,"date":"2023-11-14T12:29:36","date_gmt":"2023-11-14T11:29:36","guid":{"rendered":"https:\/\/greendisc.dev-project.digital\/\/product\/ocl-touchscreen-controller\/"},"modified":"2024-12-16T09:33:48","modified_gmt":"2024-12-16T08:33:48","slug":"ocl-touchscreen-controller","status":"publish","type":"product","link":"https:\/\/greendisc.dev-project.digital\/de\/produkt\/ocl-touchscreen-controller\/","title":{"rendered":"OCL-Touchscreen-Controller"},"content":{"rendered":"<p><meta charset=\"utf-8\"><\/p>\n<p data-mce-fragment=\"1\">Der OCL-Touchscreen-Controller ist der Nachfolger des DLC 1.1-Controllers und wurde f\u00fcr die einfache und professionelle Steuerung\/Schaltung von OCL-Growlights entwickelt. Riesige M\u00f6glichkeiten, wie z.B. die Nachahmung eines Sonnenaufgangs oder Sonnenuntergangs. Dieser Controller kann sowohl f\u00fcr HPS- als auch f\u00fcr LED-Zuchtlampen verwendet werden.<\/p>\n<h2 data-mce-fragment=\"1\">Temperatur\u00fcberwachung, so sicher!<\/h2>\n<p data-mce-fragment=\"1\">Mit dem OCL-Touchscreen-Controller haben Sie die volle Kontrolle \u00fcber Ihren Grow Room. Wenn ein Problem mit der Klimaanlage und\/oder der Absaugung auftritt, wird es von der Steuerung schnell erkannt. Mit Hilfe eines mitgelieferten Temperatursensors werden die Lampen bei einer bestimmten Temperatur gedimmt oder sogar ganz ausgeschaltet. Das kann Ihnen eine Menge \u00c4rger ersparen!<\/p>\n<h2 data-mce-fragment=\"1\">F\u00e4higkeiten OCL Controller<\/h2>\n<ul data-mce-fragment=\"1\">\n<li data-mce-fragment=\"1\">Einstellen von Ein- und Ausschaltzeiten (Lichtzyklen)<\/li>\n<li data-mce-fragment=\"1\">Dimmen der Beleuchtung bei eingestellter Temperatur<\/li>\n<li data-mce-fragment=\"1\">Ausschalten der Beleuchtung bei eingestellter Temperatur<\/li>\n<li data-mce-fragment=\"1\">Sonnenaufgang und Sonnenuntergang imitieren<\/li>\n<li data-mce-fragment=\"1\">Zu verwenden f\u00fcr 2 Zimmer<\/li>\n<\/ul>\n","protected":false},"excerpt":{"rendered":"<p>Der OCL-Touchscreen-Controller ist der Nachfolger des DLC 1.1-Controllers und wurde f\u00fcr die einfache und professionelle Steuerung\/Schaltung von OCL-Growlights entwickelt. Riesige M\u00f6glichkeiten, wie z.B. die Nachahmung eines Sonnenaufgangs oder Sonnenuntergangs.<\/p>\n","protected":false},"featured_media":25907,"template":"","meta":[],"product_brand":[1053],"product_cat":[337,548],"product_tag":[],"class_list":{"0":"post-29961","1":"product","2":"type-product","3":"status-publish","4":"has-post-thumbnail","6":"product_brand-ocl-lighting","7":"product_cat-beleuchtung","8":"product_cat-steuerungen-de","10":"first","11":"outofstock","12":"taxable","13":"shipping-taxable","14":"purchasable","15":"product-type-simple"},"_links":{"self":[{"href":"https:\/\/greendisc.dev-project.digital\/de\/wp-json\/wp\/v2\/product\/29961","targetHints":{"allow":["GET"]}}],"collection":[{"href":"https:\/\/greendisc.dev-project.digital\/de\/wp-json\/wp\/v2\/product"}],"about":[{"href":"https:\/\/greendisc.dev-project.digital\/de\/wp-json\/wp\/v2\/types\/product"}],"version-history":[{"count":0,"href":"https:\/\/greendisc.dev-project.digital\/de\/wp-json\/wp\/v2\/product\/29961\/revisions"}],"wp:featuredmedia":[{"embeddable":true,"href":"https:\/\/greendisc.dev-project.digital\/de\/wp-json\/wp\/v2\/media\/25907"}],"wp:attachment":[{"href":"https:\/\/greendisc.dev-project.digital\/de\/wp-json\/wp\/v2\/media?parent=29961"}],"wp:term":[{"taxonomy":"product_brand","embeddable":true,"href":"https:\/\/greendisc.dev-project.digital\/de\/wp-json\/wp\/v2\/product_brand?post=29961"},{"taxonomy":"product_cat","embeddable":true,"href":"https:\/\/greendisc.dev-project.digital\/de\/wp-json\/wp\/v2\/product_cat?post=29961"},{"taxonomy":"product_tag","embeddable":true,"href":"https:\/\/greendisc.dev-project.digital\/de\/wp-json\/wp\/v2\/product_tag?post=29961"}],"curies":[{"name":"wp","href":"https:\/\/api.w.org\/{rel}","templated":true}]}}