 {"id":29956,"date":"2023-11-14T12:31:43","date_gmt":"2023-11-14T11:31:43","guid":{"rendered":"https:\/\/greendisc.dev-project.digital\/\/product\/ralight-led-steuerung\/"},"modified":"2024-12-16T09:33:47","modified_gmt":"2024-12-16T08:33:47","slug":"ralight-led-steuerung","status":"publish","type":"product","link":"https:\/\/greendisc.dev-project.digital\/de\/produkt\/ralight-led-steuerung\/","title":{"rendered":"Ralight LED-Steuerung"},"content":{"rendered":"<p>Praktisch! Ein Controller zur Steuerung der Beleuchtung von 1 Ort aus.  <\/p>\n<p><meta charset=\"utf-8\"><span data-mce-fragment=\"1\">Mit dem Controller k\u00f6nnen Sie zwei Beleuchtungsgruppen in einem Raum steuern. Der Controller steuert Ihre Beleuchtung, so dass Sie einstellen k\u00f6nnen, ab wann die Lichter angehen und wann sie wieder ausgehen. Der Controller kann auch den Sonnenauf- und -untergangszyklus von 10-60 Minuten simulieren. Jeder der beiden beleuchteten Gruppenkan\u00e4le verf\u00fcgt \u00fcber eine \u00dcberhitzungsschutzfunktion, die nach Bedarf eingestellt werden kann. Sie k\u00f6nnen den Touchscreen verwenden, um die aktuellen Einstellungen f\u00fcr jeden Kanal einfach anzuzeigen und anzupassen. Au\u00dferdem ist der Controller tragbar, einfach zu installieren und zu bedienen.<\/span><\/p>\n","protected":false},"excerpt":{"rendered":"<p>Praktisch! Ein Controller zur Steuerung der Beleuchtung von 1 Ort aus.  Mit dem Controller k\u00f6nnen Sie zwei Beleuchtungsgruppen in einem Raum steuern. <\/p>\n","protected":false},"featured_media":26171,"template":"","meta":[],"product_brand":[],"product_cat":[337,548],"product_tag":[],"class_list":{"0":"post-29956","1":"product","2":"type-product","3":"status-publish","4":"has-post-thumbnail","6":"product_cat-beleuchtung","7":"product_cat-steuerungen-de","9":"first","10":"instock","11":"taxable","12":"shipping-taxable","13":"purchasable","14":"product-type-simple"},"_links":{"self":[{"href":"https:\/\/greendisc.dev-project.digital\/de\/wp-json\/wp\/v2\/product\/29956","targetHints":{"allow":["GET"]}}],"collection":[{"href":"https:\/\/greendisc.dev-project.digital\/de\/wp-json\/wp\/v2\/product"}],"about":[{"href":"https:\/\/greendisc.dev-project.digital\/de\/wp-json\/wp\/v2\/types\/product"}],"version-history":[{"count":0,"href":"https:\/\/greendisc.dev-project.digital\/de\/wp-json\/wp\/v2\/product\/29956\/revisions"}],"wp:featuredmedia":[{"embeddable":true,"href":"https:\/\/greendisc.dev-project.digital\/de\/wp-json\/wp\/v2\/media\/26171"}],"wp:attachment":[{"href":"https:\/\/greendisc.dev-project.digital\/de\/wp-json\/wp\/v2\/media?parent=29956"}],"wp:term":[{"taxonomy":"product_brand","embeddable":true,"href":"https:\/\/greendisc.dev-project.digital\/de\/wp-json\/wp\/v2\/product_brand?post=29956"},{"taxonomy":"product_cat","embeddable":true,"href":"https:\/\/greendisc.dev-project.digital\/de\/wp-json\/wp\/v2\/product_cat?post=29956"},{"taxonomy":"product_tag","embeddable":true,"href":"https:\/\/greendisc.dev-project.digital\/de\/wp-json\/wp\/v2\/product_tag?post=29956"}],"curies":[{"name":"wp","href":"https:\/\/api.w.org\/{rel}","templated":true}]}}