 {"id":29954,"date":"2023-11-14T12:27:44","date_gmt":"2023-11-14T11:27:44","guid":{"rendered":"https:\/\/greendisc.dev-project.digital\/\/product\/lumenking-master-controller\/"},"modified":"2025-05-10T17:34:52","modified_gmt":"2025-05-10T15:34:52","slug":"lumenking-master-controller","status":"publish","type":"product","link":"https:\/\/greendisc.dev-project.digital\/de\/produkt\/lumenking-master-controller\/","title":{"rendered":"LumenKing Master Controller"},"content":{"rendered":"<p><meta charset=\"utf-8\"><span data-mce-fragment=\"1\">Mit dem Lumen King Master Controller k\u00f6nnen Sie zwei Beleuchtungsgruppen in einem Raum steuern. Lumen King Master Controller Mit dem Lumen King Master Controller k\u00f6nnen Sie zwei Beleuchtungsgruppen in einem Raum steuern. Der Master Controller steuert Ihre Lichter, so dass Sie einstellen k\u00f6nnen, ab wann die Lichter angehen und wann sie wieder ausgehen. Der Controller kann auch den Sonnenauf- und -untergangszyklus von 10-60 Minuten simulieren. Jeder der beiden beleuchteten Gruppenkan\u00e4le verf\u00fcgt \u00fcber eine \u00dcberhitzungsschutzfunktion, die nach Bedarf eingestellt werden kann. Sie k\u00f6nnen den Touchscreen verwenden, um die aktuellen Einstellungen f\u00fcr jeden Kanal einfach anzuzeigen und anzupassen. Au\u00dferdem ist der Controller tragbar, einfach zu installieren und zu bedienen. Technische Daten t.b.v. Lumen King LED &amp; HPS Leuchte Steuerspannungsausg\u00e4nge: 2 Gruppen.<\/span><\/p>\n","protected":false},"excerpt":{"rendered":"<p>Mit dem Lumen King Master Controller k\u00f6nnen Sie zwei Beleuchtungsgruppen in einem Raum steuern. Lumen King Master Controller Mit dem Lumen King Master Controller k\u00f6nnen Sie zwei Beleuchtungsgruppen in einem Raum steuern. <\/p>\n","protected":false},"featured_media":25673,"template":"","meta":[],"product_brand":[1037],"product_cat":[337,548,467],"product_tag":[],"class_list":{"0":"post-29954","1":"product","2":"type-product","3":"status-publish","4":"has-post-thumbnail","6":"product_brand-lumenking","7":"product_cat-beleuchtung","8":"product_cat-steuerungen-de","9":"product_cat-led-lumenking-de","11":"first","12":"instock","13":"taxable","14":"shipping-taxable","15":"purchasable","16":"product-type-simple"},"_links":{"self":[{"href":"https:\/\/greendisc.dev-project.digital\/de\/wp-json\/wp\/v2\/product\/29954","targetHints":{"allow":["GET"]}}],"collection":[{"href":"https:\/\/greendisc.dev-project.digital\/de\/wp-json\/wp\/v2\/product"}],"about":[{"href":"https:\/\/greendisc.dev-project.digital\/de\/wp-json\/wp\/v2\/types\/product"}],"version-history":[{"count":0,"href":"https:\/\/greendisc.dev-project.digital\/de\/wp-json\/wp\/v2\/product\/29954\/revisions"}],"wp:featuredmedia":[{"embeddable":true,"href":"https:\/\/greendisc.dev-project.digital\/de\/wp-json\/wp\/v2\/media\/25673"}],"wp:attachment":[{"href":"https:\/\/greendisc.dev-project.digital\/de\/wp-json\/wp\/v2\/media?parent=29954"}],"wp:term":[{"taxonomy":"product_brand","embeddable":true,"href":"https:\/\/greendisc.dev-project.digital\/de\/wp-json\/wp\/v2\/product_brand?post=29954"},{"taxonomy":"product_cat","embeddable":true,"href":"https:\/\/greendisc.dev-project.digital\/de\/wp-json\/wp\/v2\/product_cat?post=29954"},{"taxonomy":"product_tag","embeddable":true,"href":"https:\/\/greendisc.dev-project.digital\/de\/wp-json\/wp\/v2\/product_tag?post=29954"}],"curies":[{"name":"wp","href":"https:\/\/api.w.org\/{rel}","templated":true}]}}