 {"id":29951,"date":"2023-11-14T12:27:29","date_gmt":"2023-11-14T11:27:29","guid":{"rendered":"https:\/\/greendisc.dev-project.digital\/\/product\/lumatek-digitales-bedienfeld-plus-2-0\/"},"modified":"2025-06-05T13:07:57","modified_gmt":"2025-06-05T11:07:57","slug":"lumatek-digitales-bedienfeld-plus-2-0","status":"publish","type":"product","link":"https:\/\/greendisc.dev-project.digital\/de\/produkt\/lumatek-digitales-bedienfeld-plus-2-0\/","title":{"rendered":"Lumatek Digitales Bedienfeld PLUS 2.0"},"content":{"rendered":"<p><meta charset=\"utf-8\"><span data-mce-fragment=\"1\">Mit dem Lumatek Digital Panel PLUS 2.0 haben Sie die ultimative Kontrolle \u00fcber Ihre Beleuchtungssets. Die innovative Beleuchtungssteuerung von Lumatek wurde speziell f\u00fcr die Verwendung mit Lumatek Zeus LED- und HID-Zuchtlampen entwickelt. Der Controller \u00fcberwacht unter anderem Temperatur und Helligkeit, regelt automatisch die Lichtintensit\u00e4t (in Prozent) Ihres<\/span><br data-mce-fragment=\"1\"><span data-mce-fragment=\"1\">Wachstumslichter und verf\u00fcgt \u00fcber eine automatische Ein-Aus-Funktion. Das ausgekl\u00fcgelte St\u00fcck Technik kann problemlos mit bis zu 400 Leuchten verbunden werden, mit 2 separaten Zonen.<\/span><\/p>\n","protected":false},"excerpt":{"rendered":"<p>Mit dem Lumatek Digital Panel PLUS 2.0 haben Sie die ultimative Kontrolle \u00fcber Ihre Beleuchtungssets. Die innovative Beleuchtungssteuerung von Lumatek wurde speziell f\u00fcr die Verwendung mit Lumatek Zeus LED- und HID-Zuchtlampen entwickelt.<\/p>\n","protected":false},"featured_media":25629,"template":"","meta":[],"product_brand":[],"product_cat":[337,548],"product_tag":[],"class_list":{"0":"post-29951","1":"product","2":"type-product","3":"status-publish","4":"has-post-thumbnail","6":"product_cat-beleuchtung","7":"product_cat-steuerungen-de","9":"first","10":"instock","11":"taxable","12":"shipping-taxable","13":"purchasable","14":"product-type-simple"},"_links":{"self":[{"href":"https:\/\/greendisc.dev-project.digital\/de\/wp-json\/wp\/v2\/product\/29951","targetHints":{"allow":["GET"]}}],"collection":[{"href":"https:\/\/greendisc.dev-project.digital\/de\/wp-json\/wp\/v2\/product"}],"about":[{"href":"https:\/\/greendisc.dev-project.digital\/de\/wp-json\/wp\/v2\/types\/product"}],"version-history":[{"count":0,"href":"https:\/\/greendisc.dev-project.digital\/de\/wp-json\/wp\/v2\/product\/29951\/revisions"}],"wp:featuredmedia":[{"embeddable":true,"href":"https:\/\/greendisc.dev-project.digital\/de\/wp-json\/wp\/v2\/media\/25629"}],"wp:attachment":[{"href":"https:\/\/greendisc.dev-project.digital\/de\/wp-json\/wp\/v2\/media?parent=29951"}],"wp:term":[{"taxonomy":"product_brand","embeddable":true,"href":"https:\/\/greendisc.dev-project.digital\/de\/wp-json\/wp\/v2\/product_brand?post=29951"},{"taxonomy":"product_cat","embeddable":true,"href":"https:\/\/greendisc.dev-project.digital\/de\/wp-json\/wp\/v2\/product_cat?post=29951"},{"taxonomy":"product_tag","embeddable":true,"href":"https:\/\/greendisc.dev-project.digital\/de\/wp-json\/wp\/v2\/product_tag?post=29951"}],"curies":[{"name":"wp","href":"https:\/\/api.w.org\/{rel}","templated":true}]}}