 {"id":29946,"date":"2023-11-14T12:22:55","date_gmt":"2023-11-14T11:22:55","guid":{"rendered":"https:\/\/greendisc.dev-project.digital\/\/product\/dimlux-maxi-controller-evo-1-2\/"},"modified":"2025-06-08T13:29:28","modified_gmt":"2025-06-08T11:29:28","slug":"dimlux-maxi-controller-evo-1-2","status":"publish","type":"product","link":"https:\/\/greendisc.dev-project.digital\/de\/produkt\/dimlux-maxi-controller-evo-1-2\/","title":{"rendered":"DIMLUX MAXI CONTROLLER EVO 1.2"},"content":{"rendered":"<p><meta charset=\"utf-8\"><\/p>\n<p data-mce-fragment=\"1\">DimLux Maxi Controller EVO 1.2. Dieser revolution\u00e4re Controller f\u00fcr DimLux kann bis zu 160 DimLux Extreme oder Expert Series steuern und ist mit verschiedenen Sensoren erweiterbar, um stets optimale Bedingungen zu gew\u00e4hrleisten. DimLux Maxi Controller EVO 1.2. Wird standardm\u00e4\u00dfig mit einem 5 Meter langen Interlink-Kabel geliefert.<\/p>\n<p data-mce-fragment=\"1\">Die Verwendung einer oder mehrerer DimLux Expert Series in Kombination mit dem DimLux Maxi Controller bietet eine Reihe fantastischer Vorteile:<\/p>\n<ul data-mce-fragment=\"1\">\n<li data-mce-fragment=\"1\">Umfangreiche und pr\u00e4zise Einstellungsm\u00f6glichkeiten<\/li>\n<li data-mce-fragment=\"1\">Sensoren: Messen = Wissen<\/li>\n<li data-mce-fragment=\"1\">Umfassende Anschluss- und Steuerungsm\u00f6glichkeiten<\/li>\n<li data-mce-fragment=\"1\">Simulation von Sonnenaufgang und Sonnenuntergang<\/li>\n<li data-mce-fragment=\"1\">Energie- und Kosteneinsparungen<\/li>\n<\/ul>\n","protected":false},"excerpt":{"rendered":"<p>DimLux Maxi Controller EVO 1.2. Dieser revolution\u00e4re Controller f\u00fcr DimLux kann bis zu 160 DimLux Extreme oder Expert Series steuern und ist mit verschiedenen Sensoren erweiterbar, um stets optimale Bedingungen zu gew\u00e4hrleisten.<\/p>\n","protected":false},"featured_media":25093,"template":"","meta":[],"product_brand":[],"product_cat":[337,548],"product_tag":[],"class_list":{"0":"post-29946","1":"product","2":"type-product","3":"status-publish","4":"has-post-thumbnail","6":"product_cat-beleuchtung","7":"product_cat-steuerungen-de","9":"first","10":"instock","11":"taxable","12":"shipping-taxable","13":"purchasable","14":"product-type-simple"},"_links":{"self":[{"href":"https:\/\/greendisc.dev-project.digital\/de\/wp-json\/wp\/v2\/product\/29946","targetHints":{"allow":["GET"]}}],"collection":[{"href":"https:\/\/greendisc.dev-project.digital\/de\/wp-json\/wp\/v2\/product"}],"about":[{"href":"https:\/\/greendisc.dev-project.digital\/de\/wp-json\/wp\/v2\/types\/product"}],"version-history":[{"count":0,"href":"https:\/\/greendisc.dev-project.digital\/de\/wp-json\/wp\/v2\/product\/29946\/revisions"}],"wp:featuredmedia":[{"embeddable":true,"href":"https:\/\/greendisc.dev-project.digital\/de\/wp-json\/wp\/v2\/media\/25093"}],"wp:attachment":[{"href":"https:\/\/greendisc.dev-project.digital\/de\/wp-json\/wp\/v2\/media?parent=29946"}],"wp:term":[{"taxonomy":"product_brand","embeddable":true,"href":"https:\/\/greendisc.dev-project.digital\/de\/wp-json\/wp\/v2\/product_brand?post=29946"},{"taxonomy":"product_cat","embeddable":true,"href":"https:\/\/greendisc.dev-project.digital\/de\/wp-json\/wp\/v2\/product_cat?post=29946"},{"taxonomy":"product_tag","embeddable":true,"href":"https:\/\/greendisc.dev-project.digital\/de\/wp-json\/wp\/v2\/product_tag?post=29946"}],"curies":[{"name":"wp","href":"https:\/\/api.w.org\/{rel}","templated":true}]}}