 {"id":29940,"date":"2023-11-14T12:17:26","date_gmt":"2023-11-14T11:17:26","guid":{"rendered":"https:\/\/greendisc.dev-project.digital\/\/product\/verschlussdeckel-o-315mm\/"},"modified":"2024-12-16T09:33:38","modified_gmt":"2024-12-16T08:33:38","slug":"verschlussdeckel-o-315mm","status":"publish","type":"product","link":"https:\/\/greendisc.dev-project.digital\/de\/produkt\/verschlussdeckel-o-315mm\/","title":{"rendered":"Verschlussdeckel \u00d8 315mm"},"content":{"rendered":"<p><meta charset=\"utf-8\"><span><meta charset=\"utf-8\">Enddeckel \u00d8 315mm. Suchen Sie einen robusten Verschlussdeckel, um ungenutzte L\u00fcftungskan\u00e4le und Abzweigungen abzudichten? Dann w\u00e4hlen Sie unseren versiegelten Stahldeckel mit einem Durchmesser von 315 mm. Diese hochwertige Endabdeckung ist aus robustem Stahlblech gefertigt. Bestellen Sie jetzt und profitieren Sie von unserer schnellen Lieferung und unseren g\u00fcnstigen Preisen!<\/span><\/p>\n<p><span><meta charset=\"utf-8\">Geeignet f\u00fcr Spiro-Rohre \u00d8 315mm oder f\u00fcr Luftschl\u00e4uche wie combiconnect oder die isolierten sonoconnect-Schl\u00e4uche mit einem Durchmesser von 315mm.<\/span><\/p>\n<p><span><meta charset=\"utf-8\">Durchmesser des Deckels: \u00d8 315mm<\/span><\/p>\n","protected":false},"excerpt":{"rendered":"<p>Enddeckel \u00d8 315mm. Suchen Sie einen robusten Verschlussdeckel, um ungenutzte L\u00fcftungskan\u00e4le und Abzweigungen abzudichten? Dann w\u00e4hlen Sie unseren versiegelten Stahldeckel mit einem Durchmesser von 315 mm. <\/p>\n","protected":false},"featured_media":24355,"template":"","meta":[],"product_brand":[],"product_cat":[350,439,428],"product_tag":[],"class_list":{"0":"post-29940","1":"product","2":"type-product","3":"status-publish","4":"has-post-thumbnail","6":"product_cat-aeronautik","7":"product_cat-anhange-sonstiges","8":"product_cat-flansche-und-armaturen","10":"first","11":"instock","12":"taxable","13":"shipping-taxable","14":"purchasable","15":"product-type-simple"},"_links":{"self":[{"href":"https:\/\/greendisc.dev-project.digital\/de\/wp-json\/wp\/v2\/product\/29940","targetHints":{"allow":["GET"]}}],"collection":[{"href":"https:\/\/greendisc.dev-project.digital\/de\/wp-json\/wp\/v2\/product"}],"about":[{"href":"https:\/\/greendisc.dev-project.digital\/de\/wp-json\/wp\/v2\/types\/product"}],"version-history":[{"count":0,"href":"https:\/\/greendisc.dev-project.digital\/de\/wp-json\/wp\/v2\/product\/29940\/revisions"}],"wp:featuredmedia":[{"embeddable":true,"href":"https:\/\/greendisc.dev-project.digital\/de\/wp-json\/wp\/v2\/media\/24355"}],"wp:attachment":[{"href":"https:\/\/greendisc.dev-project.digital\/de\/wp-json\/wp\/v2\/media?parent=29940"}],"wp:term":[{"taxonomy":"product_brand","embeddable":true,"href":"https:\/\/greendisc.dev-project.digital\/de\/wp-json\/wp\/v2\/product_brand?post=29940"},{"taxonomy":"product_cat","embeddable":true,"href":"https:\/\/greendisc.dev-project.digital\/de\/wp-json\/wp\/v2\/product_cat?post=29940"},{"taxonomy":"product_tag","embeddable":true,"href":"https:\/\/greendisc.dev-project.digital\/de\/wp-json\/wp\/v2\/product_tag?post=29940"}],"curies":[{"name":"wp","href":"https:\/\/api.w.org\/{rel}","templated":true}]}}