 {"id":29938,"date":"2023-11-14T12:17:22","date_gmt":"2023-11-14T11:17:22","guid":{"rendered":"https:\/\/greendisc.dev-project.digital\/\/product\/siegeldeckel-o-127mm\/"},"modified":"2024-12-16T09:33:38","modified_gmt":"2024-12-16T08:33:38","slug":"siegeldeckel-o-127mm","status":"publish","type":"product","link":"https:\/\/greendisc.dev-project.digital\/de\/produkt\/siegeldeckel-o-127mm\/","title":{"rendered":"Siegeldeckel \u00d8 127mm"},"content":{"rendered":"<p><meta charset=\"utf-8\"><span><meta charset=\"utf-8\">Enddeckel \u00d8 127mm. Suchen Sie einen robusten Verschlussdeckel, um ungenutzte L\u00fcftungskan\u00e4le und Abzweigungen abzudichten? Dann w\u00e4hlen Sie unseren Stahlverschlussdeckel mit einem Durchmesser von 127 mm. Diese hochwertige Endabdeckung ist aus robustem Stahlblech gefertigt. Bestellen Sie jetzt und profitieren Sie von unserer schnellen Lieferung und unseren g\u00fcnstigen Preisen!<\/p>\n<p><meta charset=\"utf-8\"> <meta charset=\"utf-8\"> <meta charset=\"utf-8\">Geeignet f\u00fcr spirotube \u00d8 125mm oder spirotube \u00d8 127mm oder f\u00fcr Luftschl\u00e4uche wie combiconnect oder die isolierten sonoconnect Schl\u00e4uche in der Gr\u00f6\u00dfe \u00d8 127mm<\/p>\n<p>Durchmesser des Deckels: 127mm<\/span><\/p>\n","protected":false},"excerpt":{"rendered":"<p>Enddeckel \u00d8 127mm. Suchen Sie einen robusten Verschlussdeckel, um ungenutzte L\u00fcftungskan\u00e4le und Abzweigungen abzudichten? Dann w\u00e4hlen Sie unseren Stahlverschlussdeckel mit einem Durchmesser von 127 mm.<\/p>\n","protected":false},"featured_media":24347,"template":"","meta":[],"product_brand":[],"product_cat":[350,439,428],"product_tag":[],"class_list":{"0":"post-29938","1":"product","2":"type-product","3":"status-publish","4":"has-post-thumbnail","6":"product_cat-aeronautik","7":"product_cat-anhange-sonstiges","8":"product_cat-flansche-und-armaturen","10":"first","11":"instock","12":"taxable","13":"shipping-taxable","14":"purchasable","15":"product-type-simple"},"_links":{"self":[{"href":"https:\/\/greendisc.dev-project.digital\/de\/wp-json\/wp\/v2\/product\/29938","targetHints":{"allow":["GET"]}}],"collection":[{"href":"https:\/\/greendisc.dev-project.digital\/de\/wp-json\/wp\/v2\/product"}],"about":[{"href":"https:\/\/greendisc.dev-project.digital\/de\/wp-json\/wp\/v2\/types\/product"}],"version-history":[{"count":0,"href":"https:\/\/greendisc.dev-project.digital\/de\/wp-json\/wp\/v2\/product\/29938\/revisions"}],"wp:featuredmedia":[{"embeddable":true,"href":"https:\/\/greendisc.dev-project.digital\/de\/wp-json\/wp\/v2\/media\/24347"}],"wp:attachment":[{"href":"https:\/\/greendisc.dev-project.digital\/de\/wp-json\/wp\/v2\/media?parent=29938"}],"wp:term":[{"taxonomy":"product_brand","embeddable":true,"href":"https:\/\/greendisc.dev-project.digital\/de\/wp-json\/wp\/v2\/product_brand?post=29938"},{"taxonomy":"product_cat","embeddable":true,"href":"https:\/\/greendisc.dev-project.digital\/de\/wp-json\/wp\/v2\/product_cat?post=29938"},{"taxonomy":"product_tag","embeddable":true,"href":"https:\/\/greendisc.dev-project.digital\/de\/wp-json\/wp\/v2\/product_tag?post=29938"}],"curies":[{"name":"wp","href":"https:\/\/api.w.org\/{rel}","templated":true}]}}