 {"id":29932,"date":"2023-11-14T12:17:32","date_gmt":"2023-11-14T11:17:32","guid":{"rendered":"https:\/\/greendisc.dev-project.digital\/\/product\/dichtungsdeckel-fuer-o-250mm-aufsatz\/"},"modified":"2024-12-16T09:33:36","modified_gmt":"2024-12-16T08:33:36","slug":"dichtungsdeckel-fuer-o-250mm-aufsatz","status":"publish","type":"product","link":"https:\/\/greendisc.dev-project.digital\/de\/produkt\/dichtungsdeckel-fuer-o-250mm-aufsatz\/","title":{"rendered":"Dichtungsdeckel, f\u00fcr \u00d8 250mm Aufsatz"},"content":{"rendered":"<p><meta charset=\"utf-8\"><span><meta charset=\"utf-8\">Enddeckel \u00d8 250mm. Suchen Sie eine hochwertige Stahlblechabdeckung zum Abdichten von ungenutzten L\u00fcftungskan\u00e4len und Abzweigungen? Dann w\u00e4hlen Sie unseren Stahlverschlussdeckel mit einem Durchmesser von 250 mm.<\/span><\/p>\n<p><span>Diese Endkappe wurde speziell f\u00fcr Eisenarmaturen wie Flansche, T-St\u00fccke und Y-St\u00fccke entwickelt.<\/span><br \/><span>Bestellen Sie jetzt und profitieren Sie von unserer schnellen Lieferung und unseren g\u00fcnstigen Preisen!<\/span><\/p>\n<p><span>Durchmesser Siegeldeckel:  <\/span><meta charset=\"utf-8\"><span>\u00d8 250mm<\/span><\/p>\n","protected":false},"excerpt":{"rendered":"<p>Enddeckel \u00d8 250mm. Suchen Sie eine hochwertige Stahlblechabdeckung zum Abdichten von ungenutzten L\u00fcftungskan\u00e4len und Abzweigungen? Dann w\u00e4hlen Sie unseren Stahlverschlussdeckel mit einem Durchmesser von 250 mm.<\/p>\n","protected":false},"featured_media":24367,"template":"","meta":[],"product_brand":[],"product_cat":[350,439,428],"product_tag":[],"class_list":{"0":"post-29932","1":"product","2":"type-product","3":"status-publish","4":"has-post-thumbnail","6":"product_cat-aeronautik","7":"product_cat-anhange-sonstiges","8":"product_cat-flansche-und-armaturen","10":"first","11":"instock","12":"taxable","13":"shipping-taxable","14":"purchasable","15":"product-type-simple"},"_links":{"self":[{"href":"https:\/\/greendisc.dev-project.digital\/de\/wp-json\/wp\/v2\/product\/29932","targetHints":{"allow":["GET"]}}],"collection":[{"href":"https:\/\/greendisc.dev-project.digital\/de\/wp-json\/wp\/v2\/product"}],"about":[{"href":"https:\/\/greendisc.dev-project.digital\/de\/wp-json\/wp\/v2\/types\/product"}],"version-history":[{"count":0,"href":"https:\/\/greendisc.dev-project.digital\/de\/wp-json\/wp\/v2\/product\/29932\/revisions"}],"wp:featuredmedia":[{"embeddable":true,"href":"https:\/\/greendisc.dev-project.digital\/de\/wp-json\/wp\/v2\/media\/24367"}],"wp:attachment":[{"href":"https:\/\/greendisc.dev-project.digital\/de\/wp-json\/wp\/v2\/media?parent=29932"}],"wp:term":[{"taxonomy":"product_brand","embeddable":true,"href":"https:\/\/greendisc.dev-project.digital\/de\/wp-json\/wp\/v2\/product_brand?post=29932"},{"taxonomy":"product_cat","embeddable":true,"href":"https:\/\/greendisc.dev-project.digital\/de\/wp-json\/wp\/v2\/product_cat?post=29932"},{"taxonomy":"product_tag","embeddable":true,"href":"https:\/\/greendisc.dev-project.digital\/de\/wp-json\/wp\/v2\/product_tag?post=29932"}],"curies":[{"name":"wp","href":"https:\/\/api.w.org\/{rel}","templated":true}]}}