 {"id":29926,"date":"2023-11-14T12:17:28","date_gmt":"2023-11-14T11:17:28","guid":{"rendered":"https:\/\/greendisc.dev-project.digital\/\/product\/schliessender-deckel-o-406mm\/"},"modified":"2024-12-16T09:33:34","modified_gmt":"2024-12-16T08:33:34","slug":"schliessender-deckel-o-406mm","status":"publish","type":"product","link":"https:\/\/greendisc.dev-project.digital\/de\/produkt\/schliessender-deckel-o-406mm\/","title":{"rendered":"Schlie\u00dfender Deckel \u00d8 406mm"},"content":{"rendered":"<p><meta charset=\"utf-8\"><span data-mce-fragment=\"1\"><meta charset=\"utf-8\">Enddeckel \u00d8 406mm. Suchen Sie einen robusten Verschlussdeckel, um ungenutzte L\u00fcftungskan\u00e4le und Abzweigungen abzudichten? Dann w\u00e4hlen Sie unseren Dichtungsdeckel aus Stahl mit einem Durchmesser von 406 mm.<\/p>\n<p>Diese hochwertige Endabdeckung ist aus robustem Stahlblech gefertigt. Bestellen Sie jetzt und profitieren Sie von unserer schnellen Lieferung und unseren g\u00fcnstigen Preisen!<\/span><br data-mce-fragment=\"1\"><br data-mce-fragment=\"1\"><span data-mce-fragment=\"1\"><meta charset=\"utf-8\">Diese Endkappe ist f\u00fcr Spirotube \u00d8 406mm oder f\u00fcr Luftschl\u00e4uche wie combiconnect oder die isolierten sonoconnect Schl\u00e4uche mit Durchmesser 406mm geeignet.<\/span><br data-mce-fragment=\"1\"><br data-mce-fragment=\"1\"><span data-mce-fragment=\"1\"><meta charset=\"utf-8\">Durchmesser des Deckels: \u00d8 406mm<\/span><\/p>\n","protected":false},"excerpt":{"rendered":"<p>Enddeckel \u00d8 406mm. Suchen Sie einen robusten Verschlussdeckel, um ungenutzte L\u00fcftungskan\u00e4le und Abzweigungen abzudichten? Dann w\u00e4hlen Sie unseren Dichtungsdeckel aus Stahl mit einem Durchmesser von 406 mm.<\/p>\n","protected":false},"featured_media":24359,"template":"","meta":[],"product_brand":[],"product_cat":[350,439,428],"product_tag":[],"class_list":{"0":"post-29926","1":"product","2":"type-product","3":"status-publish","4":"has-post-thumbnail","6":"product_cat-aeronautik","7":"product_cat-anhange-sonstiges","8":"product_cat-flansche-und-armaturen","10":"first","11":"instock","12":"taxable","13":"shipping-taxable","14":"purchasable","15":"product-type-simple"},"_links":{"self":[{"href":"https:\/\/greendisc.dev-project.digital\/de\/wp-json\/wp\/v2\/product\/29926","targetHints":{"allow":["GET"]}}],"collection":[{"href":"https:\/\/greendisc.dev-project.digital\/de\/wp-json\/wp\/v2\/product"}],"about":[{"href":"https:\/\/greendisc.dev-project.digital\/de\/wp-json\/wp\/v2\/types\/product"}],"version-history":[{"count":0,"href":"https:\/\/greendisc.dev-project.digital\/de\/wp-json\/wp\/v2\/product\/29926\/revisions"}],"wp:featuredmedia":[{"embeddable":true,"href":"https:\/\/greendisc.dev-project.digital\/de\/wp-json\/wp\/v2\/media\/24359"}],"wp:attachment":[{"href":"https:\/\/greendisc.dev-project.digital\/de\/wp-json\/wp\/v2\/media?parent=29926"}],"wp:term":[{"taxonomy":"product_brand","embeddable":true,"href":"https:\/\/greendisc.dev-project.digital\/de\/wp-json\/wp\/v2\/product_brand?post=29926"},{"taxonomy":"product_cat","embeddable":true,"href":"https:\/\/greendisc.dev-project.digital\/de\/wp-json\/wp\/v2\/product_cat?post=29926"},{"taxonomy":"product_tag","embeddable":true,"href":"https:\/\/greendisc.dev-project.digital\/de\/wp-json\/wp\/v2\/product_tag?post=29926"}],"curies":[{"name":"wp","href":"https:\/\/api.w.org\/{rel}","templated":true}]}}