 {"id":29921,"date":"2023-11-14T12:17:29","date_gmt":"2023-11-14T11:17:29","guid":{"rendered":"https:\/\/greendisc.dev-project.digital\/\/product\/verschlussdeckel-fuer-o-127-mm-aufsatz\/"},"modified":"2024-12-16T09:33:33","modified_gmt":"2024-12-16T08:33:33","slug":"verschlussdeckel-fuer-o-127-mm-aufsatz","status":"publish","type":"product","link":"https:\/\/greendisc.dev-project.digital\/de\/produkt\/verschlussdeckel-fuer-o-127-mm-aufsatz\/","title":{"rendered":"Verschlussdeckel, f\u00fcr \u00d8 127 mm Aufsatz"},"content":{"rendered":"<p><meta charset=\"utf-8\"><span>Suchen Sie eine hochwertige Stahlblechabdeckung zum Abdichten von ungenutzten L\u00fcftungskan\u00e4len und Abzweigungen? Dann w\u00e4hlen Sie unseren Stahlverschlussdeckel mit einem Durchmesser von 127 mm.  <\/p>\n<p>Diese Endkappe wurde speziell f\u00fcr Eisenarmaturen wie Flansche, T-St\u00fccke und Y-St\u00fccke entwickelt.  <br \/>Bestellen Sie jetzt und profitieren Sie von unserer schnellen Lieferung und unseren g\u00fcnstigen Preisen!<\/p>\n<p><meta charset=\"utf-8\">Durchmesser des Verschlussdeckels: \u00d8 127mm<\/span><\/p>\n","protected":false},"excerpt":{"rendered":"<p>Suchen Sie eine hochwertige Stahlblechabdeckung zum Abdichten von ungenutzten L\u00fcftungskan\u00e4len und Abzweigungen? Dann w\u00e4hlen Sie unseren Stahlverschlussdeckel mit einem Durchmesser von 127 mm.<\/p>\n","protected":false},"featured_media":24361,"template":"","meta":[],"product_brand":[],"product_cat":[350,439,428],"product_tag":[],"class_list":{"0":"post-29921","1":"product","2":"type-product","3":"status-publish","4":"has-post-thumbnail","6":"product_cat-aeronautik","7":"product_cat-anhange-sonstiges","8":"product_cat-flansche-und-armaturen","10":"first","11":"instock","12":"taxable","13":"shipping-taxable","14":"purchasable","15":"product-type-simple"},"_links":{"self":[{"href":"https:\/\/greendisc.dev-project.digital\/de\/wp-json\/wp\/v2\/product\/29921","targetHints":{"allow":["GET"]}}],"collection":[{"href":"https:\/\/greendisc.dev-project.digital\/de\/wp-json\/wp\/v2\/product"}],"about":[{"href":"https:\/\/greendisc.dev-project.digital\/de\/wp-json\/wp\/v2\/types\/product"}],"version-history":[{"count":0,"href":"https:\/\/greendisc.dev-project.digital\/de\/wp-json\/wp\/v2\/product\/29921\/revisions"}],"wp:featuredmedia":[{"embeddable":true,"href":"https:\/\/greendisc.dev-project.digital\/de\/wp-json\/wp\/v2\/media\/24361"}],"wp:attachment":[{"href":"https:\/\/greendisc.dev-project.digital\/de\/wp-json\/wp\/v2\/media?parent=29921"}],"wp:term":[{"taxonomy":"product_brand","embeddable":true,"href":"https:\/\/greendisc.dev-project.digital\/de\/wp-json\/wp\/v2\/product_brand?post=29921"},{"taxonomy":"product_cat","embeddable":true,"href":"https:\/\/greendisc.dev-project.digital\/de\/wp-json\/wp\/v2\/product_cat?post=29921"},{"taxonomy":"product_tag","embeddable":true,"href":"https:\/\/greendisc.dev-project.digital\/de\/wp-json\/wp\/v2\/product_tag?post=29921"}],"curies":[{"name":"wp","href":"https:\/\/api.w.org\/{rel}","templated":true}]}}