 {"id":29907,"date":"2023-11-14T12:29:34","date_gmt":"2023-11-14T11:29:34","guid":{"rendered":"https:\/\/greendisc.dev-project.digital\/\/product\/ocl-led-skwid-1900-pro\/"},"modified":"2025-05-06T09:54:50","modified_gmt":"2025-05-06T07:54:50","slug":"ocl-led-skwid-1900-pro","status":"publish","type":"product","link":"https:\/\/greendisc.dev-project.digital\/de\/produkt\/ocl-led-skwid-1900-pro\/","title":{"rendered":"OCL | LED Growlamp | Skwid 1900 PRO | 680W"},"content":{"rendered":"<h2 class=\"\" data-start=\"309\" data-end=\"394\"><strong data-start=\"312\" data-end=\"394\">OCL Skwid 1900 PRO LED &#8211; Das leistungsst\u00e4rkste professionelle Wachstumslicht von heute<\/strong><\/h2>\n<h3 class=\"\" data-start=\"396\" data-end=\"466\">\u2705 Maximale Kontrolle. Maximaler Ertrag. Minimaler Energieverbrauch.<\/h3>\n<p class=\"\" data-start=\"468\" data-end=\"789\">Die <strong data-start=\"471\" data-end=\"497\">OCL Skwid 1900 PRO LED<\/strong> ist der Gipfel der Innovation im Bereich der Gartenbaubeleuchtung. Dieses <strong data-start=\"559\" data-end=\"605\">ultrastarke Vollspektrum-LED-Growlight<\/strong> liefert eine unvergleichliche Effizienz von <strong data-start=\"647\" data-end=\"662\">3,14 \u00b5mol\/J<\/strong> und einen beeindruckenden PPF von bis zu <strong data-start=\"693\" data-end=\"708\">2079 \u00b5mol\/s<\/strong> &#8211; perfekt zugeschnitten auf Z\u00fcchter, die das Beste aus ihrem Indoor-Anbau herausholen wollen.<\/p>\n<p class=\"\" data-start=\"791\" data-end=\"1107\">Die Skwid 1900 PRO LED wurde <em data-start=\"802\" data-end=\"828\">von Z\u00fcchtern f\u00fcr Z\u00fcchter<\/em> entwickelt und eignet sich f\u00fcr den Einsatz in <strong data-start=\"880\" data-end=\"940\">niedrigen R\u00e4umen, vertikalen Regalen, Rolltischen und Growboxen<\/strong>. Dieses leistungsstarke Grow-Licht ist dimmbar von <strong data-start=\"989\" data-end=\"1006\">400W bis 680W<\/strong>, passiv gek\u00fchlt und kompatibel mit dem <strong data-start=\"1045\" data-end=\"1084\">OCL Lighting Touchscreen Controller<\/strong> zur zentralen Steuerung.<\/p>\n<h3 class=\"\" data-start=\"1114\" data-end=\"1170\">\ud83d\udca1 <strong data-start=\"1121\" data-end=\"1170\">Warum sollten Sie sich f\u00fcr die OCL Skwid 1900 PRO LED entscheiden?<\/strong><\/h3>\n<ul data-start=\"1172\" data-end=\"1912\">\n<li class=\"\" data-start=\"1172\" data-end=\"1273\">\n<p class=\"\" data-start=\"1174\" data-end=\"1273\"><strong data-start=\"1174\" data-end=\"1215\">Starke Lichtleistung von bis zu 2079 \u00b5mol\/s<\/strong> &#8211; au\u00dfergew\u00f6hnliche PAR-Werte f\u00fcr optimales Pflanzenwachstum<\/p>\n<\/li>\n<li class=\"\" data-start=\"1274\" data-end=\"1365\">\n<p class=\"\" data-start=\"1276\" data-end=\"1365\"><strong data-start=\"1276\" data-end=\"1320\">Extrem hoher Wirkungsgrad von 3,14 \u00b5mol\/J<\/strong> &#8211; mit Abstand einer der h\u00f6chsten in seiner Klasse<\/p>\n<\/li>\n<li class=\"\" data-start=\"1366\" data-end=\"1439\">\n<p class=\"\" data-start=\"1368\" data-end=\"1439\"><strong data-start=\"1368\" data-end=\"1391\">Vollspektrumlicht<\/strong> &#8211; geeignet f\u00fcr die Wachstums- und Bl\u00fctephase<\/p>\n<\/li>\n<li class=\"\" data-start=\"1440\" data-end=\"1522\">\n<p class=\"\" data-start=\"1442\" data-end=\"1522\"><strong data-start=\"1442\" data-end=\"1474\">Dimmbar von 400 bis 680 Watt<\/strong> &#8211; maximale Flexibilit\u00e4t in jeder Wachstumsphase<\/p>\n<\/li>\n<li class=\"\" data-start=\"1523\" data-end=\"1595\">\n<p class=\"\" data-start=\"1525\" data-end=\"1595\"><strong data-start=\"1525\" data-end=\"1565\">\u00c4hnlich wie eine 1000W HPS-Lampe<\/strong> &#8211; aber viel energieeffizienter<\/p>\n<\/li>\n<li class=\"\" data-start=\"1596\" data-end=\"1681\">\n<p class=\"\" data-start=\"1598\" data-end=\"1681\"><strong data-start=\"1598\" data-end=\"1641\">Passive K\u00fchlung ohne bewegliche Teile<\/strong> &#8211; leise, zuverl\u00e4ssig und wartungsfrei<\/p>\n<\/li>\n<li class=\"\" data-start=\"1682\" data-end=\"1777\">\n<p class=\"\" data-start=\"1684\" data-end=\"1777\"><strong data-start=\"1684\" data-end=\"1738\">Kompatibel mit dem OCL Lighting Touchscreen Controller<\/strong> &#8211; f\u00fcr eine vollst\u00e4ndige Automatisierung der Beleuchtung<\/p>\n<\/li>\n<li class=\"\" data-start=\"1778\" data-end=\"1848\">\n<p class=\"\" data-start=\"1780\" data-end=\"1848\"><strong data-start=\"1780\" data-end=\"1803\">IP65 wasserdicht<\/strong> und resistent gegen raue Wachstumsbedingungen<\/p>\n<\/li>\n<li class=\"\" data-start=\"1849\" data-end=\"1912\">\n<p class=\"\" data-start=\"1851\" data-end=\"1912\"><strong data-start=\"1851\" data-end=\"1891\">Lange Lebensdauer (50.000+ Brennstunden<\/strong> ) und 5 Jahre Garantie<\/p>\n<\/li>\n<\/ul>\n<h3 class=\"\" data-start=\"1919\" data-end=\"1955\">\ud83c\udf31 <strong data-start=\"1926\" data-end=\"1955\">Anwendung und Installation<\/strong><\/h3>\n<p class=\"\" data-start=\"1957\" data-end=\"2365\">Die OCL Skwid 1900 PRO LED wurde speziell f\u00fcr <strong data-start=\"2010\" data-end=\"2041\">professionelle Indoor-Grower<\/strong> entwickelt, die mit begrenzter H\u00f6he arbeiten. F\u00fcr eine maximale Gleichm\u00e4\u00dfigkeit des Lichts empfiehlt es sich, die Leuchte nur <strong data-start=\"2157\" data-end=\"2189\">12 bis 15 cm \u00fcber der Pflanze<\/strong> aufzuh\u00e4ngen. Mit ihrem <strong data-start=\"2203\" data-end=\"2247\">extrabreiten achtstrahligen Design<\/strong> bietet diese Lampe eine noch nie dagewesene Abdeckung &#8211; perfekt f\u00fcr kommerzielle Anbausysteme und Anwendungen mit hoher Dichte.<\/p>\n<h3 class=\"\" data-start=\"2372\" data-end=\"2430\">\u2699\ufe0f <strong data-start=\"2379\" data-end=\"2430\">Technische Daten OCL Skwid 1900 PRO LED<\/strong><\/h3>\n<div class=\"_tableContainer_16hzy_1\">\n<div class=\"_tableWrapper_16hzy_14 group flex w-fit flex-col-reverse\" tabindex=\"-1\">\n<table class=\"w-fit min-w-(--thread-content-width)\" data-start=\"2432\" data-end=\"3802\">\n<thead data-start=\"2432\" data-end=\"2503\">\n<tr data-start=\"2432\" data-end=\"2503\">\n<th data-start=\"2432\" data-end=\"2460\" data-col-size=\"sm\">Spezifikation<\/th>\n<th data-start=\"2460\" data-end=\"2503\" data-col-size=\"md\">Detail<\/th>\n<\/tr>\n<\/thead>\n<tbody data-start=\"2576\" data-end=\"3802\">\n<tr data-start=\"2576\" data-end=\"2647\">\n<td data-start=\"2576\" data-end=\"2603\" data-col-size=\"sm\">Lichtleistung (PPF)<\/td>\n<td data-start=\"2603\" data-end=\"2647\" data-col-size=\"md\">2079 \u00b5mol\/s<\/td>\n<\/tr>\n<tr data-start=\"2648\" data-end=\"2719\">\n<td data-start=\"2648\" data-end=\"2675\" data-col-size=\"sm\">Effizienz<\/td>\n<td data-start=\"2675\" data-end=\"2719\" data-col-size=\"md\">3.14 \u00b5mol\/J<\/td>\n<\/tr>\n<tr data-start=\"2720\" data-end=\"2791\">\n<td data-start=\"2720\" data-end=\"2747\" data-col-size=\"sm\">Strom<\/td>\n<td data-start=\"2747\" data-end=\"2791\" data-col-size=\"md\">400W &#8211; 680W (dimmbar)<\/td>\n<\/tr>\n<tr data-start=\"2792\" data-end=\"2863\">\n<td data-start=\"2792\" data-end=\"2819\" data-col-size=\"sm\">LED-Chipsatz<\/td>\n<td data-start=\"2819\" data-end=\"2863\" data-col-size=\"md\">Samsung LM301H + Osram<\/td>\n<\/tr>\n<tr data-start=\"2864\" data-end=\"2937\">\n<td data-start=\"2864\" data-end=\"2891\" data-col-size=\"sm\">Operation<\/td>\n<td data-col-size=\"md\" data-start=\"2891\" data-end=\"2937\">Dimmkarte oder OCL Touchscreen Controller<\/td>\n<\/tr>\n<tr data-start=\"2938\" data-end=\"3009\">\n<td data-start=\"2938\" data-end=\"2965\" data-col-size=\"sm\">K\u00fchlung<\/td>\n<td data-col-size=\"md\" data-start=\"2965\" data-end=\"3009\">Passiv (keine beweglichen Teile)<\/td>\n<\/tr>\n<tr data-start=\"3010\" data-end=\"3081\">\n<td data-start=\"3010\" data-end=\"3037\" data-col-size=\"sm\">Wasserdicht<\/td>\n<td data-col-size=\"md\" data-start=\"3037\" data-end=\"3081\">IP65<\/td>\n<\/tr>\n<tr data-start=\"3082\" data-end=\"3153\">\n<td data-start=\"3082\" data-end=\"3109\" data-col-size=\"sm\">Geh\u00e4use<\/td>\n<td data-start=\"3109\" data-end=\"3153\" data-col-size=\"md\">Aluminium, Farbe Silber<\/td>\n<\/tr>\n<tr data-start=\"3154\" data-end=\"3225\">\n<td data-start=\"3154\" data-end=\"3181\" data-col-size=\"sm\">BTU<\/td>\n<td data-start=\"3181\" data-end=\"3225\" data-col-size=\"md\">2178<\/td>\n<\/tr>\n<tr data-start=\"3226\" data-end=\"3297\">\n<td data-start=\"3226\" data-end=\"3253\" data-col-size=\"sm\">Abmessungen<\/td>\n<td data-start=\"3253\" data-end=\"3297\" data-col-size=\"md\">1120 x 1100 x 100,5 mm<\/td>\n<\/tr>\n<tr data-start=\"3298\" data-end=\"3369\">\n<td data-start=\"3298\" data-end=\"3325\" data-col-size=\"sm\">Gewicht<\/td>\n<td data-start=\"3325\" data-end=\"3369\" data-col-size=\"md\">16,35 kg \/ 20,3 kg (Verpackung)<\/td>\n<\/tr>\n<tr data-start=\"3370\" data-end=\"3441\">\n<td data-start=\"3370\" data-end=\"3397\" data-col-size=\"sm\">Temperaturbereich<\/td>\n<td data-col-size=\"md\" data-start=\"3397\" data-end=\"3441\">-20\u00b0C bis 40\u00b0C<\/td>\n<\/tr>\n<tr data-start=\"3442\" data-end=\"3513\">\n<td data-start=\"3442\" data-end=\"3469\" data-col-size=\"sm\">Eingangsspannung<\/td>\n<td data-start=\"3469\" data-end=\"3513\" data-col-size=\"md\">100V &#8211; 277V AC (50\/60 Hz)<\/td>\n<\/tr>\n<tr data-start=\"3514\" data-end=\"3586\">\n<td data-start=\"3514\" data-end=\"3541\" data-col-size=\"sm\">Ampere<\/td>\n<td data-start=\"3541\" data-end=\"3586\" data-col-size=\"md\">3.1A @ 220V, 2.45A @ 277V<\/td>\n<\/tr>\n<tr data-start=\"3587\" data-end=\"3658\">\n<td data-start=\"3587\" data-end=\"3614\" data-col-size=\"sm\">Treiber<\/td>\n<td data-col-size=\"md\" data-start=\"3614\" data-end=\"3658\">Inventronics LED-Treiber<\/td>\n<\/tr>\n<tr data-start=\"3659\" data-end=\"3730\">\n<td data-start=\"3659\" data-end=\"3686\" data-col-size=\"sm\">Lebenslang<\/td>\n<td data-col-size=\"md\" data-start=\"3686\" data-end=\"3730\">&gt;50.000 Stunden<\/td>\n<\/tr>\n<tr data-start=\"3731\" data-end=\"3802\">\n<td data-start=\"3731\" data-end=\"3758\" data-col-size=\"sm\">Garantie<\/td>\n<td data-col-size=\"md\" data-start=\"3758\" data-end=\"3802\">5 Jahre<\/td>\n<\/tr>\n<\/tbody>\n<\/table>\n<div class=\"sticky end-(--thread-content-margin) h-0 self-end select-none\">\n<div class=\"absolute end-0 flex items-end\"><\/div>\n<\/div>\n<\/div>\n<\/div>\n<h3 class=\"\" data-start=\"3809\" data-end=\"3853\">\ud83d\udce6 <strong data-start=\"3816\" data-end=\"3853\">Was erhalten Sie mit Ihrer Bestellung?<\/strong><\/h3>\n<ul data-start=\"3855\" data-end=\"3989\">\n<li class=\"\" data-start=\"3855\" data-end=\"3890\">\n<p class=\"\" data-start=\"3857\" data-end=\"3890\">OCL Skwid 1900 PRO LED-Leuchte<\/p>\n<\/li>\n<li class=\"\" data-start=\"3891\" data-end=\"3933\">\n<p class=\"\" data-start=\"3893\" data-end=\"3933\">Aufh\u00e4ngesystem und Befestigungsmaterial<\/p>\n<\/li>\n<li class=\"\" data-start=\"3934\" data-end=\"3963\">\n<p class=\"\" data-start=\"3936\" data-end=\"3963\">Stromkabel und Dimmerkabel<\/p>\n<\/li>\n<li class=\"\" data-start=\"3964\" data-end=\"3989\">\n<p class=\"\" data-start=\"3966\" data-end=\"3989\">Benutzerhandbuch<\/p>\n<\/li>\n<\/ul>\n<h3 class=\"\" data-start=\"3996\" data-end=\"4045\">\ud83d\uded2 <strong data-start=\"4003\" data-end=\"4045\">Bestellen Sie noch heute bei GreenDiscounter<\/strong><\/h3>\n<p class=\"\" data-start=\"4047\" data-end=\"4224\">Sind Sie bereit, Ihre Kultivierungsergebnisse auf die n\u00e4chste Stufe zu heben? Dann bestellen Sie die <strong data-start=\"4128\" data-end=\"4154\">OCL Skwid 1900 PRO LED<\/strong> jetzt bei <strong data-start=\"4159\" data-end=\"4178\">GreenDiscounter<\/strong> &#8211; dem Spezialisten f\u00fcr nachhaltige Anbaul\u00f6sungen.<\/p>\n<p class=\"\" data-start=\"4226\" data-end=\"4408\">\u2714\ufe0f <strong data-start=\"4229\" data-end=\"4265\">G\u00fcnstige Preise und schnelle Lieferung<\/strong><br data-start=\"4265\" data-end=\"4268\">\u2714\ufe0f <strong data-start=\"4271\" data-end=\"4303\">Kostenloser Versand ab \u20ac150<\/strong><br data-start=\"4303\" data-end=\"4306\">\u2714\ufe0f  <strong data-start=\"4309\" data-end=\"4354\">Gesch\u00e4ftliche Bestellung? Angebot anfordern<\/strong><br data-start=\"4354\" data-end=\"4357\">\u2714\ufe0f <strong data-start=\"4360\" data-end=\"4408\">Immer eine 5-Jahres-Garantie und fachkundige Unterst\u00fctzung<\/strong><\/p>\n<p class=\"\" data-start=\"4410\" data-end=\"4489\">\ud83d\udc49 <strong data-start=\"4413\" data-end=\"4489\">Bestellen Sie jetzt und erleben Sie den Unterschied der OCL Skwid 1900 PRO LED selbst!<\/strong><\/p>\n","protected":false},"excerpt":{"rendered":"<p>Die OCL Skwid 1900 PRO LED ist der Gipfel der Innovation im Bereich der Gartenbaubeleuchtung. Dieses ultrastarke Vollspektrum-LED-Growlight liefert eine unvergleichliche Effizienz von 3,14 \u00b5mol\/J und einen beeindruckenden PPF von bis zu 2079 \u00b5mol\/s &#8211; perfekt zugeschnitten auf Z\u00fcchter, die das Beste aus ihrem Indoor-Anbau herausholen wollen.<\/p>\n","protected":false},"featured_media":25901,"template":"","meta":[],"product_brand":[1053],"product_cat":[337,501,358,355],"product_tag":[],"class_list":{"0":"post-29907","1":"product","2":"type-product","3":"status-publish","4":"has-post-thumbnail","6":"product_brand-ocl-lighting","7":"product_cat-beleuchtung","8":"product_cat-beliebte-artikel","9":"product_cat-led-ocl-de","10":"product_cat-led-leuchten","12":"first","13":"instock","14":"sale","15":"taxable","16":"shipping-taxable","17":"purchasable","18":"product-type-simple"},"_links":{"self":[{"href":"https:\/\/greendisc.dev-project.digital\/de\/wp-json\/wp\/v2\/product\/29907","targetHints":{"allow":["GET"]}}],"collection":[{"href":"https:\/\/greendisc.dev-project.digital\/de\/wp-json\/wp\/v2\/product"}],"about":[{"href":"https:\/\/greendisc.dev-project.digital\/de\/wp-json\/wp\/v2\/types\/product"}],"version-history":[{"count":0,"href":"https:\/\/greendisc.dev-project.digital\/de\/wp-json\/wp\/v2\/product\/29907\/revisions"}],"wp:featuredmedia":[{"embeddable":true,"href":"https:\/\/greendisc.dev-project.digital\/de\/wp-json\/wp\/v2\/media\/25901"}],"wp:attachment":[{"href":"https:\/\/greendisc.dev-project.digital\/de\/wp-json\/wp\/v2\/media?parent=29907"}],"wp:term":[{"taxonomy":"product_brand","embeddable":true,"href":"https:\/\/greendisc.dev-project.digital\/de\/wp-json\/wp\/v2\/product_brand?post=29907"},{"taxonomy":"product_cat","embeddable":true,"href":"https:\/\/greendisc.dev-project.digital\/de\/wp-json\/wp\/v2\/product_cat?post=29907"},{"taxonomy":"product_tag","embeddable":true,"href":"https:\/\/greendisc.dev-project.digital\/de\/wp-json\/wp\/v2\/product_tag?post=29907"}],"curies":[{"name":"wp","href":"https:\/\/api.w.org\/{rel}","templated":true}]}}