 {"id":29902,"date":"2023-11-14T12:29:32","date_gmt":"2023-11-14T11:29:32","guid":{"rendered":"https:\/\/greendisc.dev-project.digital\/\/product\/ocl-balaena-680w-led\/"},"modified":"2024-12-16T09:33:27","modified_gmt":"2024-12-16T08:33:27","slug":"ocl-balaena-680w-led","status":"publish","type":"product","link":"https:\/\/greendisc.dev-project.digital\/de\/produkt\/ocl-balaena-680w-led\/","title":{"rendered":"OCL Balaena 680W LED"},"content":{"rendered":"<p data-mce-fragment=\"1\">OCL Balaena 680W LED<\/p>\n<p>Die OCL Balaena ist eine Top-Beleuchtungsl\u00f6sung f\u00fcr Pflanzen mit vollem Zyklus. Ihre einfache Installation und Verwendung machen sie zu einer idealen L\u00f6sung, um hohe und gleichm\u00e4\u00dfige Beleuchtungsniveaus in Gew\u00e4chsh\u00e4usern und Innenr\u00e4umen mit einer einzigen Quelle zu erreichen.<\/p>\n<p data-mce-fragment=\"1\">Die OCL Balaena ist ein echter 1:1-Ersatz f\u00fcr 1000-Watt-Hochdruck-Natriumdampflampen (HPS). Die einfache Installation und Verwendung machen ihn zu einer idealen L\u00f6sung f\u00fcr hohe und gleichm\u00e4\u00dfige Beleuchtungsniveaus in Gew\u00e4chsh\u00e4usern und im Freien mit einer einzigen Lichtquelle.<\/p>\n<p data-mce-fragment=\"1\">Die Hauptvorteile sind niedrigere Energie- und Betriebskosten, eine h\u00f6here Lichtintensit\u00e4t und eine gro\u00dfe Best\u00e4ndigkeit in den Anbaubetrieben. Das innovative Design des Balaena verbessert die Lichtverteilung. Infolgedessen wird weniger H\u00f6he vom Bl\u00e4tterdach ben\u00f6tigt, was den Lichtverlust reduziert.<\/p>\n<p data-mce-fragment=\"1\"><strong data-mce-fragment=\"1\">WARUM OCL DIE BESTE WAHL IST<\/strong><br data-mce-fragment=\"1\">&#8211; Hohe Effizienz (2,8 \u03bcmol s-1 pro Watt)<br data-mce-fragment=\"1\">&#8211; H\u00f6herer Ertrag und bessere Qualit\u00e4t der Ernte (THC\/CBD\/Terpene)<br data-mce-fragment=\"1\">&#8211; Hohe Leistung f\u00fcr hohe Intensit\u00e4t<br data-mce-fragment=\"1\">&#8211; Ma\u00dfgeschneiderte Dioden<br data-mce-fragment=\"1\">&#8211; Kompatibel mit dem OCL Lighting Touchscreen-Controller<br data-mce-fragment=\"1\">&#8211; Erf\u00fcllt FCC und UL8800, IP66 f\u00fcr N\u00e4sse<br data-mce-fragment=\"1\">&#8211; Bestes durchschnittliches umol-Ausgangsdesign<br data-mce-fragment=\"1\">&#8211; Unglaublich hohe PAR<br data-mce-fragment=\"1\">&#8211; Einfach und leicht zu installieren<br data-mce-fragment=\"1\">&#8211; Passive K\u00fchlung<br data-mce-fragment=\"1\">&lt;- Bestes W\u00e4rmemanagement auf dem Markt 57 Grad<br data-mce-fragment=\"1\">&#8211; Abstrahlwinkel 140\u00b0<br data-mce-fragment=\"1\">&#8211; 1:1 1000-Watt-HPS-Ersatz<br data-mce-fragment=\"1\">&#8211; 5 Jahre volle Garantie<\/p>\n","protected":false},"excerpt":{"rendered":"<p>OCL Balaena 680W LED Die OCL Balaena ist eine Top-Beleuchtungsl\u00f6sung f\u00fcr Pflanzen mit vollem Zyklus. Ihre einfache Installation und Verwendung machen sie zu einer idealen L\u00f6sung, um hohe und gleichm\u00e4\u00dfige Beleuchtungsniveaus in Gew\u00e4chsh\u00e4usern und Innenr\u00e4umen mit einer einzigen Quelle zu erreichen.<\/p>\n","protected":false},"featured_media":32086,"template":"","meta":[],"product_brand":[1053],"product_cat":[337,379,358,355],"product_tag":[],"class_list":{"0":"post-29902","1":"product","2":"type-product","3":"status-publish","4":"has-post-thumbnail","6":"product_brand-ocl-lighting","7":"product_cat-beleuchtung","8":"product_cat-beliebt","9":"product_cat-led-ocl-de","10":"product_cat-led-leuchten","12":"first","13":"instock","14":"sale","15":"taxable","16":"shipping-taxable","17":"purchasable","18":"product-type-simple"},"_links":{"self":[{"href":"https:\/\/greendisc.dev-project.digital\/de\/wp-json\/wp\/v2\/product\/29902","targetHints":{"allow":["GET"]}}],"collection":[{"href":"https:\/\/greendisc.dev-project.digital\/de\/wp-json\/wp\/v2\/product"}],"about":[{"href":"https:\/\/greendisc.dev-project.digital\/de\/wp-json\/wp\/v2\/types\/product"}],"version-history":[{"count":0,"href":"https:\/\/greendisc.dev-project.digital\/de\/wp-json\/wp\/v2\/product\/29902\/revisions"}],"wp:featuredmedia":[{"embeddable":true,"href":"https:\/\/greendisc.dev-project.digital\/de\/wp-json\/wp\/v2\/media\/32086"}],"wp:attachment":[{"href":"https:\/\/greendisc.dev-project.digital\/de\/wp-json\/wp\/v2\/media?parent=29902"}],"wp:term":[{"taxonomy":"product_brand","embeddable":true,"href":"https:\/\/greendisc.dev-project.digital\/de\/wp-json\/wp\/v2\/product_brand?post=29902"},{"taxonomy":"product_cat","embeddable":true,"href":"https:\/\/greendisc.dev-project.digital\/de\/wp-json\/wp\/v2\/product_cat?post=29902"},{"taxonomy":"product_tag","embeddable":true,"href":"https:\/\/greendisc.dev-project.digital\/de\/wp-json\/wp\/v2\/product_tag?post=29902"}],"curies":[{"name":"wp","href":"https:\/\/api.w.org\/{rel}","templated":true}]}}