 {"id":29899,"date":"2023-11-14T12:31:41","date_gmt":"2023-11-14T11:31:41","guid":{"rendered":"https:\/\/greendisc.dev-project.digital\/\/product\/ralight-led-630-watt\/"},"modified":"2024-12-16T09:33:25","modified_gmt":"2024-12-16T08:33:25","slug":"ralight-led-630-watt","status":"publish","type":"product","link":"https:\/\/greendisc.dev-project.digital\/de\/produkt\/ralight-led-630-watt\/","title":{"rendered":"Ralight LED 630 Watt"},"content":{"rendered":"<p><meta charset=\"utf-8\"><\/p>\n<p><span data-mce-fragment=\"1\">Helle LED, nicht zu viele zus\u00e4tzliche Optionen, nur das, was es tun muss!  <br \/>630w kann es ruhig mit den gro\u00dfen Jungs aufnehmen, aber zu einem viel g\u00fcnstigeren Preis!<br \/>Mega hohe Leistung zu einem g\u00fcnstigen Preis!  <\/span><br data-mce-fragment=\"1\"><span data-mce-fragment=\"1\">Eine LED ohne viel Aufhebens, die tut, was sie tun muss &#8211; und das auch noch gut!  <\/span><br data-mce-fragment=\"1\"><br data-mce-fragment=\"1\"><span data-mce-fragment=\"1\">LED-Wirkungsgrad: 2,65 Umol\/J<\/span><br data-mce-fragment=\"1\"><span data-mce-fragment=\"1\">PPF insgesamt: 1770 Umol\/s<\/span><br data-mce-fragment=\"1\"><span data-mce-fragment=\"1\">Wattzahl: 630w<\/span><br data-mce-fragment=\"1\"><span data-mce-fragment=\"1\">Gr\u00f6\u00dfe: 112x111x8,5cm<\/span><\/p>\n","protected":false},"excerpt":{"rendered":"<p>Helle LED, nicht zu viele zus\u00e4tzliche Optionen, nur das, was es tun muss!  630w kann es ruhig mit den gro\u00dfen Jungs aufnehmen, aber zu einem viel g\u00fcnstigeren Preis!<\/p>\n","protected":false},"featured_media":26161,"template":"","meta":[],"product_brand":[],"product_cat":[562],"product_tag":[],"class_list":{"0":"post-29899","1":"product","2":"type-product","3":"status-publish","4":"has-post-thumbnail","6":"product_cat-uncategory-de","8":"first","9":"instock","10":"sale","11":"taxable","12":"shipping-taxable","13":"purchasable","14":"product-type-simple"},"_links":{"self":[{"href":"https:\/\/greendisc.dev-project.digital\/de\/wp-json\/wp\/v2\/product\/29899","targetHints":{"allow":["GET"]}}],"collection":[{"href":"https:\/\/greendisc.dev-project.digital\/de\/wp-json\/wp\/v2\/product"}],"about":[{"href":"https:\/\/greendisc.dev-project.digital\/de\/wp-json\/wp\/v2\/types\/product"}],"version-history":[{"count":0,"href":"https:\/\/greendisc.dev-project.digital\/de\/wp-json\/wp\/v2\/product\/29899\/revisions"}],"wp:featuredmedia":[{"embeddable":true,"href":"https:\/\/greendisc.dev-project.digital\/de\/wp-json\/wp\/v2\/media\/26161"}],"wp:attachment":[{"href":"https:\/\/greendisc.dev-project.digital\/de\/wp-json\/wp\/v2\/media?parent=29899"}],"wp:term":[{"taxonomy":"product_brand","embeddable":true,"href":"https:\/\/greendisc.dev-project.digital\/de\/wp-json\/wp\/v2\/product_brand?post=29899"},{"taxonomy":"product_cat","embeddable":true,"href":"https:\/\/greendisc.dev-project.digital\/de\/wp-json\/wp\/v2\/product_cat?post=29899"},{"taxonomy":"product_tag","embeddable":true,"href":"https:\/\/greendisc.dev-project.digital\/de\/wp-json\/wp\/v2\/product_tag?post=29899"}],"curies":[{"name":"wp","href":"https:\/\/api.w.org\/{rel}","templated":true}]}}