 {"id":29868,"date":"2023-11-14T12:27:16","date_gmt":"2023-11-14T11:27:16","guid":{"rendered":"https:\/\/greendisc.dev-project.digital\/\/product\/luftverteilerschlauch-transparent-315mm-x-5m\/"},"modified":"2024-12-16T09:33:13","modified_gmt":"2024-12-16T08:33:13","slug":"luftverteilerschlauch-transparent-315mm-x-5m","status":"publish","type":"product","link":"https:\/\/greendisc.dev-project.digital\/de\/produkt\/luftverteilerschlauch-transparent-315mm-x-5m\/","title":{"rendered":"Luftverteilerschlauch Transparent 315mm x 5m"},"content":{"rendered":"<p>Luftverteilungsschlauch, 315mm x 5m<\/p>\n<p><meta charset=\"utf-8\"><span data-mce-fragment=\"1\">Diese Luftverteilungsschl\u00e4uche von OCR sind aus hochwertiger antistatischer, transparenter Folie hergestellt, die 180 Mu dick ist. Es enth\u00e4lt runde L\u00f6cher, die in einem Bereich von 120\u02da gestanzt wurden. Das hei\u00dft, die Luft wird auf 1\/3 des Kreises gerichtet und mit hoher Geschwindigkeit ausgeblasen.  <br data-mce-fragment=\"1\"><\/span><br data-mce-fragment=\"1\"><strong data-mce-fragment=\"1\">Erh\u00e4ltlich in den folgenden Gr\u00f6\u00dfen:<\/strong><br data-mce-fragment=\"1\"><\/p>\n<ul data-mce-fragment=\"1\">\n<li data-mce-fragment=\"1\"><span data-mce-fragment=\"1\">160mm &#8211; 3m (Luftstrom 120 m3 p\/m)<\/span><\/li>\n<li data-mce-fragment=\"1\"><span data-mce-fragment=\"1\"><meta charset=\"utf-8\">200mm &#8211; 5m (Luftstrom 160 m3 p\/m)<\/span><\/li>\n<li data-mce-fragment=\"1\"><span data-mce-fragment=\"1\"><meta charset=\"utf-8\">250mm &#8211; 5m \/ 10m (Luftstrom 200 m3 p\/m)<\/span><\/li>\n<li data-mce-fragment=\"1\"><span data-mce-fragment=\"1\"><meta charset=\"utf-8\">315mm &#8211; 5m \/ 10m\/ 15m (Luftstrom 240 m3 p\/m)<\/span><\/li>\n<li data-mce-fragment=\"1\"><span data-mce-fragment=\"1\"><meta charset=\"utf-8\">355mm &#8211; 5m \/ 10m \/ 15m (Luftstrom 300 m3 p\/m)<\/span><\/li>\n<\/ul>\n<p><\/p>\n","protected":false},"excerpt":{"rendered":"<p>Luftverteilungsschlauch, 315mm x 5m Diese Luftverteilungsschl\u00e4uche von OCR sind aus hochwertiger antistatischer, transparenter Folie hergestellt, die 180 Mu dick ist. Es enth\u00e4lt runde L\u00f6cher, die in einem Bereich von 120\u02da gestanzt wurden.<\/p>\n","protected":false},"featured_media":25589,"template":"","meta":[],"product_brand":[],"product_cat":[350,473,541],"product_tag":[],"class_list":{"0":"post-29868","1":"product","2":"type-product","3":"status-publish","4":"has-post-thumbnail","6":"product_cat-aeronautik","7":"product_cat-luftschlauche","8":"product_cat-schlauche-fur-die-luftverteilung","10":"first","11":"instock","12":"taxable","13":"shipping-taxable","14":"purchasable","15":"product-type-simple"},"_links":{"self":[{"href":"https:\/\/greendisc.dev-project.digital\/de\/wp-json\/wp\/v2\/product\/29868","targetHints":{"allow":["GET"]}}],"collection":[{"href":"https:\/\/greendisc.dev-project.digital\/de\/wp-json\/wp\/v2\/product"}],"about":[{"href":"https:\/\/greendisc.dev-project.digital\/de\/wp-json\/wp\/v2\/types\/product"}],"version-history":[{"count":0,"href":"https:\/\/greendisc.dev-project.digital\/de\/wp-json\/wp\/v2\/product\/29868\/revisions"}],"wp:featuredmedia":[{"embeddable":true,"href":"https:\/\/greendisc.dev-project.digital\/de\/wp-json\/wp\/v2\/media\/25589"}],"wp:attachment":[{"href":"https:\/\/greendisc.dev-project.digital\/de\/wp-json\/wp\/v2\/media?parent=29868"}],"wp:term":[{"taxonomy":"product_brand","embeddable":true,"href":"https:\/\/greendisc.dev-project.digital\/de\/wp-json\/wp\/v2\/product_brand?post=29868"},{"taxonomy":"product_cat","embeddable":true,"href":"https:\/\/greendisc.dev-project.digital\/de\/wp-json\/wp\/v2\/product_cat?post=29868"},{"taxonomy":"product_tag","embeddable":true,"href":"https:\/\/greendisc.dev-project.digital\/de\/wp-json\/wp\/v2\/product_tag?post=29868"}],"curies":[{"name":"wp","href":"https:\/\/api.w.org\/{rel}","templated":true}]}}