 {"id":29861,"date":"2023-11-14T12:27:40","date_gmt":"2023-11-14T11:27:40","guid":{"rendered":"https:\/\/greendisc.dev-project.digital\/\/product\/lumen-koenig-600w\/"},"modified":"2024-12-16T09:33:11","modified_gmt":"2024-12-16T08:33:11","slug":"lumen-koenig-600w","status":"publish","type":"product","link":"https:\/\/greendisc.dev-project.digital\/de\/produkt\/lumen-koenig-600w\/","title":{"rendered":"Lumen K\u00f6nig, 600W"},"content":{"rendered":"<p><meta charset=\"utf-8\"><\/p>\n<p data-mce-fragment=\"1\">Der Lumen King verf\u00fcgt \u00fcber ein digitales Vorschaltger\u00e4t, mit dem er auf 300 oder 450 Watt gedimmt oder auf satte 800 Watt hochgefahren werden kann.<\/p>\n<p data-mce-fragment=\"1\">Au\u00dferdem verwendet sie eine doppelseitige Lumen King-Lampe, die eine h\u00f6here Leistung und eine l\u00e4ngere Lebensdauer garantiert.<\/p>\n<p data-mce-fragment=\"1\"><strong data-mce-fragment=\"1\">Spezifikationen:<\/strong><\/p>\n<ul data-mce-fragment=\"1\">\n<li data-mce-fragment=\"1\">Eingangsspannung: 200-240VAC<\/li>\n<li data-mce-fragment=\"1\">Ausgangsspannung: 400V<\/li>\n<li data-mce-fragment=\"1\">Nennausgangsleistung: 600W<\/li>\n<li data-mce-fragment=\"1\">Wirkungsgrad (240Vin) \/ Volllast: 95% Max<\/li>\n<li data-mce-fragment=\"1\">Eingangsfrequenz: 47-63Hz<\/li>\n<li data-mce-fragment=\"1\">Leistungsfaktor: 0,99 (Max), &gt;0,95 200-240VAC Eingang, %-100% Last<\/li>\n<li data-mce-fragment=\"1\">Eingangsstrom: 3.12A &#8211; 2.70A<\/li>\n<li data-mce-fragment=\"1\">Maximale Ausgangsleistung: 720W<\/li>\n<li data-mce-fragment=\"1\">Einschaltzeit: 3 &#8211; 1 Sekunde<\/li>\n<li data-mce-fragment=\"1\">Schutzfunktionen: Schutz bei offenem Stromkreis, Kurzschlussschutz, \u00dcberspannungsschutz, Unterspannungsschutz, \u00dcbertemperaturschutz<\/li>\n<\/ul>\n<p data-mce-fragment=\"1\"><strong data-mce-fragment=\"1\"><br data-mce-fragment=\"1\">Technische Daten Lumen King 600w 230\/400 Volt Double Ended:<\/strong><\/p>\n<ul data-mce-fragment=\"1\">\n<li data-mce-fragment=\"1\">Wattleistung der Lampe: 600W<\/li>\n<li data-mce-fragment=\"1\">Stromst\u00e4rke der Lampe: 4,8A<\/li>\n<li data-mce-fragment=\"1\">Spannung der Lampe: 230<\/li>\n<li data-mce-fragment=\"1\">Z\u00fcndspannung: 3,2 kV (Spitze gegen Erde)<\/li>\n<li data-mce-fragment=\"1\">PAR: 2100 umol\/s<\/li>\n<li data-mce-fragment=\"1\">Lebenserwartung: 10000 Stunden<\/li>\n<\/ul>\n","protected":false},"excerpt":{"rendered":"<p>Der Lumen King verf\u00fcgt \u00fcber ein digitales Vorschaltger\u00e4t, mit dem er auf 300 oder 450 Watt gedimmt oder auf satte 800 Watt hochgefahren werden kann.<\/p>\n","protected":false},"featured_media":25667,"template":"","meta":[],"product_brand":[],"product_cat":[337,498,539],"product_tag":[],"class_list":{"0":"post-29861","1":"product","2":"type-product","3":"status-publish","4":"has-post-thumbnail","6":"product_cat-beleuchtung","7":"product_cat-komplette-hps-leuchten","8":"product_cat-lumenking-lampe","10":"first","11":"instock","12":"taxable","13":"shipping-taxable","14":"purchasable","15":"product-type-simple"},"_links":{"self":[{"href":"https:\/\/greendisc.dev-project.digital\/de\/wp-json\/wp\/v2\/product\/29861","targetHints":{"allow":["GET"]}}],"collection":[{"href":"https:\/\/greendisc.dev-project.digital\/de\/wp-json\/wp\/v2\/product"}],"about":[{"href":"https:\/\/greendisc.dev-project.digital\/de\/wp-json\/wp\/v2\/types\/product"}],"version-history":[{"count":0,"href":"https:\/\/greendisc.dev-project.digital\/de\/wp-json\/wp\/v2\/product\/29861\/revisions"}],"wp:featuredmedia":[{"embeddable":true,"href":"https:\/\/greendisc.dev-project.digital\/de\/wp-json\/wp\/v2\/media\/25667"}],"wp:attachment":[{"href":"https:\/\/greendisc.dev-project.digital\/de\/wp-json\/wp\/v2\/media?parent=29861"}],"wp:term":[{"taxonomy":"product_brand","embeddable":true,"href":"https:\/\/greendisc.dev-project.digital\/de\/wp-json\/wp\/v2\/product_brand?post=29861"},{"taxonomy":"product_cat","embeddable":true,"href":"https:\/\/greendisc.dev-project.digital\/de\/wp-json\/wp\/v2\/product_cat?post=29861"},{"taxonomy":"product_tag","embeddable":true,"href":"https:\/\/greendisc.dev-project.digital\/de\/wp-json\/wp\/v2\/product_tag?post=29861"}],"curies":[{"name":"wp","href":"https:\/\/api.w.org\/{rel}","templated":true}]}}