 {"id":29860,"date":"2023-11-14T12:18:44","date_gmt":"2023-11-14T11:18:44","guid":{"rendered":"https:\/\/greendisc.dev-project.digital\/\/product\/aquamaster-p700-pro2-kombi-messgeraet\/"},"modified":"2024-12-16T09:33:10","modified_gmt":"2024-12-16T08:33:10","slug":"aquamaster-p700-pro2-kombi-messgeraet","status":"publish","type":"product","link":"https:\/\/greendisc.dev-project.digital\/de\/produkt\/aquamaster-p700-pro2-kombi-messgeraet\/","title":{"rendered":"Aquamaster P700 Pro2, Kombi-Messger\u00e4t"},"content":{"rendered":"<p><meta charset=\"utf-8\"><\/p>\n<p data-mce-fragment=\"1\">Das aktualisierte Combo Meter P700 Pro 2 hat ein modernes, robustes Geh\u00e4use und verf\u00fcgt \u00fcber einen gro\u00dfen Bildschirm, auf dem alle Werte abgelesen werden k\u00f6nnen. Dar\u00fcber hinaus wurde die Software verbessert, so dass genaue Messungen jetzt schneller abgelesen werden k\u00f6nnen. Die Elektroden sind leicht zu ersetzen, wenn sie abgenutzt oder gebrochen sind.<\/p>\n<p data-mce-fragment=\"1\">Das Combo-Messger\u00e4t P700 Pro 2 ist ideal geeignet f\u00fcr die Messung von pH, EC, CF, PPM und Temperatur von Speisewasser f\u00fcr Pflanzen und Wasser in Pools, Whirlpools und Teichen. Mit den benutzerfreundlichen Tasten k\u00f6nnen Sie ganz einfach zwischen den Parametern wechseln. Das Messger\u00e4t ist kalibriert und wird mit Batterien geliefert.<\/p>\n","protected":false},"excerpt":{"rendered":"<p>Das aktualisierte Combo Meter P700 Pro 2 hat ein modernes, robustes Geh\u00e4use und verf\u00fcgt \u00fcber einen gro\u00dfen Bildschirm, auf dem alle Werte abgelesen werden k\u00f6nnen.<\/p>\n","protected":false},"featured_media":24539,"template":"","meta":[],"product_brand":[1044],"product_cat":[424,408,1024],"product_tag":[],"class_list":{"0":"post-29860","1":"product","2":"type-product","3":"status-publish","4":"has-post-thumbnail","6":"product_brand-aquamaster","7":"product_cat-ec-ph-messgerate","8":"product_cat-messung-kalibrierung","9":"product_cat-aquamaster-de","11":"first","12":"instock","13":"taxable","14":"shipping-taxable","15":"purchasable","16":"product-type-simple"},"_links":{"self":[{"href":"https:\/\/greendisc.dev-project.digital\/de\/wp-json\/wp\/v2\/product\/29860","targetHints":{"allow":["GET"]}}],"collection":[{"href":"https:\/\/greendisc.dev-project.digital\/de\/wp-json\/wp\/v2\/product"}],"about":[{"href":"https:\/\/greendisc.dev-project.digital\/de\/wp-json\/wp\/v2\/types\/product"}],"version-history":[{"count":0,"href":"https:\/\/greendisc.dev-project.digital\/de\/wp-json\/wp\/v2\/product\/29860\/revisions"}],"wp:featuredmedia":[{"embeddable":true,"href":"https:\/\/greendisc.dev-project.digital\/de\/wp-json\/wp\/v2\/media\/24539"}],"wp:attachment":[{"href":"https:\/\/greendisc.dev-project.digital\/de\/wp-json\/wp\/v2\/media?parent=29860"}],"wp:term":[{"taxonomy":"product_brand","embeddable":true,"href":"https:\/\/greendisc.dev-project.digital\/de\/wp-json\/wp\/v2\/product_brand?post=29860"},{"taxonomy":"product_cat","embeddable":true,"href":"https:\/\/greendisc.dev-project.digital\/de\/wp-json\/wp\/v2\/product_cat?post=29860"},{"taxonomy":"product_tag","embeddable":true,"href":"https:\/\/greendisc.dev-project.digital\/de\/wp-json\/wp\/v2\/product_tag?post=29860"}],"curies":[{"name":"wp","href":"https:\/\/api.w.org\/{rel}","templated":true}]}}