 {"id":29856,"date":"2023-11-14T12:18:43","date_gmt":"2023-11-14T11:18:43","guid":{"rendered":"https:\/\/greendisc.dev-project.digital\/\/product\/aquamaster-p700-pro2-ph-elektrode\/"},"modified":"2024-12-16T09:33:09","modified_gmt":"2024-12-16T08:33:09","slug":"aquamaster-p700-pro2-ph-elektrode","status":"publish","type":"product","link":"https:\/\/greendisc.dev-project.digital\/de\/produkt\/aquamaster-p700-pro2-ph-elektrode\/","title":{"rendered":"Aquamaster P700 Pro2 &#8211; PH-Elektrode"},"content":{"rendered":"<p><meta charset=\"utf-8\"><\/p>\n<p data-mce-fragment=\"1\">Die austauschbare pH-Elektrode von Aqua master tools l\u00e4sst sich einfach mit dem BNC-Stecker anschlie\u00dfen. Dank der langen pH-Elektrode mit doppeltem \u00dcbergang hat sie eine l\u00e4ngere Lebensdauer.  <\/p>\n<p data-mce-fragment=\"1\">Mit der Zeit altern die pH-Elektroden. Gute Pflege und regelm\u00e4\u00dfige Reinigung verl\u00e4ngern ihre Lebensdauer, aber mit der Zeit wird die Referenzfl\u00fcssigkeit verunreinigt und die Elektrode reagiert immer langsamer. Die mit Gel gef\u00fcllte Elektrode muss dann ersetzt werden.<\/p>\n<p data-mce-fragment=\"1\"><strong data-mce-fragment=\"1\">Spezifikationen<\/strong><\/p>\n<ul data-mce-fragment=\"1\">\n<li data-mce-fragment=\"1\">0 &#8211; 14,0 pH-Bereich;<\/li>\n<li data-mce-fragment=\"1\">\u00b1 0,1 pH-Genauigkeit;<\/li>\n<li data-mce-fragment=\"1\">0 &#8211; 60 \u00b0C Umgebungstemperatur;<\/li>\n<li data-mce-fragment=\"1\">Gel-Nachf\u00fcllpackung (nicht nachf\u00fcllbar);<\/li>\n<li data-mce-fragment=\"1\">wasserdichte Kabelverbindung;<\/li>\n<li data-mce-fragment=\"1\">inklusive Sondenhalter mit kcl Aufbewahrungsfl\u00fcssigkeit &#8211; h\u00e4lt die Sonde sicher<\/li>\n<li data-mce-fragment=\"1\">hochwertiger BNC-Anschluss;<\/li>\n<li data-mce-fragment=\"1\">1-Meter-Kabel<\/li>\n<li data-mce-fragment=\"1\">Farbe Blau.<\/li>\n<li data-mce-fragment=\"1\">Garantie 6 Monate<\/li>\n<\/ul>\n","protected":false},"excerpt":{"rendered":"<p>Die austauschbare pH-Elektrode von Aqua master tools l\u00e4sst sich einfach mit dem BNC-Stecker anschlie\u00dfen. Dank der langen pH-Elektrode mit doppeltem \u00dcbergang hat sie eine l\u00e4ngere Lebensdauer.<\/p>\n","protected":false},"featured_media":24537,"template":"","meta":[],"product_brand":[1044],"product_cat":[424,408,1024],"product_tag":[],"class_list":{"0":"post-29856","1":"product","2":"type-product","3":"status-publish","4":"has-post-thumbnail","6":"product_brand-aquamaster","7":"product_cat-ec-ph-messgerate","8":"product_cat-messung-kalibrierung","9":"product_cat-aquamaster-de","11":"first","12":"instock","13":"taxable","14":"shipping-taxable","15":"purchasable","16":"product-type-simple"},"_links":{"self":[{"href":"https:\/\/greendisc.dev-project.digital\/de\/wp-json\/wp\/v2\/product\/29856","targetHints":{"allow":["GET"]}}],"collection":[{"href":"https:\/\/greendisc.dev-project.digital\/de\/wp-json\/wp\/v2\/product"}],"about":[{"href":"https:\/\/greendisc.dev-project.digital\/de\/wp-json\/wp\/v2\/types\/product"}],"version-history":[{"count":0,"href":"https:\/\/greendisc.dev-project.digital\/de\/wp-json\/wp\/v2\/product\/29856\/revisions"}],"wp:featuredmedia":[{"embeddable":true,"href":"https:\/\/greendisc.dev-project.digital\/de\/wp-json\/wp\/v2\/media\/24537"}],"wp:attachment":[{"href":"https:\/\/greendisc.dev-project.digital\/de\/wp-json\/wp\/v2\/media?parent=29856"}],"wp:term":[{"taxonomy":"product_brand","embeddable":true,"href":"https:\/\/greendisc.dev-project.digital\/de\/wp-json\/wp\/v2\/product_brand?post=29856"},{"taxonomy":"product_cat","embeddable":true,"href":"https:\/\/greendisc.dev-project.digital\/de\/wp-json\/wp\/v2\/product_cat?post=29856"},{"taxonomy":"product_tag","embeddable":true,"href":"https:\/\/greendisc.dev-project.digital\/de\/wp-json\/wp\/v2\/product_tag?post=29856"}],"curies":[{"name":"wp","href":"https:\/\/api.w.org\/{rel}","templated":true}]}}