 {"id":29854,"date":"2023-11-14T12:18:41","date_gmt":"2023-11-14T11:18:41","guid":{"rendered":"https:\/\/greendisc.dev-project.digital\/\/product\/aquamaster-p110-lose-elektrode\/"},"modified":"2025-05-07T15:37:58","modified_gmt":"2025-05-07T13:37:58","slug":"aquamaster-p110-lose-elektrode","status":"publish","type":"product","link":"https:\/\/greendisc.dev-project.digital\/de\/produkt\/aquamaster-p110-lose-elektrode\/","title":{"rendered":"Aquamaster P110 lose Elektrode"},"content":{"rendered":"<p><meta charset=\"utf-8\"><meta charset=\"utf-8\"><span data-mce-fragment=\"1\">Diese austauschbare Elektrode ist geeignet f\u00fcr das<\/span><em data-mce-fragment=\"1\"><span data-mce-fragment=\"1\"> <\/span>P110 pro pH EC Temperaturmessger\u00e4t<\/em><span data-mce-fragment=\"1\">. Die Elektrode ist nach IP67 wasserdicht, wenn sie am Messger\u00e4t angebracht ist. Eine Anleitung zum Austausch der Elektrode finden Sie in unserem Benutzerhandbuch.<\/span><\/p>\n<p><meta charset=\"utf-8\"><\/p>\n<div data-mce-fragment=\"1\" class=\"tabTitel\">\n<div data-mce-fragment=\"1\" title=\"Elektroden-Ersatz\" id=\"tabExtra1\"><span data-mce-fragment=\"1\">Austausch der Elektroden<\/span><\/div>\n<\/div>\n<div data-mce-fragment=\"1\" class=\"tabInhoud\">\n<div data-mce-fragment=\"1\" id=\"tabExtra1Inhoud\">\n<div data-mce-fragment=\"1\" class=\"tabExtra\">\n<ol data-mce-fragment=\"1\">\n<li data-mce-fragment=\"1\">L\u00f6sen Sie das Gewinde des Dichtungsrings am unteren Teil des Messger\u00e4ts ordnungsgem\u00e4\u00df.<\/li>\n<li data-mce-fragment=\"1\">Entfernen Sie die gebrochene\/alte Elektrode durch vorsichtiges Ziehen an ihr.<\/li>\n<li data-mce-fragment=\"1\">Setzen Sie die neue Elektrode vorsichtig mit der Aussparung an der richtigen Stelle ein, damit die Anschl\u00fcsse richtig sitzen und das Messger\u00e4t oder die Elektrode nicht besch\u00e4digt werden.<\/li>\n<li data-mce-fragment=\"1\">Pr\u00fcfen Sie auch, ob das Dichtungsgummi gut sitzt.<\/li>\n<li data-mce-fragment=\"1\">Ziehen Sie das Gewinde des Dichtungsrings richtig fest.<\/li>\n<li data-mce-fragment=\"1\">Kalibrieren Sie das Messger\u00e4t wie in diesem Handbuch beschrieben.<\/li>\n<li data-mce-fragment=\"1\">Das Messger\u00e4t ist nun wieder einsatzbereit.<\/li>\n<\/ol>\n<\/div>\n<\/div>\n<\/div>\n<p><\/p>\n","protected":false},"excerpt":{"rendered":"<p>Diese austauschbare Elektrode ist geeignet f\u00fcr das P110 pro pH EC Temperaturmessger\u00e4t. Die Elektrode ist nach IP67 wasserdicht, wenn sie am Messger\u00e4t angebracht ist.<\/p>\n","protected":false},"featured_media":24521,"template":"","meta":[],"product_brand":[1044],"product_cat":[424,408,1024],"product_tag":[],"class_list":{"0":"post-29854","1":"product","2":"type-product","3":"status-publish","4":"has-post-thumbnail","6":"product_brand-aquamaster","7":"product_cat-ec-ph-messgerate","8":"product_cat-messung-kalibrierung","9":"product_cat-aquamaster-de","11":"first","12":"instock","13":"taxable","14":"shipping-taxable","15":"purchasable","16":"product-type-simple"},"_links":{"self":[{"href":"https:\/\/greendisc.dev-project.digital\/de\/wp-json\/wp\/v2\/product\/29854","targetHints":{"allow":["GET"]}}],"collection":[{"href":"https:\/\/greendisc.dev-project.digital\/de\/wp-json\/wp\/v2\/product"}],"about":[{"href":"https:\/\/greendisc.dev-project.digital\/de\/wp-json\/wp\/v2\/types\/product"}],"version-history":[{"count":0,"href":"https:\/\/greendisc.dev-project.digital\/de\/wp-json\/wp\/v2\/product\/29854\/revisions"}],"wp:featuredmedia":[{"embeddable":true,"href":"https:\/\/greendisc.dev-project.digital\/de\/wp-json\/wp\/v2\/media\/24521"}],"wp:attachment":[{"href":"https:\/\/greendisc.dev-project.digital\/de\/wp-json\/wp\/v2\/media?parent=29854"}],"wp:term":[{"taxonomy":"product_brand","embeddable":true,"href":"https:\/\/greendisc.dev-project.digital\/de\/wp-json\/wp\/v2\/product_brand?post=29854"},{"taxonomy":"product_cat","embeddable":true,"href":"https:\/\/greendisc.dev-project.digital\/de\/wp-json\/wp\/v2\/product_cat?post=29854"},{"taxonomy":"product_tag","embeddable":true,"href":"https:\/\/greendisc.dev-project.digital\/de\/wp-json\/wp\/v2\/product_tag?post=29854"}],"curies":[{"name":"wp","href":"https:\/\/api.w.org\/{rel}","templated":true}]}}