 {"id":29847,"date":"2023-11-14T12:18:42","date_gmt":"2023-11-14T11:18:42","guid":{"rendered":"https:\/\/greendisc.dev-project.digital\/\/product\/aquamaster-p160-pro-kombi-messgeraet-ec-ph-und-temp-meter-wasserdicht\/"},"modified":"2024-12-16T09:33:07","modified_gmt":"2024-12-16T08:33:07","slug":"aquamaster-p160-pro-kombi-messgeraet-ec-ph-und-temp-meter-wasserdicht","status":"publish","type":"product","link":"https:\/\/greendisc.dev-project.digital\/de\/produkt\/aquamaster-p160-pro-kombi-messgeraet-ec-ph-und-temp-meter-wasserdicht\/","title":{"rendered":"Aquamaster P160 Pro Kombi-Messger\u00e4t &#8211; EC, PH und TEMP. Meter &#8211; Wasserdicht"},"content":{"rendered":"<p><meta charset=\"utf-8\"><\/p>\n<p data-mce-fragment=\"1\">Der Combo Pen P160 Pro ist unser hochwertiges digitales Handmessger\u00e4t, das mehr Funktionen und Benutzerfreundlichkeit bietet. Es ist ideal f\u00fcr die Messung von pH, EC, PPM, TDS und Temperatur aller Arten von Fl\u00fcssigkeiten und damit f\u00fcr viele Branchen geeignet. Das hochwertige, einfach zu bedienende Messger\u00e4t ist hochpr\u00e4zise und liegt perfekt in der Hand. Es ist mit einer Gummiunterlage und einem Schl\u00fcsselband ausgestattet, damit Sie die Kappe nicht verlieren. Au\u00dferdem ist es nach IP67 wasserdicht und kann sogar schwimmen, so dass Sie sich keine Sorgen machen m\u00fcssen, es zu verlieren.<\/p>\n<p data-mce-fragment=\"1\">Er verf\u00fcgt \u00fcber eine analoge EC-Kalibrierung, d.h. die Kalibrierungsl\u00f6sung muss nicht genau 25\u00baC haben, und eine automatische 2-Punkt-Kalibrierung f\u00fcr den pH-Wert.<\/p>\n<p data-mce-fragment=\"1\">Dieses Modell wird in einem robusten Koffer mit den Kalibrierl\u00f6sungen pH 4,01, pH 7,00 und EC1413 geliefert und verf\u00fcgt \u00fcber eine trockene Speicherelektrode, d.h. eine Lagerung in Fl\u00fcssigkeit ist nicht erforderlich.<\/p>\n<p data-mce-fragment=\"1\">Der Stift wird mit Batterien geliefert und die Sonde ist austauschbar, um ihre Lebensdauer zu verl\u00e4ngern.<\/p>\n","protected":false},"excerpt":{"rendered":"<p>Der Combo Pen P160 Pro ist unser hochwertiges digitales Handmessger\u00e4t, das mehr Funktionen und Benutzerfreundlichkeit bietet. Es ist ideal f\u00fcr die Messung von pH, EC, PPM, TDS und Temperatur aller Arten von Fl\u00fcssigkeiten und damit f\u00fcr viele Branchen geeignet.<\/p>\n","protected":false},"featured_media":24531,"template":"","meta":[],"product_brand":[1044],"product_cat":[424,408,1024],"product_tag":[],"class_list":{"0":"post-29847","1":"product","2":"type-product","3":"status-publish","4":"has-post-thumbnail","6":"product_brand-aquamaster","7":"product_cat-ec-ph-messgerate","8":"product_cat-messung-kalibrierung","9":"product_cat-aquamaster-de","11":"first","12":"instock","13":"taxable","14":"shipping-taxable","15":"purchasable","16":"product-type-simple"},"_links":{"self":[{"href":"https:\/\/greendisc.dev-project.digital\/de\/wp-json\/wp\/v2\/product\/29847","targetHints":{"allow":["GET"]}}],"collection":[{"href":"https:\/\/greendisc.dev-project.digital\/de\/wp-json\/wp\/v2\/product"}],"about":[{"href":"https:\/\/greendisc.dev-project.digital\/de\/wp-json\/wp\/v2\/types\/product"}],"version-history":[{"count":0,"href":"https:\/\/greendisc.dev-project.digital\/de\/wp-json\/wp\/v2\/product\/29847\/revisions"}],"wp:featuredmedia":[{"embeddable":true,"href":"https:\/\/greendisc.dev-project.digital\/de\/wp-json\/wp\/v2\/media\/24531"}],"wp:attachment":[{"href":"https:\/\/greendisc.dev-project.digital\/de\/wp-json\/wp\/v2\/media?parent=29847"}],"wp:term":[{"taxonomy":"product_brand","embeddable":true,"href":"https:\/\/greendisc.dev-project.digital\/de\/wp-json\/wp\/v2\/product_brand?post=29847"},{"taxonomy":"product_cat","embeddable":true,"href":"https:\/\/greendisc.dev-project.digital\/de\/wp-json\/wp\/v2\/product_cat?post=29847"},{"taxonomy":"product_tag","embeddable":true,"href":"https:\/\/greendisc.dev-project.digital\/de\/wp-json\/wp\/v2\/product_tag?post=29847"}],"curies":[{"name":"wp","href":"https:\/\/api.w.org\/{rel}","templated":true}]}}