 {"id":29817,"date":"2023-11-14T12:21:37","date_gmt":"2023-11-14T11:21:37","guid":{"rendered":"https:\/\/greendisc.dev-project.digital\/\/product\/canna-boostaccelerator-5-ltr\/"},"modified":"2024-12-16T09:32:54","modified_gmt":"2024-12-16T08:32:54","slug":"canna-boostaccelerator-5-ltr","status":"publish","type":"product","link":"https:\/\/greendisc.dev-project.digital\/de\/produkt\/canna-boostaccelerator-5-ltr\/","title":{"rendered":"Canna Boostaccelerator 5 ltr."},"content":{"rendered":"<p data-mce-fragment=\"1\">Entdecken Sie CANNABOOST Accelerator, den geheimen Schl\u00fcssel zu gro\u00dfen, geschmackvollen Fr\u00fcchten f\u00fcr Ihre Pflanzen. Dieser leistungsstarke Zusatzstoff geht \u00fcber die herk\u00f6mmlichen Booster hinaus, indem er nicht nur die Ertr\u00e4ge erh\u00f6ht, sondern auch die Qualit\u00e4t Ihrer Ernte verbessert.<\/p>\n<p data-mce-fragment=\"1\"><strong data-mce-fragment=\"1\">Vorteile von CANNABOOST Accelerator:<\/strong><\/p>\n<ul data-mce-fragment=\"1\">\n<li data-mce-fragment=\"1\">\n<p data-mce-fragment=\"1\"><em data-mce-fragment=\"1\">Bessere Ernte<\/em>: CANNABOOST stimuliert die Entwicklung neuer Bl\u00fcten, was zu schwereren und gleichm\u00e4\u00dfiger reifenden Fr\u00fcchten f\u00fchrt. Das ausgekl\u00fcgelte Verfahren gew\u00e4hrleistet eine gleichm\u00e4\u00dfige Ernte von hoher Qualit\u00e4t.<\/p>\n<\/li>\n<li data-mce-fragment=\"1\">\n<p data-mce-fragment=\"1\"><em data-mce-fragment=\"1\">Volleres, kr\u00e4ftigeres Aroma<\/em>: Durch die beschleunigte Photosynthese und die erh\u00f6hte Zuckerproduktion werden Ihre Fr\u00fcchte s\u00fc\u00dfer und reicher im Geschmack. Die nat\u00fcrlichen Aromen werden intensiviert, so dass Sie die wahre Essenz Ihrer Ernte genie\u00dfen k\u00f6nnen.<\/p>\n<\/li>\n<li data-mce-fragment=\"1\">\n<p data-mce-fragment=\"1\"><em data-mce-fragment=\"1\">H\u00f6here Ertr\u00e4ge mit PK 13\/14<\/em>: CANNABOOST erh\u00f6ht die Photosynthese, was zu einer schnelleren Fruchtbildung f\u00fchrt. In Kombination mit <a href=\"https:\/\/greendisc.dev-project.digital\/products\/canna-pk-13-14-5-ltr\" target=\"_blank\" title=\"Canna PK 13\/14\" rel=\"noopener noreferrer\">CANNA PK 13\/14<\/a> werden optimale Ergebnisse erzielt. PK 13\/14 liefert zus\u00e4tzliche bl\u00fchende Elemente, w\u00e4hrend CANNABOOST daf\u00fcr sorgt, dass Ihre Pflanze die Energie hat, die sie braucht, um diese Elemente zu nutzen.<\/p>\n<\/li>\n<li data-mce-fragment=\"1\">\n<p data-mce-fragment=\"1\"><em data-mce-fragment=\"1\">Geeignet f\u00fcr alle Kultursubstrate<\/em>: CANNABOOST ist ein universeller Bl\u00fchstimulator und kann mit jedem Anbausystem und jedem N\u00e4hrstoff verwendet werden, ohne Ausnahme. Ob Sie nun Erde, Hydrokultur oder ein anderes Medium verwenden, CANNABOOST passt perfekt in Ihre Anbaupraxis.<\/p>\n<\/li>\n<li data-mce-fragment=\"1\">\n<p data-mce-fragment=\"1\"><em data-mce-fragment=\"1\">Bessere Reifung und gest\u00e4rktes Immunsystem<\/em>: CANNABOOST f\u00f6rdert eine gleichm\u00e4\u00dfige Fruchtentwicklung und hilft, die Bl\u00fcte kraftvoll zu beenden. Dank der verbesserten Energieregulierung wird Ihre Pflanze gen\u00fcgend Kraft haben, um Krankheiten zu widerstehen, was f\u00fcr eine erfolgreiche Ernte unerl\u00e4sslich ist.<\/p>\n<\/li>\n<\/ul>\n<p data-mce-fragment=\"1\">Entfesseln Sie das wahre Potenzial Ihrer Pflanzen mit CANNABOOST Accelerator. Erleben Sie \u00fcppige, geschmackvolle Fr\u00fcchte und eine Ernte von au\u00dfergew\u00f6hnlicher Qualit\u00e4t. Beginnen Sie noch heute, Ihre Anbauergebnisse zu verbessern und entdecken Sie die Geheimnisse des erfolgreichen Anbaus mit CANNABOOST Accelerator!<\/p>\n","protected":false},"excerpt":{"rendered":"<p>Entdecken Sie CANNABOOST Accelerator, den geheimen Schl\u00fcssel zu gro\u00dfen, geschmackvollen Fr\u00fcchten f\u00fcr Ihre Pflanzen. Dieser leistungsstarke Zusatzstoff geht \u00fcber die herk\u00f6mmlichen Booster hinaus, indem er nicht nur die Ertr\u00e4ge erh\u00f6ht, sondern auch die Qualit\u00e4t Ihrer Ernte verbessert.<\/p>\n","protected":false},"featured_media":24935,"template":"","meta":[],"product_brand":[],"product_cat":[538],"product_tag":[],"class_list":{"0":"post-29817","1":"product","2":"type-product","3":"status-publish","4":"has-post-thumbnail","6":"product_cat-canna-de","8":"first","9":"instock","10":"taxable","11":"shipping-taxable","12":"purchasable","13":"product-type-simple"},"_links":{"self":[{"href":"https:\/\/greendisc.dev-project.digital\/de\/wp-json\/wp\/v2\/product\/29817","targetHints":{"allow":["GET"]}}],"collection":[{"href":"https:\/\/greendisc.dev-project.digital\/de\/wp-json\/wp\/v2\/product"}],"about":[{"href":"https:\/\/greendisc.dev-project.digital\/de\/wp-json\/wp\/v2\/types\/product"}],"version-history":[{"count":0,"href":"https:\/\/greendisc.dev-project.digital\/de\/wp-json\/wp\/v2\/product\/29817\/revisions"}],"wp:featuredmedia":[{"embeddable":true,"href":"https:\/\/greendisc.dev-project.digital\/de\/wp-json\/wp\/v2\/media\/24935"}],"wp:attachment":[{"href":"https:\/\/greendisc.dev-project.digital\/de\/wp-json\/wp\/v2\/media?parent=29817"}],"wp:term":[{"taxonomy":"product_brand","embeddable":true,"href":"https:\/\/greendisc.dev-project.digital\/de\/wp-json\/wp\/v2\/product_brand?post=29817"},{"taxonomy":"product_cat","embeddable":true,"href":"https:\/\/greendisc.dev-project.digital\/de\/wp-json\/wp\/v2\/product_cat?post=29817"},{"taxonomy":"product_tag","embeddable":true,"href":"https:\/\/greendisc.dev-project.digital\/de\/wp-json\/wp\/v2\/product_tag?post=29817"}],"curies":[{"name":"wp","href":"https:\/\/api.w.org\/{rel}","templated":true}]}}