 {"id":29816,"date":"2023-11-14T12:21:49","date_gmt":"2023-11-14T11:21:49","guid":{"rendered":"https:\/\/greendisc.dev-project.digital\/\/product\/canna-pk-13-14-1-ltr\/"},"modified":"2024-12-16T09:32:54","modified_gmt":"2024-12-16T08:32:54","slug":"canna-pk-13-14-1-ltr","status":"publish","type":"product","link":"https:\/\/greendisc.dev-project.digital\/de\/produkt\/canna-pk-13-14-1-ltr\/","title":{"rendered":"Canna PK 13\/14 1 ltr."},"content":{"rendered":"<p data-mce-fragment=\"1\">Entdecken Sie CANNA PK 13\/14, die L\u00f6sung f\u00fcr alle, die schwere, \u00fcppige Fr\u00fcchte anbauen m\u00f6chten. Diese hochwertige Phosphor-Kalium-Mischung von CANNA stimuliert kraftvoll die Bl\u00fcte und Fruchtbildung. Wenn Sie diesen einfach anzuwendenden Zusatzstoff nur eine Woche lang zum richtigen Zeitpunkt zu Ihrer N\u00e4hrl\u00f6sung hinzuf\u00fcgen, erzielen Sie erstaunliche Ergebnisse.<\/p>\n<p data-mce-fragment=\"1\"><strong data-mce-fragment=\"1\">Vorteile von CANNA PK 13\/14:<\/strong><\/p>\n<ul data-mce-fragment=\"1\">\n<li data-mce-fragment=\"1\">\n<p data-mce-fragment=\"1\"><em data-mce-fragment=\"1\">Reine Stimulation der Bl\u00fcte<\/em>: Reich an reinem Phosphor und Kalium, spielt diese Mischung eine entscheidende Rolle in der generativen Phase der Pflanzen. Phosphor f\u00f6rdert die Zellbildung in den Bl\u00fcten, w\u00e4hrend Kalium f\u00fcr den Wassertransport, die N\u00e4hrstoffaufnahme und die Zuckerproduktion w\u00e4hrend der Bl\u00fcte unerl\u00e4sslich ist.<\/p>\n<\/li>\n<li data-mce-fragment=\"1\">\n<p data-mce-fragment=\"1\"><em data-mce-fragment=\"1\">Perfekte Kombination mit CANNABOOST<\/em>: Wenn der Bedarf an Phosphor und Kalium Spitzenwerte erreicht, bietet PK 13\/14 die ideale L\u00f6sung. In Kombination mit CANNABOOST verbessert es nicht nur den Stoffwechsel, sondern sorgt auch f\u00fcr eine maximale Bl\u00fcte und Fruchtentwicklung.<\/p>\n<\/li>\n<li data-mce-fragment=\"1\">\n<p data-mce-fragment=\"1\"><em data-mce-fragment=\"1\">F\u00fcr jedes Medium geeignet<\/em>: PK 13\/14 passt perfekt zu verschiedenen Kultursubstraten, darunter Erde, Kreislaufsysteme, Kokosnuss und Run-to-Waste-Systeme. Ganz gleich, ob Sie drinnen oder drau\u00dfen anbauen, dieser Zusatz ist vielseitig einsetzbar.<\/p>\n<\/li>\n<\/ul>\n<p data-mce-fragment=\"1\">Geben Sie Ihren Pflanzen das, was sie in ihrer Hauptwachstumsphase brauchen. CANNA PK 13\/14 optimiert nicht nur den Ertrag, sondern verbessert auch die Qualit\u00e4t Ihrer Ernte. Erleben Sie die Kraft dieses Bl\u00fchstimulators und genie\u00dfen Sie schon bald beeindruckende, schwere Fr\u00fcchte. Entdecken Sie die Geheimnisse des erfolgreichen Anbaus mit CANNA PK 13\/14!<\/p>\n","protected":false},"excerpt":{"rendered":"<p>Entdecken Sie CANNA PK 13\/14, die L\u00f6sung f\u00fcr alle, die schwere, \u00fcppige Fr\u00fcchte anbauen m\u00f6chten. Diese hochwertige Phosphor-Kalium-Mischung von CANNA stimuliert kraftvoll die Bl\u00fcte und Fruchtbildung.<\/p>\n","protected":false},"featured_media":24957,"template":"","meta":[],"product_brand":[],"product_cat":[538],"product_tag":[],"class_list":{"0":"post-29816","1":"product","2":"type-product","3":"status-publish","4":"has-post-thumbnail","6":"product_cat-canna-de","8":"first","9":"instock","10":"taxable","11":"shipping-taxable","12":"purchasable","13":"product-type-simple"},"_links":{"self":[{"href":"https:\/\/greendisc.dev-project.digital\/de\/wp-json\/wp\/v2\/product\/29816","targetHints":{"allow":["GET"]}}],"collection":[{"href":"https:\/\/greendisc.dev-project.digital\/de\/wp-json\/wp\/v2\/product"}],"about":[{"href":"https:\/\/greendisc.dev-project.digital\/de\/wp-json\/wp\/v2\/types\/product"}],"version-history":[{"count":0,"href":"https:\/\/greendisc.dev-project.digital\/de\/wp-json\/wp\/v2\/product\/29816\/revisions"}],"wp:featuredmedia":[{"embeddable":true,"href":"https:\/\/greendisc.dev-project.digital\/de\/wp-json\/wp\/v2\/media\/24957"}],"wp:attachment":[{"href":"https:\/\/greendisc.dev-project.digital\/de\/wp-json\/wp\/v2\/media?parent=29816"}],"wp:term":[{"taxonomy":"product_brand","embeddable":true,"href":"https:\/\/greendisc.dev-project.digital\/de\/wp-json\/wp\/v2\/product_brand?post=29816"},{"taxonomy":"product_cat","embeddable":true,"href":"https:\/\/greendisc.dev-project.digital\/de\/wp-json\/wp\/v2\/product_cat?post=29816"},{"taxonomy":"product_tag","embeddable":true,"href":"https:\/\/greendisc.dev-project.digital\/de\/wp-json\/wp\/v2\/product_tag?post=29816"}],"curies":[{"name":"wp","href":"https:\/\/api.w.org\/{rel}","templated":true}]}}