 {"id":29807,"date":"2023-11-14T12:21:43","date_gmt":"2023-11-14T11:21:43","guid":{"rendered":"https:\/\/greendisc.dev-project.digital\/\/product\/canna-cocos-ab-5-ltr\/"},"modified":"2024-12-16T09:32:52","modified_gmt":"2024-12-16T08:32:52","slug":"canna-cocos-ab-5-ltr","status":"publish","type":"product","link":"https:\/\/greendisc.dev-project.digital\/de\/produkt\/canna-cocos-ab-5-ltr\/","title":{"rendered":"Canna Cocos A&amp;B 5 ltr."},"content":{"rendered":"<p data-mce-fragment=\"1\">CANNA Coco A&amp;B: Der perfekte D\u00fcnger f\u00fcr Kokosnusssubstrate<\/p>\n<p data-mce-fragment=\"1\">CANNA Coco A&amp;B bietet eine professionelle und schnelle D\u00fcngerl\u00f6sung f\u00fcr den Anbau von Pflanzen in Coco. Diese einzigartige Formel enth\u00e4lt alle wesentlichen Elemente, die f\u00fcr ein optimales Wachstum und eine optimale Bl\u00fcte Ihrer Pflanzen erforderlich sind. Das Besondere an CANNA Coco A&amp;B ist das speziell entwickelte Kokossubstrat, das keine separaten Vega- und Flores-Varianten erfordert. So genie\u00dfen Sie den Komfort einer einzigen Formulierung, die sowohl f\u00fcr die Wachstums- als auch f\u00fcr die Bl\u00fctephase geeignet ist. Einfacher geht es nicht mehr!<\/p>\n<p data-mce-fragment=\"1\"><strong data-mce-fragment=\"1\">Was macht CANNA Coco A&amp;B so besonders?<\/strong><\/p>\n<ul data-mce-fragment=\"1\">\n<li data-mce-fragment=\"1\">\n<p data-mce-fragment=\"1\"><em data-mce-fragment=\"1\">Optimale N\u00e4hrstoffversorgung<\/em>: CANNA hat jahrelang an der Erforschung von Blumenerde, Drainage und Blattanalysen gearbeitet, um einen D\u00fcnger zu entwickeln, der perfekt auf die Eigenschaften von Kokossubstraten abgestimmt ist. CANNA Coco besteht aus hochwertigen Mineralien und enth\u00e4lt nat\u00fcrliche Chelate, Humins\u00e4uren und Fulvos\u00e4uren. Diese Elemente sorgen f\u00fcr eine optimale Aufnahme der N\u00e4hrstoffe durch die Pflanze, was zu explosivem Wachstum und \u00fcppiger Bl\u00fcte f\u00fchrt.<\/p>\n<\/li>\n<li data-mce-fragment=\"1\">\n<p data-mce-fragment=\"1\"><em data-mce-fragment=\"1\">Warum A &amp; B Nutrition?<\/em>: CANNA Coco Pflanzennahrung besteht aus zwei Teilen, A und B. Diese Teile sind absichtlich getrennt. Die Mengen an Kalzium und Phosphat, die erforderlich sind, damit der N\u00e4hrstoff effektiv wirken kann, sind hoch konzentriert. Wenn diese Elemente in einer Flasche gemischt werden, k\u00f6nnen sie zusammenklumpen. Wenn Sie die A- und B-Komponenten getrennt halten und nur beim Mischen mit dem Wasser im N\u00e4hrstofftank mischen, werden diese Probleme vermieden.<\/p>\n<\/li>\n<\/ul>\n<p data-mce-fragment=\"1\">Z\u00fcchter auf der ganzen Welt vertrauen CANNA Coco A&amp;B seit Jahren aufgrund der beeindruckenden Ergebnisse, die es erzielt. \u00dcberzeugen Sie sich selbst von den Vorteilen dieses fortschrittlichen D\u00fcngers und geben Sie Ihren Pflanzen die N\u00e4hrstoffe, die sie f\u00fcr gesundes Wachstum und Bl\u00fcte in Kokossubstraten ben\u00f6tigen. Entdecken Sie CANNA Coco A&amp;B noch heute und optimieren Sie Ihren Anbauprozess mit dem besten D\u00fcnger seiner Art.<\/p>\n","protected":false},"excerpt":{"rendered":"<p>CANNA Coco A&#038;B: Der perfekte D\u00fcnger f\u00fcr Kokosnusssubstrate CANNA Coco A&amp;B bietet eine professionelle und schnelle D\u00fcngerl\u00f6sung f\u00fcr den Anbau von Pflanzen in Coco.<\/p>\n","protected":false},"featured_media":24947,"template":"","meta":[],"product_brand":[],"product_cat":[538],"product_tag":[],"class_list":{"0":"post-29807","1":"product","2":"type-product","3":"status-publish","4":"has-post-thumbnail","6":"product_cat-canna-de","8":"first","9":"instock","10":"taxable","11":"shipping-taxable","12":"purchasable","13":"product-type-simple"},"_links":{"self":[{"href":"https:\/\/greendisc.dev-project.digital\/de\/wp-json\/wp\/v2\/product\/29807","targetHints":{"allow":["GET"]}}],"collection":[{"href":"https:\/\/greendisc.dev-project.digital\/de\/wp-json\/wp\/v2\/product"}],"about":[{"href":"https:\/\/greendisc.dev-project.digital\/de\/wp-json\/wp\/v2\/types\/product"}],"version-history":[{"count":0,"href":"https:\/\/greendisc.dev-project.digital\/de\/wp-json\/wp\/v2\/product\/29807\/revisions"}],"wp:featuredmedia":[{"embeddable":true,"href":"https:\/\/greendisc.dev-project.digital\/de\/wp-json\/wp\/v2\/media\/24947"}],"wp:attachment":[{"href":"https:\/\/greendisc.dev-project.digital\/de\/wp-json\/wp\/v2\/media?parent=29807"}],"wp:term":[{"taxonomy":"product_brand","embeddable":true,"href":"https:\/\/greendisc.dev-project.digital\/de\/wp-json\/wp\/v2\/product_brand?post=29807"},{"taxonomy":"product_cat","embeddable":true,"href":"https:\/\/greendisc.dev-project.digital\/de\/wp-json\/wp\/v2\/product_cat?post=29807"},{"taxonomy":"product_tag","embeddable":true,"href":"https:\/\/greendisc.dev-project.digital\/de\/wp-json\/wp\/v2\/product_tag?post=29807"}],"curies":[{"name":"wp","href":"https:\/\/api.w.org\/{rel}","templated":true}]}}