 {"id":29805,"date":"2023-11-14T12:21:40","date_gmt":"2023-11-14T11:21:40","guid":{"rendered":"https:\/\/greendisc.dev-project.digital\/\/product\/canna-cannazym-1-ltr\/"},"modified":"2024-12-16T09:32:51","modified_gmt":"2024-12-16T08:32:51","slug":"canna-cannazym-1-ltr","status":"publish","type":"product","link":"https:\/\/greendisc.dev-project.digital\/de\/produkt\/canna-cannazym-1-ltr\/","title":{"rendered":"Canna Cannazym 1 ltr."},"content":{"rendered":"<p data-mce-fragment=\"1\">Entdecken Sie CANNAZYM, das hochwertige Enzymprodukt, das f\u00fcr ein gesundes Wurzelsystem Ihrer Pflanzen unerl\u00e4sslich ist. CANNAZYM hilft, abgestorbene Wurzelreste abzubauen, sie in wertvolle N\u00e4hrstoffe umzuwandeln und so Infektionen durch F\u00e4ulnis und Pilze zu verhindern. Dieses leistungsstarke Enzymprodukt bietet zahlreiche Vorteile f\u00fcr Ihre Pflanzen w\u00e4hrend des gesamten Wachstumszyklus.<\/p>\n<p data-mce-fragment=\"1\"><strong data-mce-fragment=\"1\">Vorteile von CANNAZYM:<\/strong><\/p>\n<ul data-mce-fragment=\"1\">\n<li data-mce-fragment=\"1\">\n<p data-mce-fragment=\"1\"><em data-mce-fragment=\"1\">Verhindert F\u00e4ulnis und Pilze<\/em>: Abgestorbene Wurzelreste sind eine Nahrungsquelle f\u00fcr krankheitserregende Bakterien und Pilze. CANNAZYM beugt Infektionen vor, indem es diese Bedrohungen bek\u00e4mpft, die Bildung von Toxinen minimiert und das Krankheitsrisiko verringert.<\/p>\n<\/li>\n<li data-mce-fragment=\"1\">\n<p data-mce-fragment=\"1\"><em data-mce-fragment=\"1\">Baut Abfallstoffe ab<\/em>: CANNAZYM wandelt abgestorbenes Pflanzenmaterial schnell in Mineralien und Zucker um. Dies kommt den guten Bakterien zugute, die bei der Aufnahme von N\u00e4hrstoffen helfen und die Wurzeln vor Pilzen sch\u00fctzen.<\/p>\n<\/li>\n<li data-mce-fragment=\"1\">\n<p data-mce-fragment=\"1\"><em data-mce-fragment=\"1\">Stimuliert ein besseres Wurzelwachstum<\/em>: Die Beseitigung abgestorbener Wurzeln sorgt f\u00fcr ein besseres Luft-Wasser-Verh\u00e4ltnis. Lebende Wurzeln erhalten mehr Sauerstoff und Platz, was zu einem ges\u00fcnderen Wurzelsystem und letztlich zu einer vitaleren Pflanze und besseren Ertr\u00e4gen f\u00fchrt.<\/p>\n<\/li>\n<li data-mce-fragment=\"1\">\n<p data-mce-fragment=\"1\"><em data-mce-fragment=\"1\">Optimale Bel\u00fcftung<\/em>: CANNAZYM verbessert das Bodenmilieu und sorgt f\u00fcr einen ausgeglichenen Wasserhaushalt und Luftigkeit in der Wurzelzone, was f\u00fcr ein gesundes Pflanzenwachstum unerl\u00e4sslich ist.<\/p>\n<\/li>\n<li data-mce-fragment=\"1\">\n<p data-mce-fragment=\"1\"><em data-mce-fragment=\"1\">Verbesserte N\u00e4hrstoffaufnahme<\/em>: CANNAZYM enth\u00e4lt mehr als 12 verschiedene Arten von Enzymen, erg\u00e4nzt mit Vitaminen und Extrakten von W\u00fcstenpflanzen. Diese Elemente verbessern die N\u00e4hrstoffaufnahme und stimulieren das Abwehrsystem der Pflanze.<\/p>\n<\/li>\n<\/ul>\n<p data-mce-fragment=\"1\">Geben Sie Ihren Pflanzen mit CANNAZYM den Vorteil, den sie verdienen. Investieren Sie in ein gesundes Wurzelsystem und ernten Sie die Vorteile eines vitalen und \u00fcppigen Wachstums. Kaufen Sie CANNAZYM noch heute und geben Sie Ihren Pflanzen die beste Grundlage f\u00fcr erfolgreiches Wachstum und Bl\u00fcte.<\/p>\n","protected":false},"excerpt":{"rendered":"<p>Entdecken Sie CANNAZYM, das hochwertige Enzymprodukt, das f\u00fcr ein gesundes Wurzelsystem Ihrer Pflanzen unerl\u00e4sslich ist. CANNAZYM hilft, abgestorbene Wurzelreste abzubauen, sie in wertvolle N\u00e4hrstoffe umzuwandeln und so Infektionen durch F\u00e4ulnis und Pilze zu verhindern. <\/p>\n","protected":false},"featured_media":24939,"template":"","meta":[],"product_brand":[],"product_cat":[538],"product_tag":[],"class_list":{"0":"post-29805","1":"product","2":"type-product","3":"status-publish","4":"has-post-thumbnail","6":"product_cat-canna-de","8":"first","9":"instock","10":"taxable","11":"shipping-taxable","12":"purchasable","13":"product-type-simple"},"_links":{"self":[{"href":"https:\/\/greendisc.dev-project.digital\/de\/wp-json\/wp\/v2\/product\/29805","targetHints":{"allow":["GET"]}}],"collection":[{"href":"https:\/\/greendisc.dev-project.digital\/de\/wp-json\/wp\/v2\/product"}],"about":[{"href":"https:\/\/greendisc.dev-project.digital\/de\/wp-json\/wp\/v2\/types\/product"}],"version-history":[{"count":0,"href":"https:\/\/greendisc.dev-project.digital\/de\/wp-json\/wp\/v2\/product\/29805\/revisions"}],"wp:featuredmedia":[{"embeddable":true,"href":"https:\/\/greendisc.dev-project.digital\/de\/wp-json\/wp\/v2\/media\/24939"}],"wp:attachment":[{"href":"https:\/\/greendisc.dev-project.digital\/de\/wp-json\/wp\/v2\/media?parent=29805"}],"wp:term":[{"taxonomy":"product_brand","embeddable":true,"href":"https:\/\/greendisc.dev-project.digital\/de\/wp-json\/wp\/v2\/product_brand?post=29805"},{"taxonomy":"product_cat","embeddable":true,"href":"https:\/\/greendisc.dev-project.digital\/de\/wp-json\/wp\/v2\/product_cat?post=29805"},{"taxonomy":"product_tag","embeddable":true,"href":"https:\/\/greendisc.dev-project.digital\/de\/wp-json\/wp\/v2\/product_tag?post=29805"}],"curies":[{"name":"wp","href":"https:\/\/api.w.org\/{rel}","templated":true}]}}