 {"id":29791,"date":"2023-11-14T12:21:52","date_gmt":"2023-11-14T11:21:52","guid":{"rendered":"https:\/\/greendisc.dev-project.digital\/\/product\/canna-rhizotonic-5-ltr\/"},"modified":"2024-12-16T09:32:47","modified_gmt":"2024-12-16T08:32:47","slug":"canna-rhizotonic-5-ltr","status":"publish","type":"product","link":"https:\/\/greendisc.dev-project.digital\/de\/produkt\/canna-rhizotonic-5-ltr\/","title":{"rendered":"Canna Rhizotonic 5 ltr."},"content":{"rendered":"<p data-mce-fragment=\"1\">Entdecken Sie CANNA RHIZOTONIC, den leistungsstarken vegetativen Stimulator auf Algenbasis, der f\u00fcr ein gesundes und ausgedehntes Wurzelsystem bei Pflanzen sorgt. Diese nat\u00fcrliche Formel stimuliert aktiv das Wurzelwachstum und enth\u00e4lt mehr als 60 mikrobiologische Verbindungen, die ein ausgeglichenes Wurzelumfeld beschleunigen. RHIZOTONIC wurde entwickelt, um die Pflanzen in den ersten Wochen zu st\u00e4rken und bietet eine Reihe von Vorteilen, die f\u00fcr ein kr\u00e4ftiges Pflanzenwachstum unerl\u00e4sslich sind.<\/p>\n<p data-mce-fragment=\"1\"><strong data-mce-fragment=\"1\">Vorteile von CANNA RHIZOTONIC:<\/strong><\/p>\n<ul data-mce-fragment=\"1\">\n<li data-mce-fragment=\"1\">\n<p data-mce-fragment=\"1\"><em data-mce-fragment=\"1\">Stimuliert das Wurzelwachstum<\/em>: RHIZOTONIC vitalisiert das Wurzelwachstum und f\u00f6rdert die Entwicklung von starken, wei\u00dfen Wurzeln. Die enthaltenen Spurenelemente und Vitamine, wie B1 &amp; B2, f\u00f6rdern die Hormonproduktion, so dass sich die Pflanze gesund entwickelt und weniger anf\u00e4llig f\u00fcr Krankheiten ist.<\/p>\n<\/li>\n<li data-mce-fragment=\"1\">\n<p data-mce-fragment=\"1\"><em data-mce-fragment=\"1\">Reduziert Stress<\/em>: Gr\u00f6\u00dfere Ver\u00e4nderungen wie Transport, Umtopfen und Beschneiden k\u00f6nnen Stress verursachen, der das Wachstum verlangsamt und die Widerstandsf\u00e4higkeit verringert. RHIZOTONIC hilft der Pflanze, sich schnell zu erholen und das Wachstum fast sofort wieder aufzunehmen.<\/p>\n<\/li>\n<li data-mce-fragment=\"1\">\n<p data-mce-fragment=\"1\"><em data-mce-fragment=\"1\">Nat\u00fcrliche Abwehr<\/em>: RHIZOTONIC basiert auf mineralstoffreichen Algen aus dem Arktischen Ozean und unterst\u00fctzt die nat\u00fcrliche Abwehr der Pflanze auf zellul\u00e4rer Ebene. Er enth\u00e4lt Kohlenhydrate, die die nat\u00fcrlichen Abwehrkr\u00e4fte der Pflanze st\u00e4rken.<\/p>\n<\/li>\n<li data-mce-fragment=\"1\">\n<p data-mce-fragment=\"1\"><em data-mce-fragment=\"1\">Sofort resorbierbar, immer anwendbar<\/em>: RHIZOTONIC ist sofort resorbierbar und hinterl\u00e4sst keine R\u00fcckst\u00e4nde. Es kann in verschiedenen Kultursubstraten verwendet werden, darunter Blumenerde, Kokosfasern und Hydrokulturen, und zwar w\u00e4hrend des gesamten Wachstumszyklus, von der Aussaat bis zur Ernte.<\/p>\n<\/li>\n<\/ul>\n<p data-mce-fragment=\"1\"><strong data-mce-fragment=\"1\">Tipps zur Verwendung:<\/strong><\/p>\n<ul data-mce-fragment=\"1\">\n<li data-mce-fragment=\"1\">\n<p data-mce-fragment=\"1\"><em data-mce-fragment=\"1\">Optimaler pH-Wert<\/em>: Achten Sie auf den richtigen pH-Wert des N\u00e4hrwassers und verwenden Sie RHIZOTONIC, um ihn bei Bedarf f\u00fcr eine optimale N\u00e4hrstoffaufnahme anzupassen.<\/p>\n<\/li>\n<li data-mce-fragment=\"1\">\n<p data-mce-fragment=\"1\"><em data-mce-fragment=\"1\">Blattspritzen<\/em>: RHIZOTONIC kann f\u00fcr eine effiziente Aufnahme \u00fcber die Bl\u00e4tter gespr\u00fcht werden.<\/p>\n<\/li>\n<li data-mce-fragment=\"1\">\n<p data-mce-fragment=\"1\"><em data-mce-fragment=\"1\">Samen einweichen<\/em>: Verd\u00fcnnen Sie RHIZOTONIC (40 ml\/Liter), um die Samen einzuweichen. Das macht die Samenschale weicher und erleichtert die Keimung.<\/p>\n<\/li>\n<\/ul>\n<p data-mce-fragment=\"1\">Mit CANNA RHIZOTONIC geben Sie Ihren Pflanzen den besten Start und Unterst\u00fctzung f\u00fcr ein gesundes, kr\u00e4ftiges Wachstum. Erleben Sie die Kraft der nat\u00fcrlichen Stimulation und genie\u00dfen Sie schon bald sch\u00f6ne, kr\u00e4ftige Pflanzen!<\/p>\n","protected":false},"excerpt":{"rendered":"<p>Entdecken Sie CANNA RHIZOTONIC, den leistungsstarken vegetativen Stimulator auf Algenbasis, der f\u00fcr ein gesundes und ausgedehntes Wurzelsystem bei Pflanzen sorgt.<\/p>\n","protected":false},"featured_media":24963,"template":"","meta":[],"product_brand":[],"product_cat":[538],"product_tag":[],"class_list":{"0":"post-29791","1":"product","2":"type-product","3":"status-publish","4":"has-post-thumbnail","6":"product_cat-canna-de","8":"first","9":"instock","10":"taxable","11":"shipping-taxable","12":"purchasable","13":"product-type-simple"},"_links":{"self":[{"href":"https:\/\/greendisc.dev-project.digital\/de\/wp-json\/wp\/v2\/product\/29791","targetHints":{"allow":["GET"]}}],"collection":[{"href":"https:\/\/greendisc.dev-project.digital\/de\/wp-json\/wp\/v2\/product"}],"about":[{"href":"https:\/\/greendisc.dev-project.digital\/de\/wp-json\/wp\/v2\/types\/product"}],"version-history":[{"count":0,"href":"https:\/\/greendisc.dev-project.digital\/de\/wp-json\/wp\/v2\/product\/29791\/revisions"}],"wp:featuredmedia":[{"embeddable":true,"href":"https:\/\/greendisc.dev-project.digital\/de\/wp-json\/wp\/v2\/media\/24963"}],"wp:attachment":[{"href":"https:\/\/greendisc.dev-project.digital\/de\/wp-json\/wp\/v2\/media?parent=29791"}],"wp:term":[{"taxonomy":"product_brand","embeddable":true,"href":"https:\/\/greendisc.dev-project.digital\/de\/wp-json\/wp\/v2\/product_brand?post=29791"},{"taxonomy":"product_cat","embeddable":true,"href":"https:\/\/greendisc.dev-project.digital\/de\/wp-json\/wp\/v2\/product_cat?post=29791"},{"taxonomy":"product_tag","embeddable":true,"href":"https:\/\/greendisc.dev-project.digital\/de\/wp-json\/wp\/v2\/product_tag?post=29791"}],"curies":[{"name":"wp","href":"https:\/\/api.w.org\/{rel}","templated":true}]}}